{"id":717800,"date":"2025-08-27T18:00:09","date_gmt":"2025-08-27T15:00:09","guid":{"rendered":"https:\/\/roveyayinevi.com.tr\/index.php\/urun\/geekerella\/"},"modified":"2026-04-16T02:25:53","modified_gmt":"2026-04-15T23:25:53","slug":"geekerella","status":"publish","type":"product","link":"https:\/\/roveyayinevi.com.tr\/index.php\/urun\/geekerella\/","title":{"rendered":"Geekerella"},"content":{"rendered":"<p>Y\u0131ld\u0131z \u0131\u015f\u0131\u011f\u0131m, bu gece istedi\u011fin herkes olabilirsin..Elle Wittimer, babas\u0131n\u0131 kaybettikten sonra i\u00e7ine d\u00fc\u015ft\u00fc\u011f\u00fc cehennemden sadece Y\u0131ld\u0131zalan\u0131 ile ka\u00e7abilen ger\u00e7ek bir geekti. Yeni \u00e7\u0131kacak olan filmin tan\u0131t\u0131m\u0131 i\u00e7in yap\u0131lacak kost\u00fcm yar\u0131\u015fmas\u0131n\u0131 g\u00f6rd\u00fc\u011f\u00fcnde, kaderinin onu \u00e7a\u011f\u0131rd\u0131\u011f\u0131n\u0131 hissetti. Sihirli Balkaba\u011f\u0131\u2019na, biraz tuhaf olsa da bir arkada\u015fa ve bir \u00e7ift cam ayakkab\u0131ya ihtiyac\u0131 vard\u0131.Ayn\u0131 anda gen\u00e7 akt\u00f6r Darien Freeman, sinirli bir hayran taraf\u0131ndan \u201c\u00e7ekici bir sersem\u201d olarak yaftalanmadan \u00f6nce hayat\u0131n\u0131n rol\u00fcn\u00fc ald\u0131\u011f\u0131n\u0131 d\u00fc\u015f\u00fcn\u00fcyordu. B\u00fcy\u00fck g\u00fcn yakla\u015ft\u0131k\u00e7a kendini daha da fazla sahte hissetmeye ba\u015flam\u0131\u015ft\u0131, ta ki onu aksine inand\u0131racak bir k\u0131zla kar\u015f\u0131la\u015fana kadar.Saatler gece yar\u0131s\u0131n\u0131 vurdu\u011funda, ger\u00e7ek hayatta masallar mutlu sonla biter miydi?\u201cSindirella masal\u0131n\u0131n en geek uyarlamas\u0131.\u201d Hypable\u201cYemek arabas\u0131ndaki peri anne, Uzay Yolu ve Firefly g\u00f6ndermeleri, kost\u00fcm yar\u0131\u015fmalar\u0131\u2026 Hi\u00e7bir geek bunu ka\u00e7\u0131rmak istemez.\u201d Booklist\u201cMutlu sonlar\u0131n ve hayran k\u00fclt\u00fcr\u00fcn\u00fcn kesi\u015fimi.\u201d Publishers Weekly\u201cHayran k\u00fclt\u00fcr\u00fcn\u00fc, bilimkurguyu ve romantizmi muhte\u015fem bir \u015fekilde harmanlayan Geekerella\u2019y\u0131 okuyan herkes, i\u00e7indeki hayran k\u0131z\u0131 ke\u015ffedecek.\u201d Justine\u201cBir kitapta olmas\u0131 gereken her \u015fey Geekerella\u2019da var. G\u00fcn\u00fcm\u00fcz gen\u00e7 yeti\u015fkin edebiyat\u0131n\u0131 takip eden herkesin mutlaka okumas\u0131 gerekiyor.\u201d New York Journal of Books\u201cE\u011flenceli, komik ve ef-sa-ne! Elle ve Dairen daha ilk sayfadan kalbimi \u00e7ald\u0131.\u201dSARAH AHIERS\u201cPeri masallar\u0131 ve hayran kitleleri, olabilecek en e\u011flenceli, en samimi ve en sevimli bi\u00e7imiyle bu romantik komedide birle\u015fiyor.\u201d Bustle<\/p>\n","protected":false},"excerpt":{"rendered":"<p>Y\u0131ld\u0131z \u0131\u015f\u0131\u011f\u0131m, bu gece istedi\u011fin herkes olabilirsin..Elle Wittimer, babas\u0131n\u0131 kaybettikten sonra i\u00e7ine d\u00fc\u015ft\u00fc\u011f\u00fc cehennemden sadece Y\u0131ld\u0131zalan\u0131 ile ka\u00e7abilen ger\u00e7ek bir geekti. Yeni \u00e7\u0131kacak olan filmin tan\u0131t\u0131m\u0131<span class=\"excerpt-hellip\"> [\u2026]<\/span><\/p>\n","protected":false},"featured_media":0,"template":"","meta":{"_monsterinsights_skip_tracking":false,"_monsterinsights_sitenote_active":false,"_monsterinsights_sitenote_note":"","_monsterinsights_sitenote_category":0},"product_brand":[],"product_cat":[14643,12291],"product_tag":[],"class_list":{"0":"post-717800","1":"product","2":"type-product","3":"status-publish","5":"product_cat-ask","6":"product_cat-edebiyat","7":"pa_cilt-ciltsiz","8":"pa_tur-kitap","9":"pa_yayinevi-yabanci-yayinevi","10":"pa_yazar-ashley-poston","12":"first","13":"instock","14":"sale","15":"shipping-taxable","16":"purchasable","17":"product-type-simple"},"_links":{"self":[{"href":"https:\/\/roveyayinevi.com.tr\/index.php\/wp-json\/wp\/v2\/product\/717800","targetHints":{"allow":["GET"]}}],"collection":[{"href":"https:\/\/roveyayinevi.com.tr\/index.php\/wp-json\/wp\/v2\/product"}],"about":[{"href":"https:\/\/roveyayinevi.com.tr\/index.php\/wp-json\/wp\/v2\/types\/product"}],"wp:attachment":[{"href":"https:\/\/roveyayinevi.com.tr\/index.php\/wp-json\/wp\/v2\/media?parent=717800"}],"wp:term":[{"taxonomy":"product_brand","embeddable":true,"href":"https:\/\/roveyayinevi.com.tr\/index.php\/wp-json\/wp\/v2\/product_brand?post=717800"},{"taxonomy":"product_cat","embeddable":true,"href":"https:\/\/roveyayinevi.com.tr\/index.php\/wp-json\/wp\/v2\/product_cat?post=717800"},{"taxonomy":"product_tag","embeddable":true,"href":"https:\/\/roveyayinevi.com.tr\/index.php\/wp-json\/wp\/v2\/product_tag?post=717800"}],"curies":[{"name":"wp","href":"https:\/\/api.w.org\/{rel}","templated":true}]}}