{"id":717796,"date":"2025-08-27T18:00:07","date_gmt":"2025-08-27T15:00:07","guid":{"rendered":"https:\/\/roveyayinevi.com.tr\/index.php\/urun\/keyfekader-kahvesi\/"},"modified":"2026-04-16T02:25:53","modified_gmt":"2026-04-15T23:25:53","slug":"keyfekader-kahvesi","status":"publish","type":"product","link":"https:\/\/roveyayinevi.com.tr\/index.php\/urun\/keyfekader-kahvesi\/","title":{"rendered":"Keyfekader Kahvesi"},"content":{"rendered":"<p>Bir yazar\u0131n ilk kitab\u0131n\u0131 dikkatle inceleyen \u201c\u00f6rnek okur\u201d, orada onun kalan \u00f6mr\u00fc boyunca yazd\u0131klar\u0131n\u0131n izlerini de bulabilir. Keyfe kader Kahvesi i\u015fte bu y\u00fczden Aykut Ertu\u011frul\u2019un, \u00f6yk\u00fclerinde etraf\u0131nda dola\u015f\u0131p durdu\u011fu temalar\u0131n en saf halde bulunabilece\u011fi kitapt\u0131r. Labirentler, birbirine bakan aynalar, Do\u011fu ve Bat\u0131 edebiyat\u0131n\u0131n klasik metinleriyle kurulan akrabal\u0131k ba\u011flar\u0131, kahramanl\u0131k, delili\u011fin s\u0131n\u0131rlar\u0131, r\u00fcyalar ve b\u00fct\u00fcn bu hikayeleri bir sis gibi ku\u015fatan \u00f6l\u00fcm, ayr\u0131l\u0131k ve kader&#8230; \u201cHamle s\u0131ras\u0131 bende! Ba\u015f\u0131ndan beri ka\u00e7\u0131p durdu\u011fum, g\u00f6rmezden geldi\u011fim bu \u00e7etrefil oyunun zoraki oyuncusuyum art\u0131k. Ka\u00e7acak yerim yok. K\u00e2tip ile Kara K\u00f6pek avluda sab\u0131rs\u0131zca volta at\u0131yor, karar\u0131m\u0131 bekliyorlar. Ayak sesleri: Biri serseri bir kur\u015funun \u00e9t\u00e9 saplan\u0131\u015f\u0131 gibi hoyrat ve tok, di\u011feri keskin bir k\u0131l\u0131c\u0131n, ipek bir e\u015farb\u0131 ortadan ikiye ay\u0131r\u0131\u015f\u0131 kadar tekinsiz, yumu\u015fak\u2026 Bir an \u00f6nce karar vermeliyim.<\/p>\n","protected":false},"excerpt":{"rendered":"<p>Bir yazar\u0131n ilk kitab\u0131n\u0131 dikkatle inceleyen \u201c\u00f6rnek okur\u201d, orada onun kalan \u00f6mr\u00fc boyunca yazd\u0131klar\u0131n\u0131n izlerini de bulabilir. Keyfe kader Kahvesi i\u015fte bu y\u00fczden Aykut Ertu\u011frul\u2019un, \u00f6yk\u00fclerinde<span class=\"excerpt-hellip\"> [\u2026]<\/span><\/p>\n","protected":false},"featured_media":0,"template":"","meta":{"_monsterinsights_skip_tracking":false,"_monsterinsights_sitenote_active":false,"_monsterinsights_sitenote_note":"","_monsterinsights_sitenote_category":0},"product_brand":[],"product_cat":[12291,12711],"product_tag":[],"class_list":{"0":"post-717796","1":"product","2":"type-product","3":"status-publish","5":"product_cat-edebiyat","6":"product_cat-roman-oyku","7":"pa_cilt-ciltsiz","8":"pa_tur-kitap","9":"pa_yayinevi-ketebe-yayinlari","10":"pa_yazar-aykut-ertugrul","12":"first","13":"instock","14":"sale","15":"shipping-taxable","16":"purchasable","17":"product-type-simple"},"_links":{"self":[{"href":"https:\/\/roveyayinevi.com.tr\/index.php\/wp-json\/wp\/v2\/product\/717796","targetHints":{"allow":["GET"]}}],"collection":[{"href":"https:\/\/roveyayinevi.com.tr\/index.php\/wp-json\/wp\/v2\/product"}],"about":[{"href":"https:\/\/roveyayinevi.com.tr\/index.php\/wp-json\/wp\/v2\/types\/product"}],"wp:attachment":[{"href":"https:\/\/roveyayinevi.com.tr\/index.php\/wp-json\/wp\/v2\/media?parent=717796"}],"wp:term":[{"taxonomy":"product_brand","embeddable":true,"href":"https:\/\/roveyayinevi.com.tr\/index.php\/wp-json\/wp\/v2\/product_brand?post=717796"},{"taxonomy":"product_cat","embeddable":true,"href":"https:\/\/roveyayinevi.com.tr\/index.php\/wp-json\/wp\/v2\/product_cat?post=717796"},{"taxonomy":"product_tag","embeddable":true,"href":"https:\/\/roveyayinevi.com.tr\/index.php\/wp-json\/wp\/v2\/product_tag?post=717796"}],"curies":[{"name":"wp","href":"https:\/\/api.w.org\/{rel}","templated":true}]}}