{"id":717795,"date":"2025-08-27T18:00:06","date_gmt":"2025-08-27T15:00:06","guid":{"rendered":"https:\/\/roveyayinevi.com.tr\/index.php\/urun\/e-e-cummings\/"},"modified":"2026-04-16T02:25:53","modified_gmt":"2026-04-15T23:25:53","slug":"e-e-cummings","status":"publish","type":"product","link":"https:\/\/roveyayinevi.com.tr\/index.php\/urun\/e-e-cummings\/","title":{"rendered":"E. E. Cummings"},"content":{"rendered":"<p>E. E. Cummings\u2019in yenilik\u00e7i ve tart\u0131\u015fma yaratan \u015fiirleri onu 20. y\u00fczy\u0131l\u0131n en \u00f6nemli ve tan\u0131nm\u0131\u015f \u015fairlerinden birisi yapm\u0131\u015ft\u0131r. \u015eiirlerinden yans\u0131yan ki\u015fili\u011fi, de\u011fi\u015fik arka plan ve k\u00fclt\u00fcrlerden \u00e7ok say\u0131da gen\u00e7 ve duyarl\u0131 \u015fiirsever i\u00e7in \u00f6zel bir cazibe alan\u0131 olmu\u015ftur. Samet K\u00f6se\u2019nin, Cummings\u2019in \u015fiir dilini muhafaza ederek T\u00fcrk\u00e7ele\u015ftirdi\u011fi bu eser, \u015fairin dilimizdeki en geni\u015f \u00e7apl\u0131 \u00e7al\u0131\u015fmas\u0131 olmakla birlikte kendisine  ait geni\u015f bir g\u00f6rsel ar\u015fivi de ihtiva etmektedir. Bireysel \u00f6zg\u00fcrl\u00fc\u011f\u00fcne d\u00fc\u015fk\u00fcn gen\u00e7 \u015fairler i\u00e7in ise, Cummings daima ba\u015fucu \u015fairi konumunu koruyacak, \u015fiirleriyle herkesi \u015fa\u015f\u0131rtmaya, uyand\u0131rmaya, e\u011fitmeye, esin ve estetik ya\u015fant\u0131 kayna\u011f\u0131 olmaya devam edecektir. \u015eiirlerinde Picasso\u2019nun, Monet\u2019nin g\u00f6rselli\u011fini, Stravinsky\u2019nin, Debussy\u2019nin m\u00fczi\u011fini buldu\u011funuz; a\u015fktan, y\u0131ld\u0131zlardan, aydan, bahardan, \u00e7i\u00e7eklerden bahseden bir \u015fairi sevmemek m\u00fcmk\u00fcnm\u00fc! <\/p>\n","protected":false},"excerpt":{"rendered":"<p>E. E. Cummings\u2019in yenilik\u00e7i ve tart\u0131\u015fma yaratan \u015fiirleri onu 20. y\u00fczy\u0131l\u0131n en \u00f6nemli ve tan\u0131nm\u0131\u015f \u015fairlerinden birisi yapm\u0131\u015ft\u0131r. \u015eiirlerinden yans\u0131yan ki\u015fili\u011fi, de\u011fi\u015fik arka plan ve k\u00fclt\u00fcrlerden<span class=\"excerpt-hellip\"> [\u2026]<\/span><\/p>\n","protected":false},"featured_media":0,"template":"","meta":{"_monsterinsights_skip_tracking":false,"_monsterinsights_sitenote_active":false,"_monsterinsights_sitenote_note":"","_monsterinsights_sitenote_category":0},"product_brand":[],"product_cat":[12291,12509],"product_tag":[],"class_list":{"0":"post-717795","1":"product","2":"type-product","3":"status-publish","5":"product_cat-edebiyat","6":"product_cat-siir","7":"pa_cilt-ciltsiz","8":"pa_tur-kitap","9":"pa_yayinevi-ketebe-yayinlari","10":"pa_yazar-e-e-cummings","12":"first","13":"instock","14":"sale","15":"shipping-taxable","16":"purchasable","17":"product-type-simple"},"_links":{"self":[{"href":"https:\/\/roveyayinevi.com.tr\/index.php\/wp-json\/wp\/v2\/product\/717795","targetHints":{"allow":["GET"]}}],"collection":[{"href":"https:\/\/roveyayinevi.com.tr\/index.php\/wp-json\/wp\/v2\/product"}],"about":[{"href":"https:\/\/roveyayinevi.com.tr\/index.php\/wp-json\/wp\/v2\/types\/product"}],"wp:attachment":[{"href":"https:\/\/roveyayinevi.com.tr\/index.php\/wp-json\/wp\/v2\/media?parent=717795"}],"wp:term":[{"taxonomy":"product_brand","embeddable":true,"href":"https:\/\/roveyayinevi.com.tr\/index.php\/wp-json\/wp\/v2\/product_brand?post=717795"},{"taxonomy":"product_cat","embeddable":true,"href":"https:\/\/roveyayinevi.com.tr\/index.php\/wp-json\/wp\/v2\/product_cat?post=717795"},{"taxonomy":"product_tag","embeddable":true,"href":"https:\/\/roveyayinevi.com.tr\/index.php\/wp-json\/wp\/v2\/product_tag?post=717795"}],"curies":[{"name":"wp","href":"https:\/\/api.w.org\/{rel}","templated":true}]}}