{"id":717794,"date":"2025-08-27T18:00:05","date_gmt":"2025-08-27T15:00:05","guid":{"rendered":"https:\/\/roveyayinevi.com.tr\/index.php\/urun\/abbara\/"},"modified":"2026-04-16T02:25:53","modified_gmt":"2026-04-15T23:25:53","slug":"abbara","status":"publish","type":"product","link":"https:\/\/roveyayinevi.com.tr\/index.php\/urun\/abbara\/","title":{"rendered":"Abbara"},"content":{"rendered":"<p>K\u00e2firun ve Sar\u0131 ile darbeler d\u00f6nemine \u0130\u00e7 Anadolu bozk\u0131r\u0131ndan \u0131\u015f\u0131k tutan Ahmet Tezcan uzun bir aradan sonra \u00e7arp\u0131c\u0131 bir \u015fehir roman\u0131 ile Mezopotamya ve Mardin\u2019in b\u00fcy\u00fcl\u00fc d\u00fcnyas\u0131n\u0131n kap\u0131lar\u0131n\u0131 aral\u0131yor. Abbara; Houston, Matera, Mardin \u00fc\u00e7geninde umutsuz bir aray\u0131\u015f\u0131n, hay\u00e2l ile hakikat aras\u0131nda s\u00fcrprizlerle dolu masals\u0131 \u00f6yk\u00fcs\u00fc. \u015eehir ve insan\u0131n; ihanetler, yalanlar ve zul\u00fcmler kar\u015f\u0131s\u0131nda, a\u015fka, dostlu\u011fa ve umuda sar\u0131larak sonsuza ula\u015fma \u00e7abas\u0131..Her insan bir abbarad\u0131r, her abbara bir umut! Oysa ben; hayat\u0131ma yabanc\u0131 bu \u015fehirde, yerin metrelerce alt\u0131nda, umars\u0131z yarasalar\u0131n nemli kaya \u00e7enti\u011fine tutunup ba\u015f a\u015fa\u011f\u0131 uyudu\u011fus o\u011fuk, \u0131slak, k\u00fcf karanl\u0131k su kanal\u0131nda, bana dair bir iz bulmak \u00fcmidiyle, pili bitti bitecek el fenerinin sar\u0131, titrek \u0131\u015f\u0131\u011f\u0131n da s\u00fcr\u00fcklenen g\u00f6lgeydim. I\u015f\u0131k ve g\u00f6lgeler \u015fehri Mardin\u2019de, \u0131\u015f\u0131kla bulu\u015fmay\u0131 arzulayan siyah bir leke\u2026 c<\/p>\n","protected":false},"excerpt":{"rendered":"<p>K\u00e2firun ve Sar\u0131 ile darbeler d\u00f6nemine \u0130\u00e7 Anadolu bozk\u0131r\u0131ndan \u0131\u015f\u0131k tutan Ahmet Tezcan uzun bir aradan sonra \u00e7arp\u0131c\u0131 bir \u015fehir roman\u0131 ile Mezopotamya ve Mardin\u2019in b\u00fcy\u00fcl\u00fc<span class=\"excerpt-hellip\"> [\u2026]<\/span><\/p>\n","protected":false},"featured_media":0,"template":"","meta":{"_monsterinsights_skip_tracking":false,"_monsterinsights_sitenote_active":false,"_monsterinsights_sitenote_note":"","_monsterinsights_sitenote_category":0},"product_brand":[],"product_cat":[12291,12711],"product_tag":[],"class_list":{"0":"post-717794","1":"product","2":"type-product","3":"status-publish","5":"product_cat-edebiyat","6":"product_cat-roman-oyku","7":"pa_cilt-ciltsiz","8":"pa_tur-kitap","9":"pa_yayinevi-ketebe-yayinlari","10":"pa_yazar-ahmet-tezcan","12":"first","13":"instock","14":"sale","15":"shipping-taxable","16":"purchasable","17":"product-type-simple"},"_links":{"self":[{"href":"https:\/\/roveyayinevi.com.tr\/index.php\/wp-json\/wp\/v2\/product\/717794","targetHints":{"allow":["GET"]}}],"collection":[{"href":"https:\/\/roveyayinevi.com.tr\/index.php\/wp-json\/wp\/v2\/product"}],"about":[{"href":"https:\/\/roveyayinevi.com.tr\/index.php\/wp-json\/wp\/v2\/types\/product"}],"wp:attachment":[{"href":"https:\/\/roveyayinevi.com.tr\/index.php\/wp-json\/wp\/v2\/media?parent=717794"}],"wp:term":[{"taxonomy":"product_brand","embeddable":true,"href":"https:\/\/roveyayinevi.com.tr\/index.php\/wp-json\/wp\/v2\/product_brand?post=717794"},{"taxonomy":"product_cat","embeddable":true,"href":"https:\/\/roveyayinevi.com.tr\/index.php\/wp-json\/wp\/v2\/product_cat?post=717794"},{"taxonomy":"product_tag","embeddable":true,"href":"https:\/\/roveyayinevi.com.tr\/index.php\/wp-json\/wp\/v2\/product_tag?post=717794"}],"curies":[{"name":"wp","href":"https:\/\/api.w.org\/{rel}","templated":true}]}}