{"id":717792,"date":"2025-08-27T18:00:04","date_gmt":"2025-08-27T15:00:04","guid":{"rendered":"https:\/\/roveyayinevi.com.tr\/index.php\/urun\/gaybin-onunde\/"},"modified":"2026-04-06T02:38:00","modified_gmt":"2026-04-05T23:38:00","slug":"gaybin-onunde","status":"publish","type":"product","link":"https:\/\/roveyayinevi.com.tr\/index.php\/urun\/gaybin-onunde\/","title":{"rendered":"Gayb\u0131n \u00d6n\u00fcnde"},"content":{"rendered":"<p>Mustafa Sabri Efendi, Osmanl\u0131\u2019n\u0131n son devrindeki en \u00f6nemli \u0130sl\u00e2m \u00e2limlerinden biri olarak Bat\u0131 medeniyeti kar\u015f\u0131s\u0131nda ya\u015fanan fikr\u00ee ve itikad\u00ee bocalamay\u0131 engellemek i\u00e7in t\u00fcm hayat\u0131n\u0131 m\u00fccadele i\u00e7erisinde ge\u00e7irmi\u015ftir. Bilhassa g\u00fcn\u00fcm\u00fczde oldu\u011fu gibi o d\u00f6nemde de \u0130sl\u00e2m \u00e2lemini zehirleyen ve toplum \u00fczerinde n\u00fcfuzu y\u00fcksek baz\u0131 ki\u015filerin benimsedi\u011fi pozitivist g\u00f6r\u00fc\u015flerle m\u00fccadele etmi\u015ftir. G\u00f6r\u00fc\u015flerini savunurken ilm\u00ee arka plan\u0131 ve g\u00fc\u00e7l\u00fc kalemi sayesinde etkili bir \u00e7ok eser ortaya koymu\u015f ve temel \u0130sl\u00e2m\u00ee esaslar\u0131 ustal\u0131kla m\u00fcdafaa etmi\u015ftir. Mustafa Sabri Efendi\u2019nin el-Kavlu\u2019l-Fasleseri, Peygamber\u2019in (sav) d\u00e2h\u00eeli\u011fini vurgulayarak n\u00fcb\u00fcvvet makam\u0131n\u0131 \u00e2deta il\u00e2h\u00ee el\u00e7ilik ba\u011flam\u0131ndan koparan Fer\u00eed Vecd\u00ee, Muhammed Abduh, Muhammed Mustafa el-Mer\u00e2g\u00ee, Mahmud \u015eelt\u00fbt, Muhammed H\u00fcseyin Heykel gibi isimlere bir kar\u015f\u0131 \u00e7\u0131k\u0131\u015ft\u0131r. Bat\u0131l\u0131la\u015fman\u0131n etkisinde kal\u0131p \u0130sl\u00e2m dinini Bat\u0131l\u0131la\u015fman\u0131n getirdi\u011fi yeni de\u011ferlere ve d\u00fc\u015f\u00fcnce kal\u0131plar\u0131na g\u00f6re yorumlayan bu isimlerin fikirlerini sert\u00e7eele\u015ftiren kitap, Mustafa Sabri Efendi\u2019nin M\u0131s\u0131r veliaht\u0131n\u0131n iltifat\u0131na mazhar olmas\u0131na neden olmu\u015ftur. N\u00fcb\u00fcvvet, mucizeler ve \u00f6l\u00fcmden sonra yeniden dirilmek konular\u0131nda pozitivist d\u00fc\u015f\u00fcnceye sahip ki\u015filerin yaratt\u0131\u011f\u0131 kafa kar\u0131\u015f\u0131kl\u0131\u011f\u0131n\u0131 gideren ve bu d\u00fc\u015f\u00fcnceleri bertaraf eden Mustafa Sabri Efendi\u2019nin bu eseri \u00e7a\u011fda\u015f M\u00fcsl\u00fcmanlar\u0131n sorunlar\u0131na da derman oluyor. <\/p>\n","protected":false},"excerpt":{"rendered":"<p>Mustafa Sabri Efendi, Osmanl\u0131\u2019n\u0131n son devrindeki en \u00f6nemli \u0130sl\u00e2m \u00e2limlerinden biri olarak Bat\u0131 medeniyeti kar\u015f\u0131s\u0131nda ya\u015fanan fikr\u00ee ve itikad\u00ee bocalamay\u0131 engellemek i\u00e7in t\u00fcm hayat\u0131n\u0131 m\u00fccadele i\u00e7erisinde<span class=\"excerpt-hellip\"> [\u2026]<\/span><\/p>\n","protected":false},"featured_media":0,"template":"","meta":{"_monsterinsights_skip_tracking":false,"_monsterinsights_sitenote_active":false,"_monsterinsights_sitenote_note":"","_monsterinsights_sitenote_category":0},"product_brand":[],"product_cat":[16789,12718,12719],"product_tag":[],"class_list":{"0":"post-717792","1":"product","2":"type-product","3":"status-publish","5":"product_cat-diger-islam","6":"product_cat-din","7":"product_cat-islam","8":"pa_cilt-ciltsiz","9":"pa_tur-kitap","10":"pa_yayinevi-ketebe-yayinlari","11":"pa_yazar-mustafa-sabri-efendi","13":"first","14":"instock","15":"sale","16":"shipping-taxable","17":"purchasable","18":"product-type-simple"},"_links":{"self":[{"href":"https:\/\/roveyayinevi.com.tr\/index.php\/wp-json\/wp\/v2\/product\/717792","targetHints":{"allow":["GET"]}}],"collection":[{"href":"https:\/\/roveyayinevi.com.tr\/index.php\/wp-json\/wp\/v2\/product"}],"about":[{"href":"https:\/\/roveyayinevi.com.tr\/index.php\/wp-json\/wp\/v2\/types\/product"}],"wp:attachment":[{"href":"https:\/\/roveyayinevi.com.tr\/index.php\/wp-json\/wp\/v2\/media?parent=717792"}],"wp:term":[{"taxonomy":"product_brand","embeddable":true,"href":"https:\/\/roveyayinevi.com.tr\/index.php\/wp-json\/wp\/v2\/product_brand?post=717792"},{"taxonomy":"product_cat","embeddable":true,"href":"https:\/\/roveyayinevi.com.tr\/index.php\/wp-json\/wp\/v2\/product_cat?post=717792"},{"taxonomy":"product_tag","embeddable":true,"href":"https:\/\/roveyayinevi.com.tr\/index.php\/wp-json\/wp\/v2\/product_tag?post=717792"}],"curies":[{"name":"wp","href":"https:\/\/api.w.org\/{rel}","templated":true}]}}