{"id":717791,"date":"2025-08-27T18:00:03","date_gmt":"2025-08-27T15:00:03","guid":{"rendered":"https:\/\/roveyayinevi.com.tr\/index.php\/urun\/baska-masallar\/"},"modified":"2026-04-16T02:25:53","modified_gmt":"2026-04-15T23:25:53","slug":"baska-masallar","status":"publish","type":"product","link":"https:\/\/roveyayinevi.com.tr\/index.php\/urun\/baska-masallar\/","title":{"rendered":"Ba\u015fka Masallar"},"content":{"rendered":"<p>Zebercet o\u011flu Z\u00fclk\u00fcf, eski ve inat\u00e7\u0131 bir masal\u0131n yapayaln\u0131z kalm\u0131\u015f kahraman\u0131d\u0131r. Z\u00fclk\u00fcf zaman\u0131n sahibinden emir al\u0131p da Ni\u015fabur yoluna d\u00fc\u015feli ka\u00e7 g\u00fcn ge\u00e7mi\u015ftir bilinmez. Bilineni \u015fudurki, Z\u00fclk\u00fcf, Ni\u015fabur\u2019a do\u011fru giderken zaman i\u00e7re gitti\u011finin de fark\u0131ndad\u0131r. Ya\u015fad\u0131klar\u0131n\u0131 d\u00fc\u015f\u00fcn\u00fcr yol boyu. \u00d6yle garip haller, \u00f6yle de\u011fi\u015fik i\u015fler gelmi\u015ftir ki ba\u015f\u0131na, \u201cKe\u015fke makam\u0131ndan bir demet \u00e7i\u00e7ek mi derdin de d\u00fc\u015f\u00fcn\u00fcrs\u00fcn\u201d diye sorar kendi kendine. Z\u00fclk\u00fcf nihayet bu masal\u0131n zaman\u0131n\u0131n da co\u011frafyas\u0131n\u0131n da asl\u0131nda olmad\u0131\u011f\u0131n\u0131 anlay\u0131p as\u0131l olan\u0131n yolculuk etmek, \u00fcstelik i\u00e7inden i\u00e7ine yolculuk oldu\u011funu ke\u015ffedince rahatlar. <\/p>\n","protected":false},"excerpt":{"rendered":"<p>Zebercet o\u011flu Z\u00fclk\u00fcf, eski ve inat\u00e7\u0131 bir masal\u0131n yapayaln\u0131z kalm\u0131\u015f kahraman\u0131d\u0131r. Z\u00fclk\u00fcf zaman\u0131n sahibinden emir al\u0131p da Ni\u015fabur yoluna d\u00fc\u015feli ka\u00e7 g\u00fcn ge\u00e7mi\u015ftir bilinmez. Bilineni \u015fudurki,<span class=\"excerpt-hellip\"> [\u2026]<\/span><\/p>\n","protected":false},"featured_media":0,"template":"","meta":{"_monsterinsights_skip_tracking":false,"_monsterinsights_sitenote_active":false,"_monsterinsights_sitenote_note":"","_monsterinsights_sitenote_category":0},"product_brand":[],"product_cat":[12291,12711],"product_tag":[],"class_list":{"0":"post-717791","1":"product","2":"type-product","3":"status-publish","5":"product_cat-edebiyat","6":"product_cat-roman-oyku","7":"pa_cilt-ciltsiz","8":"pa_tur-kitap","9":"pa_yayinevi-ketebe-yayinlari","10":"pa_yazar-ismail-kilicarslan","12":"first","13":"instock","14":"sale","15":"shipping-taxable","16":"purchasable","17":"product-type-simple"},"_links":{"self":[{"href":"https:\/\/roveyayinevi.com.tr\/index.php\/wp-json\/wp\/v2\/product\/717791","targetHints":{"allow":["GET"]}}],"collection":[{"href":"https:\/\/roveyayinevi.com.tr\/index.php\/wp-json\/wp\/v2\/product"}],"about":[{"href":"https:\/\/roveyayinevi.com.tr\/index.php\/wp-json\/wp\/v2\/types\/product"}],"wp:attachment":[{"href":"https:\/\/roveyayinevi.com.tr\/index.php\/wp-json\/wp\/v2\/media?parent=717791"}],"wp:term":[{"taxonomy":"product_brand","embeddable":true,"href":"https:\/\/roveyayinevi.com.tr\/index.php\/wp-json\/wp\/v2\/product_brand?post=717791"},{"taxonomy":"product_cat","embeddable":true,"href":"https:\/\/roveyayinevi.com.tr\/index.php\/wp-json\/wp\/v2\/product_cat?post=717791"},{"taxonomy":"product_tag","embeddable":true,"href":"https:\/\/roveyayinevi.com.tr\/index.php\/wp-json\/wp\/v2\/product_tag?post=717791"}],"curies":[{"name":"wp","href":"https:\/\/api.w.org\/{rel}","templated":true}]}}