{"id":717786,"date":"2025-08-27T18:00:00","date_gmt":"2025-08-27T15:00:00","guid":{"rendered":"https:\/\/roveyayinevi.com.tr\/index.php\/urun\/artik-korkmuyorum\/"},"modified":"2026-04-16T02:25:53","modified_gmt":"2026-04-15T23:25:53","slug":"artik-korkmuyorum","status":"publish","type":"product","link":"https:\/\/roveyayinevi.com.tr\/index.php\/urun\/artik-korkmuyorum\/","title":{"rendered":"Art\u0131k Korkmuyorum"},"content":{"rendered":"<p>Art\u0131k arkada\u015f edinmekten, karanl\u0131ktan, yata\u011f\u0131n alt\u0131ndaki canavarlardan, yaln\u0131z kalmaktan, tek ba\u015f\u0131na uyumaktan, k\u0131sacas\u0131 hi\u00e7bir \u015feyden korkmak yok!\u00c7ocuklu\u011fun her t\u00fcrl\u00fc dertten uzak, saf ne\u015feyle ge\u00e7en bir d\u00f6nem oldu\u011funu d\u00fc\u015f\u00fcn\u00fcr\u00fcz. \u00d6te yandan \u00e7e\u015fitli korkularla veya yayg\u0131n anksiyete bozuklu\u011fuyla m\u00fccadele eden \u00e7ocuklar i\u00e7in durum hi\u00e7 de \u00f6yle de\u011fildir. \u00c7ocuklar\u0131n kar\u015f\u0131s\u0131na kimi zaman yata\u011f\u0131n alt\u0131ndaki bir canavar, kimi zamansa arkada\u015f edinme korkusu gibi sosyal ya\u015famdaki g\u00fc\u00e7l\u00fckler olarak \u00e7\u0131kabilen bu korkular, onlar\u0131n zihinsel, duygusal ve sosyal geli\u015fimlerini olumsuz etkileyebilirler. Neyse ki hepsinin \u00fcstesinden gelmek m\u00fcmk\u00fcn. \u00dcstelik \u00e7ok da kolay bir yolla.Uzmanl\u0131k alan\u0131 \u00f6zellikle kayg\u0131 bozuklu\u011fu ile m\u00fccadele eden \u00e7ocuklar olan \u00c7ocuk Psikolo\u011fu Dr. Timothy Sisemore\u2019un, y\u0131llar\u0131n tecr\u00fcbesiyle haz\u0131rlad\u0131\u011f\u0131 program\u0131 sayesinde b\u00fct\u00fcn \u00e7ocuklar \u201cArt\u0131k Korkmuyorum!\u201d diyebilecek. \u00c7ocuklar\u0131n kendi ba\u015flar\u0131na, ebeveynleriyle, terapistleriyle ya da \u00f6\u011fretmenleriyle birlikte yapabilece\u011fi, birbirinden etkili al\u0131\u015ft\u0131rmalardan olu\u015fan Art\u0131k Korkmuyorum program\u0131, hem yol g\u00f6sterici hem de \u00e7ok e\u011flenceli.<\/p>\n","protected":false},"excerpt":{"rendered":"<p>Art\u0131k arkada\u015f edinmekten, karanl\u0131ktan, yata\u011f\u0131n alt\u0131ndaki canavarlardan, yaln\u0131z kalmaktan, tek ba\u015f\u0131na uyumaktan, k\u0131sacas\u0131 hi\u00e7bir \u015feyden korkmak yok!\u00c7ocuklu\u011fun her t\u00fcrl\u00fc dertten uzak, saf ne\u015feyle ge\u00e7en bir d\u00f6nem<span class=\"excerpt-hellip\"> [\u2026]<\/span><\/p>\n","protected":false},"featured_media":0,"template":"","meta":{"_monsterinsights_skip_tracking":false,"_monsterinsights_sitenote_active":false,"_monsterinsights_sitenote_note":"","_monsterinsights_sitenote_category":0},"product_brand":[],"product_cat":[12679,12357],"product_tag":[],"class_list":{"0":"post-717786","1":"product","2":"type-product","3":"status-publish","5":"product_cat-cocuk-psikolojisi","6":"product_cat-psikoloji","7":"pa_cilt-ciltsiz","8":"pa_tur-kitap","9":"pa_yayinevi-beyaz-balina-yayinlari","10":"pa_yazar-timothy-a-sisemore","12":"first","13":"instock","14":"sale","15":"shipping-taxable","16":"purchasable","17":"product-type-simple"},"_links":{"self":[{"href":"https:\/\/roveyayinevi.com.tr\/index.php\/wp-json\/wp\/v2\/product\/717786","targetHints":{"allow":["GET"]}}],"collection":[{"href":"https:\/\/roveyayinevi.com.tr\/index.php\/wp-json\/wp\/v2\/product"}],"about":[{"href":"https:\/\/roveyayinevi.com.tr\/index.php\/wp-json\/wp\/v2\/types\/product"}],"wp:attachment":[{"href":"https:\/\/roveyayinevi.com.tr\/index.php\/wp-json\/wp\/v2\/media?parent=717786"}],"wp:term":[{"taxonomy":"product_brand","embeddable":true,"href":"https:\/\/roveyayinevi.com.tr\/index.php\/wp-json\/wp\/v2\/product_brand?post=717786"},{"taxonomy":"product_cat","embeddable":true,"href":"https:\/\/roveyayinevi.com.tr\/index.php\/wp-json\/wp\/v2\/product_cat?post=717786"},{"taxonomy":"product_tag","embeddable":true,"href":"https:\/\/roveyayinevi.com.tr\/index.php\/wp-json\/wp\/v2\/product_tag?post=717786"}],"curies":[{"name":"wp","href":"https:\/\/api.w.org\/{rel}","templated":true}]}}