{"id":717784,"date":"2025-08-27T17:59:58","date_gmt":"2025-08-27T14:59:58","guid":{"rendered":"https:\/\/roveyayinevi.com.tr\/index.php\/urun\/kumsalda\/"},"modified":"2026-04-16T02:25:53","modified_gmt":"2026-04-15T23:25:53","slug":"kumsalda","status":"publish","type":"product","link":"https:\/\/roveyayinevi.com.tr\/index.php\/urun\/kumsalda\/","title":{"rendered":"Kumsalda"},"content":{"rendered":"<p>N\u00fckleer sava\u015f\u0131n ard\u0131ndan radyasyon zehirlenmesiyle \u00f6len bir d\u00fcnyan\u0131n unutamayaca\u011f\u0131n\u0131z bir anlat\u0131m\u0131.\u201d The New York Times D\u00f6neminin en \u00e7ok okunan yazarlar\u0131ndan Nevil Shute\u2019un iki d\u00fcnya sava\u015f\u0131n\u0131 da g\u00f6ren bir u\u00e7ak m\u00fchendisi oldu\u011funu bilince, edebiyat\u0131ndaki, mesle\u011fini seven, \u00e7al\u0131\u015fkan, iyi niyetli ama d\u00fcnyan\u0131n korkun\u00e7lu\u011fuyla kar\u015f\u0131 kar\u015f\u0131ya kalan \u00e7aresiz karakterlerini daha iyi anlayabiliyoruz. Ancak Nevil Shute sadece karamsar de\u011fildi, m\u00fchendisli\u011fin, bilimin insan hayat\u0131n\u0131 nas\u0131l daha iyiye g\u00f6t\u00fcrebilece\u011fini de d\u00fc\u015f\u00fcnen bir yazard\u0131. Yay\u0131mland\u0131\u011f\u0131 zaman\u0131n korkular\u0131n\u0131 a\u00e7\u0131k\u00e7a g\u00f6rebilece\u011fimiz Kumsalda, g\u00fcn\u00fcm\u00fczde de kendini unutturmayan \u201cb\u00fcy\u00fck sava\u015f\u201d endi\u015fesini ve bu sava\u015f\u0131n kazanan\u0131 olmayaca\u011f\u0131n\u0131 anlat\u0131yor. <\/p>\n","protected":false},"excerpt":{"rendered":"<p>N\u00fckleer sava\u015f\u0131n ard\u0131ndan radyasyon zehirlenmesiyle \u00f6len bir d\u00fcnyan\u0131n unutamayaca\u011f\u0131n\u0131z bir anlat\u0131m\u0131.\u201d The New York Times D\u00f6neminin en \u00e7ok okunan yazarlar\u0131ndan Nevil Shute\u2019un iki d\u00fcnya sava\u015f\u0131n\u0131 da<span class=\"excerpt-hellip\"> [\u2026]<\/span><\/p>\n","protected":false},"featured_media":0,"template":"","meta":{"_monsterinsights_skip_tracking":false,"_monsterinsights_sitenote_active":false,"_monsterinsights_sitenote_note":"","_monsterinsights_sitenote_category":0},"product_brand":[],"product_cat":[12540,12291],"product_tag":[],"class_list":{"0":"post-717784","1":"product","2":"type-product","3":"status-publish","5":"product_cat-bilim-kurgu","6":"product_cat-edebiyat","7":"pa_cilt-ciltsiz","8":"pa_tur-kitap","9":"pa_yayinevi-ithaki-yayinlari","10":"pa_yazar-nevil-shute","12":"first","13":"instock","14":"sale","15":"shipping-taxable","16":"purchasable","17":"product-type-simple"},"_links":{"self":[{"href":"https:\/\/roveyayinevi.com.tr\/index.php\/wp-json\/wp\/v2\/product\/717784","targetHints":{"allow":["GET"]}}],"collection":[{"href":"https:\/\/roveyayinevi.com.tr\/index.php\/wp-json\/wp\/v2\/product"}],"about":[{"href":"https:\/\/roveyayinevi.com.tr\/index.php\/wp-json\/wp\/v2\/types\/product"}],"wp:attachment":[{"href":"https:\/\/roveyayinevi.com.tr\/index.php\/wp-json\/wp\/v2\/media?parent=717784"}],"wp:term":[{"taxonomy":"product_brand","embeddable":true,"href":"https:\/\/roveyayinevi.com.tr\/index.php\/wp-json\/wp\/v2\/product_brand?post=717784"},{"taxonomy":"product_cat","embeddable":true,"href":"https:\/\/roveyayinevi.com.tr\/index.php\/wp-json\/wp\/v2\/product_cat?post=717784"},{"taxonomy":"product_tag","embeddable":true,"href":"https:\/\/roveyayinevi.com.tr\/index.php\/wp-json\/wp\/v2\/product_tag?post=717784"}],"curies":[{"name":"wp","href":"https:\/\/api.w.org\/{rel}","templated":true}]}}