{"id":717781,"date":"2025-08-27T17:59:56","date_gmt":"2025-08-27T14:59:56","guid":{"rendered":"https:\/\/roveyayinevi.com.tr\/index.php\/urun\/gunler-haritasi-bayan-peregrinein-tuhaf-cocuklari-4\/"},"modified":"2026-04-16T02:25:53","modified_gmt":"2026-04-15T23:25:53","slug":"gunler-haritasi-bayan-peregrinein-tuhaf-cocuklari-4","status":"publish","type":"product","link":"https:\/\/roveyayinevi.com.tr\/index.php\/urun\/gunler-haritasi-bayan-peregrinein-tuhaf-cocuklari-4\/","title":{"rendered":"G\u00fcnler Haritas\u0131 \u2013 Bayan Peregrine\u2019in Tuhaf \u00c7ocuklar\u0131 4"},"content":{"rendered":"<p>G\u00fcnler Haritas\u0131\u2019nda Bayan Peregrine\u2019in vesayeti alt\u0131ndaki \u00e7ocuklar Amerika\u2019da yepyeni bir maceraya at\u0131l\u0131yorlar. Tuhaflar\u0131n d\u00fcnyas\u0131n\u0131 yerle bir eden sava\u015ftan sonra d\u00f6ng\u00fcler ve tuhaf halk hayatlar\u0131n\u0131 yeniden kurmaya \u00e7al\u0131\u015fmaktad\u0131r. Jacob Portman da sava\u015ftaki rol\u00fcnden sonra evine, Florida\u2019ya d\u00f6nm\u00fc\u015ft\u00fcr. Hayat\u0131n\u0131n normale d\u00f6nd\u00fc\u011f\u00fcn\u00fc sanan Jacob, arkada\u015flar\u0131n\u0131n s\u00fcrpriz ziyaretiyle asl\u0131nda tuhafl\u0131klar\u0131n pe\u015fini b\u0131rakmayaca\u011f\u0131n\u0131 fark eder. Tam da istedi\u011fi gibi. Dedesi hakk\u0131nda daha \u00f6nce hi\u00e7 bilmedi\u011fi yeni \u015feyler \u00f6\u011frenen Jacob, bir g\u00f6lge avc\u0131s\u0131 olarak dedesinin izinden gitmeye ve Amerika\u2019daki tuhaflara yard\u0131m etmeye karar verir. Yepyeni tuhafl\u0131klara ev sahipli\u011fi yapan Amerika, tuhaflar i\u00e7in kanunsuz bir k\u0131tad\u0131r. Jacob ve arkada\u015flar\u0131 kendilerini eskisinden bile daha b\u00fcy\u00fck bir tehlikenin i\u00e7inde bulacaklard\u0131r. <\/p>\n","protected":false},"excerpt":{"rendered":"<p>G\u00fcnler Haritas\u0131\u2019nda Bayan Peregrine\u2019in vesayeti alt\u0131ndaki \u00e7ocuklar Amerika\u2019da yepyeni bir maceraya at\u0131l\u0131yorlar. Tuhaflar\u0131n d\u00fcnyas\u0131n\u0131 yerle bir eden sava\u015ftan sonra d\u00f6ng\u00fcler ve tuhaf halk hayatlar\u0131n\u0131 yeniden kurmaya<span class=\"excerpt-hellip\"> [\u2026]<\/span><\/p>\n","protected":false},"featured_media":0,"template":"","meta":{"_monsterinsights_skip_tracking":false,"_monsterinsights_sitenote_active":false,"_monsterinsights_sitenote_note":"","_monsterinsights_sitenote_category":0},"product_brand":[],"product_cat":[12291,14777],"product_tag":[],"class_list":{"0":"post-717781","1":"product","2":"type-product","3":"status-publish","5":"product_cat-edebiyat","6":"product_cat-fantastik","7":"pa_cilt-ciltli","8":"pa_tur-kitap","9":"pa_yayinevi-ithaki-yayinlari","10":"pa_yazar-ransom-riggs","12":"first","13":"instock","14":"sale","15":"shipping-taxable","16":"purchasable","17":"product-type-simple"},"_links":{"self":[{"href":"https:\/\/roveyayinevi.com.tr\/index.php\/wp-json\/wp\/v2\/product\/717781","targetHints":{"allow":["GET"]}}],"collection":[{"href":"https:\/\/roveyayinevi.com.tr\/index.php\/wp-json\/wp\/v2\/product"}],"about":[{"href":"https:\/\/roveyayinevi.com.tr\/index.php\/wp-json\/wp\/v2\/types\/product"}],"wp:attachment":[{"href":"https:\/\/roveyayinevi.com.tr\/index.php\/wp-json\/wp\/v2\/media?parent=717781"}],"wp:term":[{"taxonomy":"product_brand","embeddable":true,"href":"https:\/\/roveyayinevi.com.tr\/index.php\/wp-json\/wp\/v2\/product_brand?post=717781"},{"taxonomy":"product_cat","embeddable":true,"href":"https:\/\/roveyayinevi.com.tr\/index.php\/wp-json\/wp\/v2\/product_cat?post=717781"},{"taxonomy":"product_tag","embeddable":true,"href":"https:\/\/roveyayinevi.com.tr\/index.php\/wp-json\/wp\/v2\/product_tag?post=717781"}],"curies":[{"name":"wp","href":"https:\/\/api.w.org\/{rel}","templated":true}]}}