{"id":717778,"date":"2025-08-27T17:59:54","date_gmt":"2025-08-27T14:59:54","guid":{"rendered":"https:\/\/roveyayinevi.com.tr\/index.php\/urun\/renk-canavari\/"},"modified":"2026-04-16T02:25:53","modified_gmt":"2026-04-15T23:25:53","slug":"renk-canavari","status":"publish","type":"product","link":"https:\/\/roveyayinevi.com.tr\/index.php\/urun\/renk-canavari\/","title":{"rendered":"Renk Canavar\u0131"},"content":{"rendered":"<p>Bo\u015fluk ve Bir Kedi Olsayd\u0131mkitaplar\u0131yla \u00fclkemizde hat\u0131r\u0131 say\u0131l\u0131r bir okur kitlesi yaratan AnnaLlenas\u2019\u0131nd\u00fcnya \u00e7ap\u0131nda20 dile \u00e7evrilen ve 500 bine yak\u0131n kopya satan\u00e7oksatar\u0131 Renk Canavar\u0131 \u015fimdi T\u00fcrk\u00e7ede\u2026 AnnaLlenas\u2019\u0131n hem yaz\u0131p hem de resimledi\u011fi kitap, miniklerih\u00fcz\u00fcn, korku, \u00f6fke ya da mutluluk gibi anlamas\u0131, aktarmas\u0131 ve \u00fczerine konu\u015fmas\u0131 g\u00fc\u00e7 duygular \u00fczerine d\u00fc\u015f\u00fcnmeye\u00e7a\u011f\u0131r\u0131yor. Dokunakl\u0131 hik\u00e2yesinin yan\u0131 s\u0131ra Lleans\u2019\u0131n kendine has rengarenk ill\u00fcstrasyonlar\u0131yla \u00f6ne \u00e7\u0131kan kitapta, sevimli bir canavar\u0131n bir \u00e7ocu\u011fun yard\u0131m\u0131yla, renkler yoluyla duygular\u0131n\u0131 anlamland\u0131rmay\u0131 ve ifade etmeyi \u00f6\u011frenmesianlat\u0131l\u0131yor. \u00c7ocuklarla duygular \u00fczerine konu\u015fmak, onlar\u0131 kendilerini ifade etmeye te\u015fvik etmek konusunda yeti\u015fkinlere rehberlik edecek nitelikte bir eser\u2026 Renk Canavar\u0131 bu sabah bir tuhaf uyand\u0131. Duygular\u0131 karman \u00e7ormand\u0131. \u015eimdi onlar\u0131 derleyip toplama zaman\u0131. Mutluluk, h\u00fcz\u00fcn, \u00f6fke, korku ve huzur&#8230; Hepsini yerine koymay\u0131 ba\u015faracak m\u0131<\/p>\n","protected":false},"excerpt":{"rendered":"<p>Bo\u015fluk ve Bir Kedi Olsayd\u0131mkitaplar\u0131yla \u00fclkemizde hat\u0131r\u0131 say\u0131l\u0131r bir okur kitlesi yaratan AnnaLlenas\u2019\u0131nd\u00fcnya \u00e7ap\u0131nda20 dile \u00e7evrilen ve 500 bine yak\u0131n kopya satan\u00e7oksatar\u0131 Renk Canavar\u0131 \u015fimdi T\u00fcrk\u00e7ede\u2026<span class=\"excerpt-hellip\"> [\u2026]<\/span><\/p>\n","protected":false},"featured_media":0,"template":"","meta":{"_monsterinsights_skip_tracking":false,"_monsterinsights_sitenote_active":false,"_monsterinsights_sitenote_note":"","_monsterinsights_sitenote_category":0},"product_brand":[],"product_cat":[12274,12518],"product_tag":[],"class_list":{"0":"post-717778","1":"product","2":"type-product","3":"status-publish","5":"product_cat-cocuk-ve-genclik-kitaplari","6":"product_cat-okul-oncesi-kitaplar","7":"pa_cilt-ciltsiz","8":"pa_tur-kitap","9":"pa_yayinevi-nesin-yayinlari","10":"pa_yazar-anna-llenas","12":"first","13":"instock","14":"sale","15":"shipping-taxable","16":"purchasable","17":"product-type-simple"},"_links":{"self":[{"href":"https:\/\/roveyayinevi.com.tr\/index.php\/wp-json\/wp\/v2\/product\/717778","targetHints":{"allow":["GET"]}}],"collection":[{"href":"https:\/\/roveyayinevi.com.tr\/index.php\/wp-json\/wp\/v2\/product"}],"about":[{"href":"https:\/\/roveyayinevi.com.tr\/index.php\/wp-json\/wp\/v2\/types\/product"}],"wp:attachment":[{"href":"https:\/\/roveyayinevi.com.tr\/index.php\/wp-json\/wp\/v2\/media?parent=717778"}],"wp:term":[{"taxonomy":"product_brand","embeddable":true,"href":"https:\/\/roveyayinevi.com.tr\/index.php\/wp-json\/wp\/v2\/product_brand?post=717778"},{"taxonomy":"product_cat","embeddable":true,"href":"https:\/\/roveyayinevi.com.tr\/index.php\/wp-json\/wp\/v2\/product_cat?post=717778"},{"taxonomy":"product_tag","embeddable":true,"href":"https:\/\/roveyayinevi.com.tr\/index.php\/wp-json\/wp\/v2\/product_tag?post=717778"}],"curies":[{"name":"wp","href":"https:\/\/api.w.org\/{rel}","templated":true}]}}