{"id":717776,"date":"2025-08-27T17:59:52","date_gmt":"2025-08-27T14:59:52","guid":{"rendered":"https:\/\/roveyayinevi.com.tr\/index.php\/urun\/karilar-ve-kocalar\/"},"modified":"2026-04-16T02:25:53","modified_gmt":"2026-04-15T23:25:53","slug":"karilar-ve-kocalar","status":"publish","type":"product","link":"https:\/\/roveyayinevi.com.tr\/index.php\/urun\/karilar-ve-kocalar\/","title":{"rendered":"Kar\u0131lar ve Kocalar"},"content":{"rendered":"<p>Kar\u0131lar Kocalar, hayat\u0131n i\u00e7inden, Umur Bugay\u2019\u0131n kaleminden \u00e7\u0131kan mizah y\u00fckl\u00fc hik\u00e2yelerden olu\u015fuyor. 1970\u2019lerden ba\u015flayarak T\u00fcrkiye\u2019nin orta halli ailelerinin hik\u00e2yelerine y\u00f6nelen Bugay, Kar\u0131lar-Kocalar kitab\u0131nda da mizah\u0131n\u0131 ayn\u0131 tatla devam ettiriyor.   Kap\u0131c\u0131lar Kral\u0131, \u00c7\u00f6p\u00e7\u00fcler Kral\u0131, Pisi Pisi, Yoksul, Davac\u0131, D\u00fctt\u00fcr\u00fc D\u00fcnya, Postac\u0131, Aslan Bacanak gibi unutulmaz filmlerin senaryolar\u0131n\u0131 yazan Umur Bugay Bizimkiler dizisiyle \u00fcn kazan\u0131rken, dizi uzun y\u0131llar TV\u2019de kalarak nam salm\u0131\u015ft\u0131r.   Bugay daha sonra Yazl\u0131k\u00e7\u0131lar ve devam\u0131nda Sayg\u0131lar Bizden, O\u011flum Adam Olacak, Kom\u015fu Kom\u015fu, Koltuk Sevdas\u0131 TV dizilerinin senaryolar\u0131yla 90\u2019l\u0131 y\u0131llardan 2000\u2019li y\u0131llara kadar b\u00fcy\u00fck ilgi g\u00f6rd\u00fc.   Kar\u0131lar Kocalar\u2019da;  uzun y\u0131llar\u0131n\u0131 T\u00fcrkiye\u2019nin orta halli mahallelerinde ge\u00e7iren Umur Bugay, tan\u0131k oldu\u011fu orta halli insanlar\u0131n hik\u00e2yelerini mizahla harmanl\u0131yor. Okurken k\u00e2h g\u00fclecek k\u00e2h e\u011fleneceksiniz; mizah\u0131n inceli\u011fiyle bazen de d\u00fc\u015f\u00fcneceksiniz. <\/p>\n","protected":false},"excerpt":{"rendered":"<p>Kar\u0131lar Kocalar, hayat\u0131n i\u00e7inden, Umur Bugay\u2019\u0131n kaleminden \u00e7\u0131kan mizah y\u00fckl\u00fc hik\u00e2yelerden olu\u015fuyor. 1970\u2019lerden ba\u015flayarak T\u00fcrkiye\u2019nin orta halli ailelerinin hik\u00e2yelerine y\u00f6nelen Bugay, Kar\u0131lar-Kocalar kitab\u0131nda da mizah\u0131n\u0131 ayn\u0131<span class=\"excerpt-hellip\"> [\u2026]<\/span><\/p>\n","protected":false},"featured_media":0,"template":"","meta":{"_monsterinsights_skip_tracking":false,"_monsterinsights_sitenote_active":false,"_monsterinsights_sitenote_note":"","_monsterinsights_sitenote_category":0},"product_brand":[],"product_cat":[12291,14825],"product_tag":[],"class_list":{"0":"post-717776","1":"product","2":"type-product","3":"status-publish","5":"product_cat-edebiyat","6":"product_cat-mizah","7":"pa_cilt-ciltsiz","8":"pa_tur-kitap","9":"pa_yayinevi-inkilap-kitabevi","10":"pa_yazar-umur-bugay","12":"first","13":"instock","14":"sale","15":"shipping-taxable","16":"purchasable","17":"product-type-simple"},"_links":{"self":[{"href":"https:\/\/roveyayinevi.com.tr\/index.php\/wp-json\/wp\/v2\/product\/717776","targetHints":{"allow":["GET"]}}],"collection":[{"href":"https:\/\/roveyayinevi.com.tr\/index.php\/wp-json\/wp\/v2\/product"}],"about":[{"href":"https:\/\/roveyayinevi.com.tr\/index.php\/wp-json\/wp\/v2\/types\/product"}],"wp:attachment":[{"href":"https:\/\/roveyayinevi.com.tr\/index.php\/wp-json\/wp\/v2\/media?parent=717776"}],"wp:term":[{"taxonomy":"product_brand","embeddable":true,"href":"https:\/\/roveyayinevi.com.tr\/index.php\/wp-json\/wp\/v2\/product_brand?post=717776"},{"taxonomy":"product_cat","embeddable":true,"href":"https:\/\/roveyayinevi.com.tr\/index.php\/wp-json\/wp\/v2\/product_cat?post=717776"},{"taxonomy":"product_tag","embeddable":true,"href":"https:\/\/roveyayinevi.com.tr\/index.php\/wp-json\/wp\/v2\/product_tag?post=717776"}],"curies":[{"name":"wp","href":"https:\/\/api.w.org\/{rel}","templated":true}]}}