{"id":717775,"date":"2025-08-27T17:59:52","date_gmt":"2025-08-27T14:59:52","guid":{"rendered":"https:\/\/roveyayinevi.com.tr\/index.php\/urun\/hayatin-seyrini-degistiren-kadinlar\/"},"modified":"2026-04-16T02:25:53","modified_gmt":"2026-04-15T23:25:53","slug":"hayatin-seyrini-degistiren-kadinlar","status":"publish","type":"product","link":"https:\/\/roveyayinevi.com.tr\/index.php\/urun\/hayatin-seyrini-degistiren-kadinlar\/","title":{"rendered":"Hayat\u0131n Seyrini De\u011fi\u015ftiren Kad\u0131nlar"},"content":{"rendered":"<p>Bin y\u0131llar boyunca g\u00f6rmezden gelinen kad\u0131nlar\u0131 yoktan var eden yeni tarih\u00e7ilerin taze bir metodoloji ile resimdeki bo\u015fluklar\u0131 doldurmalar\u0131 gerekmektedir. Bu revizyonist tarih, ge\u00e7mi\u015fte kaleme al\u0131nm\u0131\u015f \u201c\u015fanl\u0131\u201d sava\u015f vakan\u00fcviscili\u011fe meydan okuyarak yeni bir sosyal tarih anlay\u0131\u015f\u0131 geli\u015ftirir. Kad\u0131n tarihi burada ba\u015flamaz elbet, ba\u015flang\u0131\u00e7tan beri vard\u0131r, ama g\u00f6r\u00fcnmez kad\u0131nlar bundan b\u00f6yle sayfalarda yeniden hayat bulacak, \u201ce\u015f, anne, metres\u201d rol\u00fcnden ba\u015fka rollere de b\u00fcr\u00fcneceklerdir. \u201cKad\u0131n do\u011fulmaz, kad\u0131n olunur\u201d diyen Simone de Beauvoir gibi m\u00fcthi\u015f kad\u0131nlar ikinci(l) cinsiyet olmay\u0131 reddetmi\u015ftir- i\u015fbu kitap b\u00f6yle bir ruhun meyvesidir.   Elinizde tuttu\u011funuz kitaptaki biyografiler ataerkil tarih anlay\u0131\u015f\u0131na tepki olarak ortaya \u00e7\u0131kt\u0131. <\/p>\n","protected":false},"excerpt":{"rendered":"<p>Bin y\u0131llar boyunca g\u00f6rmezden gelinen kad\u0131nlar\u0131 yoktan var eden yeni tarih\u00e7ilerin taze bir metodoloji ile resimdeki bo\u015fluklar\u0131 doldurmalar\u0131 gerekmektedir. Bu revizyonist tarih, ge\u00e7mi\u015fte kaleme al\u0131nm\u0131\u015f \u201c\u015fanl\u0131\u201d<span class=\"excerpt-hellip\"> [\u2026]<\/span><\/p>\n","protected":false},"featured_media":0,"template":"","meta":{"_monsterinsights_skip_tracking":false,"_monsterinsights_sitenote_active":false,"_monsterinsights_sitenote_note":"","_monsterinsights_sitenote_category":0},"product_brand":[],"product_cat":[13252,12324],"product_tag":[],"class_list":{"0":"post-717775","1":"product","2":"type-product","3":"status-publish","5":"product_cat-kadin-calismalari","6":"product_cat-sosyoloji","7":"pa_cilt-ciltsiz","8":"pa_tur-kitap","9":"pa_yayinevi-inkilap-kitabevi","10":"pa_yazar-pelin-batu","12":"first","13":"instock","14":"sale","15":"shipping-taxable","16":"purchasable","17":"product-type-simple"},"_links":{"self":[{"href":"https:\/\/roveyayinevi.com.tr\/index.php\/wp-json\/wp\/v2\/product\/717775","targetHints":{"allow":["GET"]}}],"collection":[{"href":"https:\/\/roveyayinevi.com.tr\/index.php\/wp-json\/wp\/v2\/product"}],"about":[{"href":"https:\/\/roveyayinevi.com.tr\/index.php\/wp-json\/wp\/v2\/types\/product"}],"wp:attachment":[{"href":"https:\/\/roveyayinevi.com.tr\/index.php\/wp-json\/wp\/v2\/media?parent=717775"}],"wp:term":[{"taxonomy":"product_brand","embeddable":true,"href":"https:\/\/roveyayinevi.com.tr\/index.php\/wp-json\/wp\/v2\/product_brand?post=717775"},{"taxonomy":"product_cat","embeddable":true,"href":"https:\/\/roveyayinevi.com.tr\/index.php\/wp-json\/wp\/v2\/product_cat?post=717775"},{"taxonomy":"product_tag","embeddable":true,"href":"https:\/\/roveyayinevi.com.tr\/index.php\/wp-json\/wp\/v2\/product_tag?post=717775"}],"curies":[{"name":"wp","href":"https:\/\/api.w.org\/{rel}","templated":true}]}}