{"id":717774,"date":"2025-08-27T17:59:51","date_gmt":"2025-08-27T14:59:51","guid":{"rendered":"https:\/\/roveyayinevi.com.tr\/index.php\/urun\/elveda-diyorsun-eyvallah-diyorum\/"},"modified":"2026-04-16T02:25:53","modified_gmt":"2026-04-15T23:25:53","slug":"elveda-diyorsun-eyvallah-diyorum","status":"publish","type":"product","link":"https:\/\/roveyayinevi.com.tr\/index.php\/urun\/elveda-diyorsun-eyvallah-diyorum\/","title":{"rendered":"Elveda Diyorsun Eyvallah Diyorum"},"content":{"rendered":"<p>Celil, \u00e7o\u011funu anahtar deli\u011finden g\u00f6zetledi\u011fim c\u00fcmlelerini size emanet etmeye karar vermi\u015f. \u201cElveda\u201dya \u201cEyvallah\u201d demenin, diyebilmenin ko\u015fusunda nefes nefese sat\u0131rlar var elinizde. Her birini \u00e7ocuklu\u011fuyla sarma\u015f dola\u015f yazmas\u0131 g\u00f6nl\u00fcmden de g\u00f6z\u00fcmden de ka\u00e7m\u0131yor, bilinsin isterim. Ko\u015f karde\u015fim sonsuzlu\u011fa. Bir kitapta, bir filmde, bir oyunda hep kavu\u015facak eyvallahlar\u0131m\u0131z nas\u0131l olsa.   Cem Davran   Celil, okuyucular\u0131n\u0131n \u00e7ok sevdi\u011fi o \u015fiirsel anlat\u0131m\u0131yla \u00f6zg\u00fcn bir \u00fcslup yaratt\u0131. Akt\u00f6rl\u00fckten gelen o m\u00fcthi\u015f duygu aktar\u0131m\u0131 kabiliyeti yaz\u0131ya d\u00f6n\u00fc\u015ft\u00fc\u011f\u00fcnde ortaya \u00e7\u0131kan metinler \u00e7ok sevildi. Ne mutlu bize ki sonunda o metinler bir kitaba d\u00f6n\u00fc\u015ft\u00fc ve okuyucusuyla  bulu\u015fuyor&#8230; Canda\u015f Tolga   G\u00fczel karde\u015fim, Celo\u2019m, Bilirsin, ben senin karde\u015fli\u011fini, y\u00fcre\u011fini, insanlara davran\u0131\u015f\u0131n\u0131 hep \u00e7ok sevdim. Sen biliyor musun, bilmiyor musun bilmiyorum ama ben senin kalemini de \u00e7ok sevdim! Hakan Altun   Bir\u00e7ok yaz\u0131s\u0131n\u0131 yay\u0131mlanmadan \u00f6nce okuma ayr\u0131cal\u0131\u011f\u0131n\u0131 ya\u015fad\u0131m. Her birini okudu\u011fumda heyecanlan\u0131p, i\u015fte bu en g\u00fczeli oldu, diye tepki veriyordum. Sonunda anlad\u0131m ki her seferinde yine \u201cen g\u00fczeli\u201d yazacak. Yaz Celo! Sen yazd\u0131k\u00e7a ben bestelerim, \u015fark\u0131lar birikir.   Sel\u00e7uk Basa <\/p>\n","protected":false},"excerpt":{"rendered":"<p>Celil, \u00e7o\u011funu anahtar deli\u011finden g\u00f6zetledi\u011fim c\u00fcmlelerini size emanet etmeye karar vermi\u015f. \u201cElveda\u201dya \u201cEyvallah\u201d demenin, diyebilmenin ko\u015fusunda nefes nefese sat\u0131rlar var elinizde. Her birini \u00e7ocuklu\u011fuyla sarma\u015f dola\u015f<span class=\"excerpt-hellip\"> [\u2026]<\/span><\/p>\n","protected":false},"featured_media":0,"template":"","meta":{"_monsterinsights_skip_tracking":false,"_monsterinsights_sitenote_active":false,"_monsterinsights_sitenote_note":"","_monsterinsights_sitenote_category":0},"product_brand":[],"product_cat":[12291,12711],"product_tag":[],"class_list":{"0":"post-717774","1":"product","2":"type-product","3":"status-publish","5":"product_cat-edebiyat","6":"product_cat-roman-oyku","7":"pa_cilt-ciltsiz","8":"pa_tur-kitap","9":"pa_yayinevi-inkilap-kitabevi","10":"pa_yazar-celil-nalcakan","12":"first","13":"instock","14":"sale","15":"shipping-taxable","16":"purchasable","17":"product-type-simple"},"_links":{"self":[{"href":"https:\/\/roveyayinevi.com.tr\/index.php\/wp-json\/wp\/v2\/product\/717774","targetHints":{"allow":["GET"]}}],"collection":[{"href":"https:\/\/roveyayinevi.com.tr\/index.php\/wp-json\/wp\/v2\/product"}],"about":[{"href":"https:\/\/roveyayinevi.com.tr\/index.php\/wp-json\/wp\/v2\/types\/product"}],"wp:attachment":[{"href":"https:\/\/roveyayinevi.com.tr\/index.php\/wp-json\/wp\/v2\/media?parent=717774"}],"wp:term":[{"taxonomy":"product_brand","embeddable":true,"href":"https:\/\/roveyayinevi.com.tr\/index.php\/wp-json\/wp\/v2\/product_brand?post=717774"},{"taxonomy":"product_cat","embeddable":true,"href":"https:\/\/roveyayinevi.com.tr\/index.php\/wp-json\/wp\/v2\/product_cat?post=717774"},{"taxonomy":"product_tag","embeddable":true,"href":"https:\/\/roveyayinevi.com.tr\/index.php\/wp-json\/wp\/v2\/product_tag?post=717774"}],"curies":[{"name":"wp","href":"https:\/\/api.w.org\/{rel}","templated":true}]}}