{"id":717771,"date":"2025-08-27T17:59:49","date_gmt":"2025-08-27T14:59:49","guid":{"rendered":"https:\/\/roveyayinevi.com.tr\/index.php\/urun\/insan-cogul-ve-tek-basina\/"},"modified":"2026-04-16T02:25:53","modified_gmt":"2026-04-15T23:25:53","slug":"insan-cogul-ve-tek-basina","status":"publish","type":"product","link":"https:\/\/roveyayinevi.com.tr\/index.php\/urun\/insan-cogul-ve-tek-basina\/","title":{"rendered":"\u0130nsan \u00c7o\u011ful ve Tek Ba\u015f\u0131na"},"content":{"rendered":"<p>Dostlar aras\u0131nda Son \u0130lahi Mazeret yok! Geri d\u00f6nu\u0308\u015f asla! Yu\u0308re\u011fi \u00f6zg\u00fcr, ne\u015feli insanlar Kula\u011f\u0131, kalbi ve g\u00f6vdeyi Yaslay\u0131n bu ak\u0131l d\u0131\u015f\u0131 kitaba! \u0130nan\u0131n bana dostlar\u0131m, inan\u0131n buna Ak\u0131ls\u0131zl\u0131\u011f\u0131m lanet olmad\u0131 bana! Buldu\u011fum \u015fey, arad\u0131\u011f\u0131m \u015fey Hi\u00e7 oldu mu bir kitapta? Onurlan\u0131n benimle ey ka\u00e7\u0131klar toplumu! \u00d6\u011frenin bu \u00e7\u0131lg\u0131n kitaptan Nas\u0131l Akl\u0131n  ak\u0131lla bulu\u015ftu\u011funu! Dostlar\u0131m, b\u00f6yle olsun mu? Amin! Ve haydi g\u00f6ru\u0308\u015fmeku\u0308zere! Nietzsche <\/p>\n","protected":false},"excerpt":{"rendered":"<p>Dostlar aras\u0131nda Son \u0130lahi Mazeret yok! Geri d\u00f6nu\u0308\u015f asla! Yu\u0308re\u011fi \u00f6zg\u00fcr, ne\u015feli insanlar Kula\u011f\u0131, kalbi ve g\u00f6vdeyi Yaslay\u0131n bu ak\u0131l d\u0131\u015f\u0131 kitaba! \u0130nan\u0131n bana dostlar\u0131m, inan\u0131n<span class=\"excerpt-hellip\"> [\u2026]<\/span><\/p>\n","protected":false},"featured_media":0,"template":"","meta":{"_monsterinsights_skip_tracking":false,"_monsterinsights_sitenote_active":false,"_monsterinsights_sitenote_note":"","_monsterinsights_sitenote_category":0},"product_brand":[],"product_cat":[12389,12388],"product_tag":[],"class_list":{"0":"post-717771","1":"product","2":"type-product","3":"status-publish","5":"product_cat-diger-felsefe","6":"product_cat-felsefe","7":"pa_cilt-ciltsiz","8":"pa_tur-kitap","9":"pa_yayinevi-fol-kitap","10":"pa_yazar-friedrich-nietzsche","12":"first","13":"instock","14":"sale","15":"shipping-taxable","16":"purchasable","17":"product-type-simple"},"_links":{"self":[{"href":"https:\/\/roveyayinevi.com.tr\/index.php\/wp-json\/wp\/v2\/product\/717771","targetHints":{"allow":["GET"]}}],"collection":[{"href":"https:\/\/roveyayinevi.com.tr\/index.php\/wp-json\/wp\/v2\/product"}],"about":[{"href":"https:\/\/roveyayinevi.com.tr\/index.php\/wp-json\/wp\/v2\/types\/product"}],"wp:attachment":[{"href":"https:\/\/roveyayinevi.com.tr\/index.php\/wp-json\/wp\/v2\/media?parent=717771"}],"wp:term":[{"taxonomy":"product_brand","embeddable":true,"href":"https:\/\/roveyayinevi.com.tr\/index.php\/wp-json\/wp\/v2\/product_brand?post=717771"},{"taxonomy":"product_cat","embeddable":true,"href":"https:\/\/roveyayinevi.com.tr\/index.php\/wp-json\/wp\/v2\/product_cat?post=717771"},{"taxonomy":"product_tag","embeddable":true,"href":"https:\/\/roveyayinevi.com.tr\/index.php\/wp-json\/wp\/v2\/product_tag?post=717771"}],"curies":[{"name":"wp","href":"https:\/\/api.w.org\/{rel}","templated":true}]}}