{"id":717769,"date":"2025-08-27T17:59:48","date_gmt":"2025-08-27T14:59:48","guid":{"rendered":"https:\/\/roveyayinevi.com.tr\/index.php\/urun\/ahlak-ilkeleri-uzerine-bir-sorusturma\/"},"modified":"2026-04-16T02:25:53","modified_gmt":"2026-04-15T23:25:53","slug":"ahlak-ilkeleri-uzerine-bir-sorusturma","status":"publish","type":"product","link":"https:\/\/roveyayinevi.com.tr\/index.php\/urun\/ahlak-ilkeleri-uzerine-bir-sorusturma\/","title":{"rendered":"Ahlak \u0130lkeleri \u00dczerine Bir Soru\u015fturma"},"content":{"rendered":"<p>Ayd\u0131nlanma felsefesinin kurucu d\u00fc\u015f\u00fcn\u00fcrlerinden David Hume 1751 y\u0131l\u0131nda yazd\u0131\u011f\u0131 Ahlak \u0130lkelerine Dair Soru\u015fturma eserinde ahlak felsefesini h\u00e2len g\u00fcncelli\u011fini koruyan \u015fu sorular \u00fczerinden kurmaya \u00e7al\u0131\u015f\u0131r: \u201cAhlak ilkeleri, ak\u0131ldan m\u0131 duygudan m\u0131 t\u00fcremektedir? Ahlak ilkeleri hakk\u0131ndaki bilgiyi bir kan\u0131t ve t\u00fcmevar\u0131m zinciriyle mi yoksa dolays\u0131z bir hissedi\u015f ve daha ince i\u00e7sel bir duyu yoluyla m\u0131 kazan\u0131r\u0131z? Do\u011frulu\u011fun ve yanl\u0131\u015fl\u0131\u011f\u0131n b\u00fct\u00fcn sa\u011flam yarg\u0131lar\u0131 gibi, her ak\u0131l sahibi zeki varl\u0131k i\u00e7in ayn\u0131 m\u0131 olmal\u0131d\u0131r yoksa g\u00fczellik ve \u00e7irkinlik alg\u0131s\u0131 gibi tamam\u0131yla insan t\u00fcr\u00fcn\u00fcn tikel do\u011fa ve yap\u0131s\u0131n\u0131n \u00fczerine mi temellendirilmelidir?\u201d \u201cBir gemi kazas\u0131 sonras\u0131nda, m\u00fclkiyetin \u00f6nceki s\u0131n\u0131rlamalar\u0131 g\u00f6z \u00f6n\u00fcne al\u0131nmadan, herhangi bir g\u00fcvenlik vas\u0131tas\u0131n\u0131 zapt etmek bir su\u00e7 te\u015fkil eder mi? Yahut e\u011fer ku\u015fat\u0131lm\u0131\u015f bir \u015fehir a\u00e7l\u0131ktan \u00f6lmeye maruz kald\u0131ysa, insanlar\u0131n, ba\u015fka durumlarda hakkaniyet ve adalet kurallar\u0131 olacak kurallara kar\u015f\u0131 titiz davranarak, muhafaza edilen t\u00fcm yiyecekleri, kendilerine tercih edece\u011fini ve hayatlar\u0131n\u0131 kaybedeceklerini d\u00fc\u015f\u00fcnebilir miyiz? \u2026 Kanunlar\u0131n veya hukuk mahkemelerinin ba\u011flay\u0131c\u0131l\u0131\u011f\u0131 olmadan herhangi bir say\u0131da insan bir arada toplanabilir miydi? Bir k\u0131tl\u0131k s\u0131ras\u0131nda ekme\u011fin e\u015fit b\u00f6l\u00fcnmesi, g\u00fc\u00e7 ve hatta \u015fiddet ile yap\u0131lsa bile, su\u00e7 veya haks\u0131zl\u0131k olarak addedilebilir miydi?\u201d <\/p>\n","protected":false},"excerpt":{"rendered":"<p>Ayd\u0131nlanma felsefesinin kurucu d\u00fc\u015f\u00fcn\u00fcrlerinden David Hume 1751 y\u0131l\u0131nda yazd\u0131\u011f\u0131 Ahlak \u0130lkelerine Dair Soru\u015fturma eserinde ahlak felsefesini h\u00e2len g\u00fcncelli\u011fini koruyan \u015fu sorular \u00fczerinden kurmaya \u00e7al\u0131\u015f\u0131r: \u201cAhlak ilkeleri,<span class=\"excerpt-hellip\"> [\u2026]<\/span><\/p>\n","protected":false},"featured_media":0,"template":"","meta":{"_monsterinsights_skip_tracking":false,"_monsterinsights_sitenote_active":false,"_monsterinsights_sitenote_note":"","_monsterinsights_sitenote_category":0},"product_brand":[],"product_cat":[12389,12388],"product_tag":[],"class_list":{"0":"post-717769","1":"product","2":"type-product","3":"status-publish","5":"product_cat-diger-felsefe","6":"product_cat-felsefe","7":"pa_cilt-ciltsiz","8":"pa_tur-kitap","9":"pa_yayinevi-fol-kitap","10":"pa_yazar-david-hume","12":"first","13":"instock","14":"sale","15":"shipping-taxable","16":"purchasable","17":"product-type-simple"},"_links":{"self":[{"href":"https:\/\/roveyayinevi.com.tr\/index.php\/wp-json\/wp\/v2\/product\/717769","targetHints":{"allow":["GET"]}}],"collection":[{"href":"https:\/\/roveyayinevi.com.tr\/index.php\/wp-json\/wp\/v2\/product"}],"about":[{"href":"https:\/\/roveyayinevi.com.tr\/index.php\/wp-json\/wp\/v2\/types\/product"}],"wp:attachment":[{"href":"https:\/\/roveyayinevi.com.tr\/index.php\/wp-json\/wp\/v2\/media?parent=717769"}],"wp:term":[{"taxonomy":"product_brand","embeddable":true,"href":"https:\/\/roveyayinevi.com.tr\/index.php\/wp-json\/wp\/v2\/product_brand?post=717769"},{"taxonomy":"product_cat","embeddable":true,"href":"https:\/\/roveyayinevi.com.tr\/index.php\/wp-json\/wp\/v2\/product_cat?post=717769"},{"taxonomy":"product_tag","embeddable":true,"href":"https:\/\/roveyayinevi.com.tr\/index.php\/wp-json\/wp\/v2\/product_tag?post=717769"}],"curies":[{"name":"wp","href":"https:\/\/api.w.org\/{rel}","templated":true}]}}