{"id":717767,"date":"2025-08-27T17:59:47","date_gmt":"2025-08-27T14:59:47","guid":{"rendered":"https:\/\/roveyayinevi.com.tr\/index.php\/urun\/gelecekteki-felsefe\/"},"modified":"2026-04-16T02:25:53","modified_gmt":"2026-04-15T23:25:53","slug":"gelecekteki-felsefe","status":"publish","type":"product","link":"https:\/\/roveyayinevi.com.tr\/index.php\/urun\/gelecekteki-felsefe\/","title":{"rendered":"Gelecekteki Felsefe"},"content":{"rendered":"<p>\u201c\u0130nsan ger\u00e7ekten kendi hakk\u0131nda ne biliyor! Evet, o da kendisini bir kez tamamen ayd\u0131nlat\u0131lm\u0131\u015f bir cam kutunun i\u00e7ine yat\u0131r\u0131lm\u0131\u015f gibi alg\u0131layabilseydi? Do\u011fa susmaz m\u0131? Ona onun hakk\u0131nda v\u00fccudu hakk\u0131nda dahi, onu ba\u011f\u0131rsaklar\u0131n k\u0131vr\u0131mlar\u0131n\u0131n, kan dola\u015f\u0131m\u0131n\u0131n h\u0131zl\u0131 nehrinden, kar\u0131\u015f\u0131k sinirlerin \u00fcrpermesinden uzakta, gururlu hokkabaz bir bilince zincirlemez ve bir yere kapatmaz m\u0131? Anahtar\u0131 f\u0131rlat\u0131p atm\u0131\u015ft\u0131r: Vay h\u00e2line u\u011fursuz yeni heveslinin bilin\u00e7 odas\u0131n\u0131n aral\u0131\u011f\u0131ndan bir kez d\u0131\u015far\u0131y\u0131 g\u00f6rebilen ve \u015fimdi insan\u0131n en ac\u0131mas\u0131za, en \u015fehvetliye, en doymaza, en caniye cahilli\u011finin kay\u0131ts\u0131zl\u0131\u011f\u0131yla ve sanki bir kaplan\u0131n s\u0131rt\u0131nda r\u00fcyada as\u0131l\u0131cas\u0131na istinat etti\u011fini tahmin eder. Nereden gelir b\u00f6yle bir durumda hakikat g\u00fcd\u00fcs\u00fc tanr\u0131 a\u015fk\u0131na!\u201d Friedrich Nietzsche\u2019nin e\u011fitim felsefesinin serimledi\u011fi ve e\u011fitim kurumlar\u0131 ile hesapla\u015ft\u0131\u011f\u0131 Gelecekteki Felsefe eserini \u00dcmit Bozda\u011f \u00e7evirisi ile sunuyoruz. <\/p>\n","protected":false},"excerpt":{"rendered":"<p>\u201c\u0130nsan ger\u00e7ekten kendi hakk\u0131nda ne biliyor! Evet, o da kendisini bir kez tamamen ayd\u0131nlat\u0131lm\u0131\u015f bir cam kutunun i\u00e7ine yat\u0131r\u0131lm\u0131\u015f gibi alg\u0131layabilseydi? Do\u011fa susmaz m\u0131? Ona onun<span class=\"excerpt-hellip\"> [\u2026]<\/span><\/p>\n","protected":false},"featured_media":0,"template":"","meta":{"_monsterinsights_skip_tracking":false,"_monsterinsights_sitenote_active":false,"_monsterinsights_sitenote_note":"","_monsterinsights_sitenote_category":0},"product_brand":[],"product_cat":[12389,12388],"product_tag":[],"class_list":{"0":"post-717767","1":"product","2":"type-product","3":"status-publish","5":"product_cat-diger-felsefe","6":"product_cat-felsefe","7":"pa_cilt-ciltsiz","8":"pa_tur-kitap","9":"pa_yayinevi-fol-kitap","10":"pa_yazar-friedrich-nietzsche","12":"first","13":"instock","14":"sale","15":"shipping-taxable","16":"purchasable","17":"product-type-simple"},"_links":{"self":[{"href":"https:\/\/roveyayinevi.com.tr\/index.php\/wp-json\/wp\/v2\/product\/717767","targetHints":{"allow":["GET"]}}],"collection":[{"href":"https:\/\/roveyayinevi.com.tr\/index.php\/wp-json\/wp\/v2\/product"}],"about":[{"href":"https:\/\/roveyayinevi.com.tr\/index.php\/wp-json\/wp\/v2\/types\/product"}],"wp:attachment":[{"href":"https:\/\/roveyayinevi.com.tr\/index.php\/wp-json\/wp\/v2\/media?parent=717767"}],"wp:term":[{"taxonomy":"product_brand","embeddable":true,"href":"https:\/\/roveyayinevi.com.tr\/index.php\/wp-json\/wp\/v2\/product_brand?post=717767"},{"taxonomy":"product_cat","embeddable":true,"href":"https:\/\/roveyayinevi.com.tr\/index.php\/wp-json\/wp\/v2\/product_cat?post=717767"},{"taxonomy":"product_tag","embeddable":true,"href":"https:\/\/roveyayinevi.com.tr\/index.php\/wp-json\/wp\/v2\/product_tag?post=717767"}],"curies":[{"name":"wp","href":"https:\/\/api.w.org\/{rel}","templated":true}]}}