{"id":717766,"date":"2025-08-27T17:59:47","date_gmt":"2025-08-27T14:59:47","guid":{"rendered":"https:\/\/roveyayinevi.com.tr\/index.php\/urun\/bilim-ve-hipotez\/"},"modified":"2026-04-16T02:25:53","modified_gmt":"2026-04-15T23:25:53","slug":"bilim-ve-hipotez","status":"publish","type":"product","link":"https:\/\/roveyayinevi.com.tr\/index.php\/urun\/bilim-ve-hipotez\/","title":{"rendered":"Bilim Ve Hipotez"},"content":{"rendered":"<p>\u201cHer edimin bir amac\u0131 olmal\u0131d\u0131r. Ac\u0131 \u00e7ekmeliyiz, didinmeliyiz, oyundaki yerimizin bedelini \u00f6demeliyiz, fakat b\u00fct\u00fcn bunlar g\u00f6rmek i\u00e7indir veya hi\u00e7 olmazsa ba\u015fkalar\u0131n\u0131n bir g\u00fcn g\u00f6rebilmesi i\u00e7in. D\u00fc\u015f\u00fcnce olmayan her \u015fey salt yokluktur, zira biz ancak d\u00fc\u015f\u00fcnceyi d\u00fc\u015f\u00fcnebiliriz ve \u015feylerden bahsetmek i\u00e7in sahip oldu\u011fumuz b\u00fct\u00fcn kelimeler de ancak d\u00fc\u015f\u00fcnceleri ifade edebilir; demek oluyor ki d\u00fc\u015f\u00fcnceden ba\u015fka bir \u015feyin var oldu\u011funu s\u00f6ylemek anlam\u0131 olamayacak bir kabuld\u00fcr. Bununla beraber zamana inananlar i\u00e7in garip bir \u00e7eli\u015fki vard\u0131r; jeolojik tarih bize g\u00f6steriyor ki ya\u015fam iki \u00f6l\u00fcm ebedili\u011fi aras\u0131ndaki k\u0131sa bir macerad\u0131r. Bu macerada bile bilin\u00e7li d\u00fc\u015f\u00fcnce yaln\u0131zca bir an i\u00e7in var olmu\u015ftur ve olacakt\u0131r. D\u00fc\u015f\u00fcnce yaln\u0131zca uzun bir gecenin ortas\u0131nda yanan bir \u0131\u015f\u0131kt\u0131r. Fakat bu \u0131\u015f\u0131k her \u015feydir.\u201d <\/p>\n","protected":false},"excerpt":{"rendered":"<p>\u201cHer edimin bir amac\u0131 olmal\u0131d\u0131r. Ac\u0131 \u00e7ekmeliyiz, didinmeliyiz, oyundaki yerimizin bedelini \u00f6demeliyiz, fakat b\u00fct\u00fcn bunlar g\u00f6rmek i\u00e7indir veya hi\u00e7 olmazsa ba\u015fkalar\u0131n\u0131n bir g\u00fcn g\u00f6rebilmesi i\u00e7in. D\u00fc\u015f\u00fcnce<span class=\"excerpt-hellip\"> [\u2026]<\/span><\/p>\n","protected":false},"featured_media":0,"template":"","meta":{"_monsterinsights_skip_tracking":false,"_monsterinsights_sitenote_active":false,"_monsterinsights_sitenote_note":"","_monsterinsights_sitenote_category":0},"product_brand":[],"product_cat":[12389,12388],"product_tag":[],"class_list":{"0":"post-717766","1":"product","2":"type-product","3":"status-publish","5":"product_cat-diger-felsefe","6":"product_cat-felsefe","7":"pa_cilt-ciltsiz","8":"pa_tur-kitap","9":"pa_yayinevi-fol-kitap","10":"pa_yazar-henri-poincare","12":"first","13":"instock","14":"sale","15":"shipping-taxable","16":"purchasable","17":"product-type-simple"},"_links":{"self":[{"href":"https:\/\/roveyayinevi.com.tr\/index.php\/wp-json\/wp\/v2\/product\/717766","targetHints":{"allow":["GET"]}}],"collection":[{"href":"https:\/\/roveyayinevi.com.tr\/index.php\/wp-json\/wp\/v2\/product"}],"about":[{"href":"https:\/\/roveyayinevi.com.tr\/index.php\/wp-json\/wp\/v2\/types\/product"}],"wp:attachment":[{"href":"https:\/\/roveyayinevi.com.tr\/index.php\/wp-json\/wp\/v2\/media?parent=717766"}],"wp:term":[{"taxonomy":"product_brand","embeddable":true,"href":"https:\/\/roveyayinevi.com.tr\/index.php\/wp-json\/wp\/v2\/product_brand?post=717766"},{"taxonomy":"product_cat","embeddable":true,"href":"https:\/\/roveyayinevi.com.tr\/index.php\/wp-json\/wp\/v2\/product_cat?post=717766"},{"taxonomy":"product_tag","embeddable":true,"href":"https:\/\/roveyayinevi.com.tr\/index.php\/wp-json\/wp\/v2\/product_tag?post=717766"}],"curies":[{"name":"wp","href":"https:\/\/api.w.org\/{rel}","templated":true}]}}