{"id":717758,"date":"2025-08-27T17:59:41","date_gmt":"2025-08-27T14:59:41","guid":{"rendered":"https:\/\/roveyayinevi.com.tr\/index.php\/urun\/coban-yildizi\/"},"modified":"2026-04-03T02:32:19","modified_gmt":"2026-04-02T23:32:19","slug":"coban-yildizi","status":"publish","type":"product","link":"https:\/\/roveyayinevi.com.tr\/index.php\/urun\/coban-yildizi\/","title":{"rendered":"\u00c7oban Y\u0131ld\u0131z\u0131"},"content":{"rendered":"<p>Bir sokak ortas\u0131nda, k\u0131r\u0131k bir sokak lambas\u0131 e\u015fli\u011fin de sar\u0131p sarmalad\u0131m onu. Onun \u00e7\u0131kmaz soka\u011f\u0131nda Onunla yanmaya geldim.Ben Ate\u015f, ruhunu bu sat\u0131rlarda b\u0131rakan \u00c7oban Y\u0131ld\u0131z\u0131 de\u011fil!Ad\u0131m Ate\u015f, \u015fiir gibi bir adam\u0131n ellerine tutunarak sonsuzlu\u011fu yazan cesur k\u0131z.Ben Ate\u015f, bir ate\u015fin ortas\u0131nda tek ba\u015f\u0131na yanan \u00c7oban Y\u0131ld\u0131z\u0131 de\u011fil!Ad\u0131m Ate\u015f, bir adam\u0131n y\u00fcre\u011finde k\u00fcl olmaya ant i\u00e7mi\u015f g\u00fcne\u015f g\u00f6zl\u00fc k\u0131z.Ben Ate\u015f, bir adam\u0131n sevgisizli\u011fine sar\u0131l\u0131p sevgisizlikle b\u00fcy\u00fcyen \u00c7oban Y\u0131ld\u0131z\u0131 de\u011fil.\u2019Ad\u0131m Ate\u015f, bir adam\u0131n sevgisine sar\u0131l\u0131p ruhunu o adama emanet eden Deniz Feneri.<\/p>\n","protected":false},"excerpt":{"rendered":"<p>Bir sokak ortas\u0131nda, k\u0131r\u0131k bir sokak lambas\u0131 e\u015fli\u011fin de sar\u0131p sarmalad\u0131m onu. Onun \u00e7\u0131kmaz soka\u011f\u0131nda Onunla yanmaya geldim.Ben Ate\u015f, ruhunu bu sat\u0131rlarda b\u0131rakan \u00c7oban Y\u0131ld\u0131z\u0131 de\u011fil!Ad\u0131m<span class=\"excerpt-hellip\"> [\u2026]<\/span><\/p>\n","protected":false},"featured_media":0,"template":"","meta":{"_monsterinsights_skip_tracking":false,"_monsterinsights_sitenote_active":false,"_monsterinsights_sitenote_note":"","_monsterinsights_sitenote_category":0},"product_brand":[],"product_cat":[12291,12711],"product_tag":[],"class_list":{"0":"post-717758","1":"product","2":"type-product","3":"status-publish","5":"product_cat-edebiyat","6":"product_cat-roman-oyku","7":"pa_cilt-ciltsiz","8":"pa_tur-kitap","9":"pa_yayinevi-herdem-kitap","10":"pa_yazar-hatice-uygun","12":"first","13":"instock","14":"sale","15":"shipping-taxable","16":"purchasable","17":"product-type-simple"},"_links":{"self":[{"href":"https:\/\/roveyayinevi.com.tr\/index.php\/wp-json\/wp\/v2\/product\/717758","targetHints":{"allow":["GET"]}}],"collection":[{"href":"https:\/\/roveyayinevi.com.tr\/index.php\/wp-json\/wp\/v2\/product"}],"about":[{"href":"https:\/\/roveyayinevi.com.tr\/index.php\/wp-json\/wp\/v2\/types\/product"}],"wp:attachment":[{"href":"https:\/\/roveyayinevi.com.tr\/index.php\/wp-json\/wp\/v2\/media?parent=717758"}],"wp:term":[{"taxonomy":"product_brand","embeddable":true,"href":"https:\/\/roveyayinevi.com.tr\/index.php\/wp-json\/wp\/v2\/product_brand?post=717758"},{"taxonomy":"product_cat","embeddable":true,"href":"https:\/\/roveyayinevi.com.tr\/index.php\/wp-json\/wp\/v2\/product_cat?post=717758"},{"taxonomy":"product_tag","embeddable":true,"href":"https:\/\/roveyayinevi.com.tr\/index.php\/wp-json\/wp\/v2\/product_tag?post=717758"}],"curies":[{"name":"wp","href":"https:\/\/api.w.org\/{rel}","templated":true}]}}