{"id":717757,"date":"2025-08-27T17:59:41","date_gmt":"2025-08-27T14:59:41","guid":{"rendered":"https:\/\/roveyayinevi.com.tr\/index.php\/urun\/dus-curugu\/"},"modified":"2026-04-13T02:32:02","modified_gmt":"2026-04-12T23:32:02","slug":"dus-curugu","status":"publish","type":"product","link":"https:\/\/roveyayinevi.com.tr\/index.php\/urun\/dus-curugu\/","title":{"rendered":"D\u00fc\u015f \u00c7\u00fcr\u00fc\u011f\u00fc"},"content":{"rendered":"<p>Belki birg\u00fcn bir misa\ufb01r gelir diye kap\u0131lar\u0131 kilitli y\u00fcrek odalar\u0131 var onlar\u0131n.En \u00f6zel \u00e7ay bardaklar\u0131n\u0131, tabaklar\u0131n\u0131, \u00e7atal b\u0131\u00e7aklar\u0131n\u0131 hi\u00e7 kullanmad\u0131lar. Hepsini kutular, naylon torbalar i\u00e7inde misa\ufb01rlere saklad\u0131lar.Evlerinin en b\u00fcy\u00fck ve en rahat odalar\u0131nda oturmak yerine, oray\u0131 \u00f6zene bezene d\u00f6\u015feyip, kap\u0131lar\u0131n\u0131 kilitleyip, ad\u0131n\u0131 \u201cmisa\ufb01r odas\u0131\u201d koydular. Sonra kendilerini darac\u0131k odalara hapsettiler.En g\u00fczel masa \u00f6rt\u00fclerine, k\u0131rlentlere, yast\u0131k y\u00fczlerine, \u00e7ar\u015fa\ufb02ara ve i\u015flemeli havlulara dokunmaya k\u0131yamad\u0131lar.En kaliteli \u00e7ikolatalar, kolonyalar, tatl\u0131lar, lokumlar, kuruyemi\u015fler \u00e7oluk \u00e7ocuktan k\u00f6\u015fe bucak sakland\u0131.Hep en g\u00fczel \u015feyler birileri i\u00e7in bekletildi. Kendilerini ve \u00e7ocuklar\u0131n\u0131 o saklad\u0131klar\u0131 \u201c\u00f6zel ve g\u00fczel\u201d \u015feylere lay\u0131k g\u00f6rmediler. G\u00fczel anlara, g\u00fczel zamanlara, \u00f6zel sevmelere, \u00f6zel sarmalara hep uzaktan bakt\u0131klar\u0131 gibi&#8230;Misa\ufb01rleri mutlu etmeye \u00e7al\u0131\u015ft\u0131klar\u0131 kadar kendilerini mutlu etmeye gayret etmediler. Sadece kalabal\u0131k sofralarda \u00e7ekilen foto\u011fra\ufb02arda mutluymu\u015f gibi yapt\u0131lar.\u015eimdi biz onlardan bizi kocaman sevmelerini bekliyoruz. \u0130yi ho\u015f ama onlar kendilerini hic sevmediler ki, bizi nas\u0131l sevsinler? Onlar hep hayat\u0131n en k\u00fc\u00e7\u00fck odalar\u0131nda ya\u015fad\u0131lar. Kendilerini hayatlar\u0131n\u0131n misa\ufb01r odalar\u0131na lay\u0131k g\u00f6rmediler. Korkuyla, endi\u015feyle \u00f6m\u00fcrlerinin bir k\u00f6\u015fesinde ezik bir g\u00f6lge duranlar, \u015fimdi bizi hangi cesaretle, sevgiyle ve hangi inan\u00e7la gelip kucaklayacaklar?Misa\ufb01r odalar\u0131 gibi bo\u015f ve anlams\u0131z bir y\u00fcrek ta\u015f\u0131yorlar i\u00e7lerinde. Belki birg\u00fcn bir misa\ufb01r gelir diye kap\u0131lar\u0131 kilitli y\u00fcrek odalar\u0131 var onlar\u0131n. Tertemiz ve bak\u0131ml\u0131 ama bombo\u015f.Bom&#8230;bo\u015f&#8230;<\/p>\n","protected":false},"excerpt":{"rendered":"<p>Belki birg\u00fcn bir misa\ufb01r gelir diye kap\u0131lar\u0131 kilitli y\u00fcrek odalar\u0131 var onlar\u0131n.En \u00f6zel \u00e7ay bardaklar\u0131n\u0131, tabaklar\u0131n\u0131, \u00e7atal b\u0131\u00e7aklar\u0131n\u0131 hi\u00e7 kullanmad\u0131lar. Hepsini kutular, naylon torbalar i\u00e7inde misa\ufb01rlere<span class=\"excerpt-hellip\"> [\u2026]<\/span><\/p>\n","protected":false},"featured_media":0,"template":"","meta":{"_monsterinsights_skip_tracking":false,"_monsterinsights_sitenote_active":false,"_monsterinsights_sitenote_note":"","_monsterinsights_sitenote_category":0},"product_brand":[],"product_cat":[12291,12711],"product_tag":[],"class_list":{"0":"post-717757","1":"product","2":"type-product","3":"status-publish","5":"product_cat-edebiyat","6":"product_cat-roman-oyku","7":"pa_cilt-ciltsiz","8":"pa_tur-kitap","9":"pa_yayinevi-herdem-kitap","10":"pa_yazar-tamer-dursun","12":"first","13":"instock","14":"sale","15":"shipping-taxable","16":"purchasable","17":"product-type-simple"},"_links":{"self":[{"href":"https:\/\/roveyayinevi.com.tr\/index.php\/wp-json\/wp\/v2\/product\/717757","targetHints":{"allow":["GET"]}}],"collection":[{"href":"https:\/\/roveyayinevi.com.tr\/index.php\/wp-json\/wp\/v2\/product"}],"about":[{"href":"https:\/\/roveyayinevi.com.tr\/index.php\/wp-json\/wp\/v2\/types\/product"}],"wp:attachment":[{"href":"https:\/\/roveyayinevi.com.tr\/index.php\/wp-json\/wp\/v2\/media?parent=717757"}],"wp:term":[{"taxonomy":"product_brand","embeddable":true,"href":"https:\/\/roveyayinevi.com.tr\/index.php\/wp-json\/wp\/v2\/product_brand?post=717757"},{"taxonomy":"product_cat","embeddable":true,"href":"https:\/\/roveyayinevi.com.tr\/index.php\/wp-json\/wp\/v2\/product_cat?post=717757"},{"taxonomy":"product_tag","embeddable":true,"href":"https:\/\/roveyayinevi.com.tr\/index.php\/wp-json\/wp\/v2\/product_tag?post=717757"}],"curies":[{"name":"wp","href":"https:\/\/api.w.org\/{rel}","templated":true}]}}