{"id":717753,"date":"2025-08-27T17:59:38","date_gmt":"2025-08-27T14:59:38","guid":{"rendered":"https:\/\/roveyayinevi.com.tr\/index.php\/urun\/kalp-sizim-casus\/"},"modified":"2026-04-16T02:25:52","modified_gmt":"2026-04-15T23:25:52","slug":"kalp-sizim-casus","status":"publish","type":"product","link":"https:\/\/roveyayinevi.com.tr\/index.php\/urun\/kalp-sizim-casus\/","title":{"rendered":"Kalp S\u0131z\u0131m &#8211; Casus"},"content":{"rendered":"<p>A\u015fk ve Nefret\u2026Bu iki duygu ayn\u0131 v\u00fccutta hayat bulabilir mi?Yenilmez bir z\u0131rh\u0131 olan, i\u015f hayat\u0131nda ac\u0131mas\u0131zl\u0131\u011f\u0131yla bilinen Kenan Barlas, bu g\u00fcne kadar g\u00f6nl\u00fcn\u00fc kimseye kapt\u0131rmam\u0131\u015ft\u0131.Ta ki akl\u0131n\u0131 ba\u015f\u0131ndan alan g\u00fczel, zeki ve bir o kadar da dikkat \u00e7ekici Arzu Solmaz\u2019la tan\u0131\u015fana kadar.Kenan t\u00fcm g\u00fcc\u00fcn\u00fc ve kararl\u0131\u011f\u0131n\u0131 kalbini kapt\u0131rd\u0131\u011f\u0131 kad\u0131na teslim etti\u011fi anda hayat\u0131ndaki en b\u00fcy\u00fck yaray\u0131 alacakt\u0131r. \u0130lk defa yelkenlerini suya indirmi\u015fken kalbine yedi\u011fi han\u00e7eri unutabilir miydi?\u201cK.A.-Ate\u015f Holding b\u00fcy\u00fck bir \u00e7\u0131k\u0131\u015f yakalad\u0131!\u201d\u201c\u00dcnl\u00fc i\u015f adam\u0131 Uygar Kartal ve gizemli orta\u011f\u0131 piyasay\u0131 yerle bir etti!\u201d\u201cBRS Global End\u00fcstri Zirvedeki Yerini mi Kaybediyor?&#8221;Kenan Barlas, elindeki gazeteleri b\u00fcy\u00fck bir \u00f6fkeyle yere f\u0131rlatt\u0131.\u201cKahretsin!\u201d\u201cKim bu gizemli ortak? Kim!\u201dBirbiri i\u00e7in atan iki kalp birbirinin can\u0131n\u0131 yakmaya ant i\u00e7mi\u015f iki d\u00fc\u015fmana d\u00f6n\u00fc\u015ft\u00fc\u011f\u00fc vakit hi\u00e7bir \u015fey bir daha eskisi gibi olmayacakt\u0131r.Yolun sonunda kazanan olacak m\u0131?A\u015fk her ikisi i\u00e7inde unutulmas\u0131 gereken bir duyguydu\u2026Ancak hesaba katmad\u0131klar\u0131 bir \u015fey vard\u0131.A\u015fk nefretten beslenirdi&#8230;Peki, casusun hik\u00e2yesi neydi?A\u015fk &#8211; Nefret &#8211; \u0130ntikamKalp S\u0131z\u0131m\u201cCasus\u201d<\/p>\n","protected":false},"excerpt":{"rendered":"<p>A\u015fk ve Nefret\u2026Bu iki duygu ayn\u0131 v\u00fccutta hayat bulabilir mi?Yenilmez bir z\u0131rh\u0131 olan, i\u015f hayat\u0131nda ac\u0131mas\u0131zl\u0131\u011f\u0131yla bilinen Kenan Barlas, bu g\u00fcne kadar g\u00f6nl\u00fcn\u00fc kimseye kapt\u0131rmam\u0131\u015ft\u0131.Ta ki<span class=\"excerpt-hellip\"> [\u2026]<\/span><\/p>\n","protected":false},"featured_media":0,"template":"","meta":{"_monsterinsights_skip_tracking":false,"_monsterinsights_sitenote_active":false,"_monsterinsights_sitenote_note":"","_monsterinsights_sitenote_category":0},"product_brand":[],"product_cat":[12291,12711],"product_tag":[],"class_list":{"0":"post-717753","1":"product","2":"type-product","3":"status-publish","5":"product_cat-edebiyat","6":"product_cat-roman-oyku","7":"pa_cilt-ciltsiz","8":"pa_tur-kitap","9":"pa_yayinevi-herdem-kitap","10":"pa_yazar-sibel-celik","12":"first","13":"instock","14":"sale","15":"shipping-taxable","16":"purchasable","17":"product-type-simple"},"_links":{"self":[{"href":"https:\/\/roveyayinevi.com.tr\/index.php\/wp-json\/wp\/v2\/product\/717753","targetHints":{"allow":["GET"]}}],"collection":[{"href":"https:\/\/roveyayinevi.com.tr\/index.php\/wp-json\/wp\/v2\/product"}],"about":[{"href":"https:\/\/roveyayinevi.com.tr\/index.php\/wp-json\/wp\/v2\/types\/product"}],"wp:attachment":[{"href":"https:\/\/roveyayinevi.com.tr\/index.php\/wp-json\/wp\/v2\/media?parent=717753"}],"wp:term":[{"taxonomy":"product_brand","embeddable":true,"href":"https:\/\/roveyayinevi.com.tr\/index.php\/wp-json\/wp\/v2\/product_brand?post=717753"},{"taxonomy":"product_cat","embeddable":true,"href":"https:\/\/roveyayinevi.com.tr\/index.php\/wp-json\/wp\/v2\/product_cat?post=717753"},{"taxonomy":"product_tag","embeddable":true,"href":"https:\/\/roveyayinevi.com.tr\/index.php\/wp-json\/wp\/v2\/product_tag?post=717753"}],"curies":[{"name":"wp","href":"https:\/\/api.w.org\/{rel}","templated":true}]}}