{"id":717750,"date":"2025-08-27T17:59:36","date_gmt":"2025-08-27T14:59:36","guid":{"rendered":"https:\/\/roveyayinevi.com.tr\/index.php\/urun\/hazar-kaganligi-ve-etrafindaki-duntya\/"},"modified":"2026-04-16T02:25:52","modified_gmt":"2026-04-15T23:25:52","slug":"hazar-kaganligi-ve-etrafindaki-duntya","status":"publish","type":"product","link":"https:\/\/roveyayinevi.com.tr\/index.php\/urun\/hazar-kaganligi-ve-etrafindaki-duntya\/","title":{"rendered":"Hazar Ka\u011fanl\u0131\u011f\u0131 ve Etraf\u0131ndaki D\u00fcntya"},"content":{"rendered":"<p>630\u2019da G\u00f6kt\u00fcrk Ka\u011fanl\u0131\u011f\u0131 80 y\u0131ll\u0131k k\u0131sa ama g\u00f6rkemli bir idareden sonra tarih sahnesinden \u00e7ekilirken \u0130til \u0131rma\u011f\u0131 yeni bir devletin kurulu\u015funa \u015fahit oluyordu&#8230;G\u00f6kt\u00fcrk hanedan\u0131ndan bir ki\u015fi taraf\u0131ndan kurulan bu yeni devlet asl\u0131nda G\u00f6kt\u00fcrk Ka\u011fanl\u0131\u011f\u0131\u2019n\u0131n egemen oldu\u011fu topraklar\u0131n bir par\u00e7as\u0131nda yeniden dirili\u015fini temsil eder. G\u00f6kt\u00fcrk idaresi alt\u0131nda ge\u00e7irdikleri y\u0131llarda sadakatlerini defalarca ispat etmi\u015f olan, kendileri de T\u00fcrk halklar\u0131ndan birisi olan Hazarlara dayanmas\u0131ndan \u00f6t\u00fcr\u00fc Hazar Ka\u011fanl\u0131\u011f\u0131 ad\u0131 ile an\u0131lan bu devletin tarihi, 630 dolaylar\u0131ndaki kurulu\u015fundan 965\u2019teki y\u0131k\u0131l\u0131\u015f\u0131na kadar b\u00f6lge g\u00fcc\u00fcnden bir d\u00fcnya g\u00fcc\u00fcne d\u00f6n\u00fc\u015f\u00fcm\u00fcn\u00fcn tarihidir. Altay Tayfun \u00d6zcan, de\u011fi\u015fik y\u00f6nleri ile T\u00fcrk tarihinin en merak uyand\u0131ran devletlerinden birisi olan Hazar Ka\u011fanl\u0131\u011f\u0131n\u0131n tarihine bu eser ile d\u0131\u015f siyaseti penceresinden yakla\u015f\u0131yor. Hazar Ka\u011fanl\u0131\u011f\u0131\u2019n\u0131nEmevi ve Abbasi Halifelikleri ile d\u00fc\u015fmanl\u0131ktan s\u0131k\u0131 ticari ili\u015fkilere d\u00f6n\u00fc\u015fen m\u00fcnasebetlerini, Bizans \u0130mparatorlu\u011fu ile m\u00fcttefiklik gibi bir g\u00f6r\u00fcn\u00fcm arz eden temaslar\u0131ndan kar\u015f\u0131l\u0131kl\u0131 g\u00fcvensizli\u011fe d\u00f6n\u00fc\u015fen ili\u015fkilerini, Ruslar\u0131n bir t\u00fcccar s\u0131n\u0131f\u0131 olarak sokulduklar\u0131 Hazar topraklar\u0131nda Ka\u011fanl\u0131k i\u00e7in nas\u0131l b\u00fcy\u00fck bir tehlikeye d\u00f6n\u00fc\u015ft\u00fcklerini t\u00fcm detaylar\u0131yla anlat\u0131yor. Ayn\u0131 zamanda Hazar Ka\u011fanl\u0131\u011f\u0131\u2019n\u0131n Macar ve O\u011fuzlarla kimi zaman dostlukla kimi zaman d\u00fc\u015fmanl\u0131kla ge\u00e7en ili\u015fkilerini, Pe\u00e7eneklerle m\u00fccadeleleri ve \u0130til Bulgarlar\u0131n\u0131n ba\u011f\u0131ms\u0131zl\u0131klar\u0131n\u0131 kazanmak i\u00e7in Hazarlarla nas\u0131l bir so\u011fuk sava\u015fa giri\u015ftikleri de yine bu eserde yer buluyor. \u201cHazar Ka\u011fanl\u0131\u011f\u0131 ve Etraf\u0131ndaki D\u00fcnya\u201d, t\u00fcm okurlar\u0131 bilinmeyen y\u00f6nleri ve tarihimizdeki kritik yerleriyle Hazarlar\u0131n d\u00fcnyas\u0131na davet ediyor. <\/p>\n","protected":false},"excerpt":{"rendered":"<p>630\u2019da G\u00f6kt\u00fcrk Ka\u011fanl\u0131\u011f\u0131 80 y\u0131ll\u0131k k\u0131sa ama g\u00f6rkemli bir idareden sonra tarih sahnesinden \u00e7ekilirken \u0130til \u0131rma\u011f\u0131 yeni bir devletin kurulu\u015funa \u015fahit oluyordu&#8230;G\u00f6kt\u00fcrk hanedan\u0131ndan bir ki\u015fi taraf\u0131ndan<span class=\"excerpt-hellip\"> [\u2026]<\/span><\/p>\n","protected":false},"featured_media":0,"template":"","meta":{"_monsterinsights_skip_tracking":false,"_monsterinsights_sitenote_active":false,"_monsterinsights_sitenote_note":"","_monsterinsights_sitenote_category":0},"product_brand":[],"product_cat":[12370,12304],"product_tag":[],"class_list":{"0":"post-717750","1":"product","2":"type-product","3":"status-publish","5":"product_cat-arastirma-inceleme","6":"product_cat-tarih","7":"pa_cilt-ciltsiz","8":"pa_tur-kitap","9":"pa_yayinevi-kronik-kitap","10":"pa_yazar-altay-tayfun-ozcan","12":"first","13":"instock","14":"sale","15":"shipping-taxable","16":"purchasable","17":"product-type-simple"},"_links":{"self":[{"href":"https:\/\/roveyayinevi.com.tr\/index.php\/wp-json\/wp\/v2\/product\/717750","targetHints":{"allow":["GET"]}}],"collection":[{"href":"https:\/\/roveyayinevi.com.tr\/index.php\/wp-json\/wp\/v2\/product"}],"about":[{"href":"https:\/\/roveyayinevi.com.tr\/index.php\/wp-json\/wp\/v2\/types\/product"}],"wp:attachment":[{"href":"https:\/\/roveyayinevi.com.tr\/index.php\/wp-json\/wp\/v2\/media?parent=717750"}],"wp:term":[{"taxonomy":"product_brand","embeddable":true,"href":"https:\/\/roveyayinevi.com.tr\/index.php\/wp-json\/wp\/v2\/product_brand?post=717750"},{"taxonomy":"product_cat","embeddable":true,"href":"https:\/\/roveyayinevi.com.tr\/index.php\/wp-json\/wp\/v2\/product_cat?post=717750"},{"taxonomy":"product_tag","embeddable":true,"href":"https:\/\/roveyayinevi.com.tr\/index.php\/wp-json\/wp\/v2\/product_tag?post=717750"}],"curies":[{"name":"wp","href":"https:\/\/api.w.org\/{rel}","templated":true}]}}