{"id":717749,"date":"2025-08-27T17:59:35","date_gmt":"2025-08-27T14:59:35","guid":{"rendered":"https:\/\/roveyayinevi.com.tr\/index.php\/urun\/hacli-seferleri-tarihi\/"},"modified":"2026-04-16T02:25:52","modified_gmt":"2026-04-15T23:25:52","slug":"hacli-seferleri-tarihi","status":"publish","type":"product","link":"https:\/\/roveyayinevi.com.tr\/index.php\/urun\/hacli-seferleri-tarihi\/","title":{"rendered":"Ha\u00e7l\u0131 Seferleri Tarihi"},"content":{"rendered":"<p>Tap\u0131nak\u00e7\u0131lar nas\u0131l ortaya \u00e7\u0131kt\u0131? Kud\u00fcs Krall\u0131\u011f\u0131\u2019na ba\u011fl\u0131 \u015fehirler ve kaleler hangileriydi? Selahaddin Eyyubi\u2019nin zindandan sal\u0131verilmesi ve Kud\u00fcs\u2019\u00fc ku\u015fatmas\u0131na dek y\u00fckseli\u015fi hangi ad\u0131mlarla, nas\u0131l ger\u00e7ekle\u015fti? Ger\u00e7ek Ha\u00e7 orduya nas\u0131l getirildi? H\u0131ristiyanlar, Akka\u2019y\u0131 M\u00fcsl\u00fcmanlardan nas\u0131l ald\u0131? Saphadin, Selahaddin\u2019in o\u011fullar\u0131n\u0131n topraklar\u0131n\u0131 hangi gerek\u00e7elerle ve yollarla ellerinden ald\u0131? Kral Jean de Brienne ve H\u0131ristiyanlar, M\u00fcsl\u00fcmanlara nas\u0131l ma\u011flup oldu? Kral Jean, Kardinal Pelagius\u2019u Papa\u2019ya neden \u015fik\u00e2yet etti ve Konstantinopolis\u2019i nas\u0131l ele ge\u00e7irdi? Tarihi olaylar\u0131 ve olgular\u0131 tek bir perspektiften aktaran vakayinameler ile kronikler, tarihle politika aras\u0131ndaki ba\u011flant\u0131y\u0131 bug\u00fcnlere ta\u015f\u0131mak ve kronolojik bir \u00e7\u00f6z\u00fcmleme yapabilmek i\u00e7in e\u015fsiz birer kaynaklard\u0131r. Ernoul Kroni\u011fi bu anlamda kendisinden sonra yaz\u0131lan Ha\u00e7l\u0131 Seferleri ve Kud\u00fcs tarihi literat\u00fcr\u00fcn\u00fc etkileyen olduk\u00e7a kritik ve \u00f6nemli bir eserdir. G\u00fcn\u00fcm\u00fcze dek tam olarak anla\u015f\u0131lamam\u0131\u015f ve \u00e7\u00f6z\u00fcmlenememi\u015f bir d\u00f6neme ve bu d\u00f6neme damgas\u0131n\u0131 vuran Kutsal Sava\u015f mefhumuna ba\u015fka bir g\u00f6zle bakarak ve ele\u015ftirel bir a\u00e7\u0131dan de\u011ferlendirme ihtiyac\u0131n\u0131 kar\u015f\u0131lamaktad\u0131r. \u0130lk kez modern bir dile terc\u00fcme edilen eser d\u00f6nemin t\u00fcm arka plan\u0131n\u0131 analiz edebilmek i\u00e7in tekrar tekrar okunmas\u0131 gereken bir kaynakt\u0131r. ErnoulKroni\u011fi\u2019nin bir di\u011fer \u00f6zelli\u011fiyse bilhassa b\u00fcy\u00fck \u00f6l\u00e7\u00fcde Selahaddin Eyyubi\u2019nin biyografisi olmas\u0131d\u0131r. \u00d6zellikle 1187 y\u0131l\u0131ndaki Kud\u00fcs\u2019\u00fc fethi ve hemen ard\u0131ndan ger\u00e7ekle\u015ftirilen III. Ha\u00e7l\u0131 Seferi konusunda ilk elden g\u00f6rg\u00fc tan\u0131kl\u0131klar\u0131n\u0131 ihtiva etmesi, eserin k\u0131ymetini ortaya koymaktad\u0131r. Kronik, Selahaddin\u2019in hayattayken kutsal topraklarda yapt\u0131klar\u0131n\u0131 ve getirmi\u015f oldu\u011fu y\u00f6netim bi\u00e7iminin sonraki y\u0131llardaki etkilerini detayl\u0131 \u015fekilde anlatmaktad\u0131r. Ahmet Deniz Altunba\u015f\u2019\u0131n Eski Frans\u0131zca asl\u0131ndan \u00e7evirdi\u011fi \u201cHA\u00c7LI SEFERLER\u0130 TAR\u0130H\u0130: Selahaddin Eyy\u00fcbi ve Kud\u00fcs\u2019\u00fcn Fethi\u201d, bir devrin en ilgi \u00e7eken d\u00f6nemini esas kayna\u011f\u0131ndan okumak isteyen herkes i\u00e7in e\u015fsiz bir \u00e7al\u0131\u015fma\u2026 <\/p>\n","protected":false},"excerpt":{"rendered":"<p>Tap\u0131nak\u00e7\u0131lar nas\u0131l ortaya \u00e7\u0131kt\u0131? Kud\u00fcs Krall\u0131\u011f\u0131\u2019na ba\u011fl\u0131 \u015fehirler ve kaleler hangileriydi? Selahaddin Eyyubi\u2019nin zindandan sal\u0131verilmesi ve Kud\u00fcs\u2019\u00fc ku\u015fatmas\u0131na dek y\u00fckseli\u015fi hangi ad\u0131mlarla, nas\u0131l ger\u00e7ekle\u015fti? Ger\u00e7ek Ha\u00e7<span class=\"excerpt-hellip\"> [\u2026]<\/span><\/p>\n","protected":false},"featured_media":0,"template":"","meta":{"_monsterinsights_skip_tracking":false,"_monsterinsights_sitenote_active":false,"_monsterinsights_sitenote_note":"","_monsterinsights_sitenote_category":0},"product_brand":[],"product_cat":[12370,12304],"product_tag":[],"class_list":{"0":"post-717749","1":"product","2":"type-product","3":"status-publish","5":"product_cat-arastirma-inceleme","6":"product_cat-tarih","7":"pa_cilt-ciltsiz","8":"pa_tur-kitap","9":"pa_yayinevi-kronik-kitap","10":"pa_yazar-kolektif","12":"first","13":"instock","14":"sale","15":"shipping-taxable","16":"purchasable","17":"product-type-simple"},"_links":{"self":[{"href":"https:\/\/roveyayinevi.com.tr\/index.php\/wp-json\/wp\/v2\/product\/717749","targetHints":{"allow":["GET"]}}],"collection":[{"href":"https:\/\/roveyayinevi.com.tr\/index.php\/wp-json\/wp\/v2\/product"}],"about":[{"href":"https:\/\/roveyayinevi.com.tr\/index.php\/wp-json\/wp\/v2\/types\/product"}],"wp:attachment":[{"href":"https:\/\/roveyayinevi.com.tr\/index.php\/wp-json\/wp\/v2\/media?parent=717749"}],"wp:term":[{"taxonomy":"product_brand","embeddable":true,"href":"https:\/\/roveyayinevi.com.tr\/index.php\/wp-json\/wp\/v2\/product_brand?post=717749"},{"taxonomy":"product_cat","embeddable":true,"href":"https:\/\/roveyayinevi.com.tr\/index.php\/wp-json\/wp\/v2\/product_cat?post=717749"},{"taxonomy":"product_tag","embeddable":true,"href":"https:\/\/roveyayinevi.com.tr\/index.php\/wp-json\/wp\/v2\/product_tag?post=717749"}],"curies":[{"name":"wp","href":"https:\/\/api.w.org\/{rel}","templated":true}]}}