{"id":717746,"date":"2025-08-27T17:59:34","date_gmt":"2025-08-27T14:59:34","guid":{"rendered":"https:\/\/roveyayinevi.com.tr\/index.php\/urun\/modernin-saati\/"},"modified":"2026-04-16T02:25:52","modified_gmt":"2026-04-15T23:25:52","slug":"modernin-saati","status":"publish","type":"product","link":"https:\/\/roveyayinevi.com.tr\/index.php\/urun\/modernin-saati\/","title":{"rendered":"Modernin Saati"},"content":{"rendered":"<p>Geleneksel insan ancak toplumsal bellekte var olan\u0131 bilebilir. Oysa, Pierre Nora\u2019n\u0131n ifadesiyle, \u201cbizim umutsuzca unutkan modern toplumlar\u0131m\u0131z\u201d belleklerini yitirir ve yerine tarih yaz\u0131m\u0131n\u0131 yerle\u015ftirirler. Yine onun deyi\u015fiyle, \u201cmilieux de m\u00e9moire\u201d (an\u0131msama ortamlar\u0131) yerlerini \u201clieux de m\u00e9moire\u201da (an\u0131msama yerlerine ya da mekanlar\u0131na) b\u0131rak\u0131rlar.Gecikmi\u015f modernle\u015fen toplumlarda yukar\u0131daki geli\u015fme farkl\u0131 ger\u00e7ekle\u015fir. Toplum bir yandan h\u0131zla de\u011fi\u015fmekte, geleneksel \u201can\u0131msama ortamlar\u0131n\u0131\u201d ortadan kald\u0131rmakta; ama ayn\u0131 ba\u015far\u0131y\u0131 yeni \u201can\u0131msama mekanlar\u0131\u201dn\u0131 yaratmakta g\u00f6sterememektedir.Ali Cengizkan\u2019\u0131n bu kitapta bir araya getirilen \u00e7al\u0131\u015fmalar\u0131 i\u015fte bu ba\u011flamda \u00f6zellikle \u00f6nemli g\u00f6z\u00fck\u00fcyor. Cengizkan sadece 20. y\u00fczy\u0131l T\u00fcrkiye mimarl\u0131\u011f\u0131 tarihinin kimi noktalar\u0131n\u0131 ayd\u0131nlatmaya \u00e7al\u0131\u015fm\u0131yor; d\u00fcped\u00fcz \u201can\u0131msama mekanlar\u0131\u201d yarat\u0131yor. Bunu yapabilmek i\u00e7in bir yandan belge \u00fcretiyor. Bug\u00fcne dek belge olarak kullan\u0131lmam\u0131\u015f, fark\u0131na var\u0131lmam\u0131\u015f baz\u0131 yaz\u0131l\u0131, g\u00f6rsel ve \u00e7izili malzemeyi \u201cke\u015ffediyor\u201d.Toplumsal belle\u011fin kayb\u0131n\u0131n b\u0131rakt\u0131\u011f\u0131 bo\u015flukta konumlanacak yeni tarihsel belle\u011fin in\u015fas\u0131 ku\u015fkusuz \u00e7ok vakit alacak zorlu bir u\u011fra\u015f. Daha birka\u00e7 ku\u015fa\u011f\u0131n zihinsel eme\u011fini gerektiriyor. Ancak, Cengizkan&#8217;\u0131n bu alandaki \u00e7abas\u0131n\u0131n ufuk a\u00e7\u0131c\u0131 oldu\u011fu kabul edilmelidir. Fazla basmakal\u0131p ve bilindik hale gelen bir \u201cCumhuriyet mimarisi\u201d kurgusunun yerine, yeni bir tarih b\u00f6lgesinin a\u00e7\u0131lmakta oldu\u011funun habercili\u011fini yapanlardan biri o.<\/p>\n","protected":false},"excerpt":{"rendered":"<p>Geleneksel insan ancak toplumsal bellekte var olan\u0131 bilebilir. Oysa, Pierre Nora\u2019n\u0131n ifadesiyle, \u201cbizim umutsuzca unutkan modern toplumlar\u0131m\u0131z\u201d belleklerini yitirir ve yerine tarih yaz\u0131m\u0131n\u0131 yerle\u015ftirirler. Yine onun<span class=\"excerpt-hellip\"> [\u2026]<\/span><\/p>\n","protected":false},"featured_media":0,"template":"","meta":{"_monsterinsights_skip_tracking":false,"_monsterinsights_sitenote_active":false,"_monsterinsights_sitenote_note":"","_monsterinsights_sitenote_category":0},"product_brand":[],"product_cat":[13512,12408],"product_tag":[],"class_list":{"0":"post-717746","1":"product","2":"type-product","3":"status-publish","5":"product_cat-mimarlik","6":"product_cat-sanat","7":"pa_cilt-ciltsiz","8":"pa_tur-kitap","9":"pa_yayinevi-arkadas-yayinlari","10":"pa_yazar-ali-cengizkan","12":"first","13":"instock","14":"sale","15":"shipping-taxable","16":"purchasable","17":"product-type-simple"},"_links":{"self":[{"href":"https:\/\/roveyayinevi.com.tr\/index.php\/wp-json\/wp\/v2\/product\/717746","targetHints":{"allow":["GET"]}}],"collection":[{"href":"https:\/\/roveyayinevi.com.tr\/index.php\/wp-json\/wp\/v2\/product"}],"about":[{"href":"https:\/\/roveyayinevi.com.tr\/index.php\/wp-json\/wp\/v2\/types\/product"}],"wp:attachment":[{"href":"https:\/\/roveyayinevi.com.tr\/index.php\/wp-json\/wp\/v2\/media?parent=717746"}],"wp:term":[{"taxonomy":"product_brand","embeddable":true,"href":"https:\/\/roveyayinevi.com.tr\/index.php\/wp-json\/wp\/v2\/product_brand?post=717746"},{"taxonomy":"product_cat","embeddable":true,"href":"https:\/\/roveyayinevi.com.tr\/index.php\/wp-json\/wp\/v2\/product_cat?post=717746"},{"taxonomy":"product_tag","embeddable":true,"href":"https:\/\/roveyayinevi.com.tr\/index.php\/wp-json\/wp\/v2\/product_tag?post=717746"}],"curies":[{"name":"wp","href":"https:\/\/api.w.org\/{rel}","templated":true}]}}