{"id":717745,"date":"2025-08-27T17:59:33","date_gmt":"2025-08-27T14:59:33","guid":{"rendered":"https:\/\/roveyayinevi.com.tr\/index.php\/urun\/tiptan-uzak-saglikli-hayat\/"},"modified":"2026-04-16T02:25:52","modified_gmt":"2026-04-15T23:25:52","slug":"tiptan-uzak-saglikli-hayat","status":"publish","type":"product","link":"https:\/\/roveyayinevi.com.tr\/index.php\/urun\/tiptan-uzak-saglikli-hayat\/","title":{"rendered":"T\u0131ptan Uzak Sa\u011fl\u0131kl\u0131 Hayat"},"content":{"rendered":"<p>Herkes i\u00e7in ge\u00e7erli, kafa kar\u0131\u015ft\u0131rmayan, ucuz, basit, geleneksel ve bilim d\u0131\u015f\u0131! Sa\u011fl\u0131\u011f\u0131n\u0131z yerinde ise l\u00fctfen t\u0131ptan uzak durun ama ger\u00e7ekten hasta iseniz ba\u015fvuraca\u011f\u0131n\u0131z tek yer de tabii ki modern t\u0131pt\u0131r. Atalar\u0131m\u0131z\u0131n \u201cAllah doktora muhta\u00e7 etmesin ama doktorsuz da b\u0131rakmas\u0131n\u201d s\u00f6z\u00fc tam da bunun i\u00e7in s\u00f6ylenmi\u015f olmal\u0131d\u0131r. Hasta olmamak b\u00fcy\u00fck \u00f6l\u00e7\u00fcde kendi elimizdedir ve b\u00fct\u00fcn mesele de sa\u011fl\u0131kl\u0131 ya\u015faman\u0131n icaplar\u0131n\u0131 yerine getirmekten ibarettir. Ben bu felsefeyi \u201cT\u0131ptan Uzak Sa\u011fl\u0131kl\u0131 Hayat\u201d slogan\u0131 ile \u00f6zetliyorum. Sa\u011fl\u0131kl\u0131 ve uzun ya\u015faman\u0131n en \u00f6nemli unsuru da benim \u201cAdam Gibi Beslenme\u201d ad\u0131n\u0131 verdi\u011fim, atalar\u0131m\u0131z\u0131n binlerce senedir uygulad\u0131klar\u0131 beslenme modelidir. T\u0131bb\u0131n babas\u0131 Hipokrat bu hakikati 2500 sene evvel \u201cBesinler ilac\u0131n\u0131z, ilac\u0131n\u0131z besininiz olsun\u201d s\u00f6z\u00fcyle ifade etmi\u015ftir. Modern ticari t\u0131bb\u0131n beslenmeyle al\u00e2kal\u0131 tavsiyelerinden uzak durarak ve adam gibi beslenerek t\u00fcm kronik hastal\u0131klar\u0131 \u00f6nlemek ve erken d\u00f6nemde hepsini tedavi etmek de m\u00fcmk\u00fcnd\u00fcr. Elinizde tuttu\u011funuz bu kitap da t\u0131ptan uzak sa\u011fl\u0131kl\u0131 ya\u015faman\u0131n ne demek oldu\u011funu, bunun nas\u0131l ba\u015far\u0131labilece\u011fini, adam gibi beslenerek nas\u0131l sa\u011fl\u0131kl\u0131 olunaca\u011f\u0131n\u0131 anlatmaktad\u0131r. Gelelim Neticeye;Bu bir diyet kitab\u0131 de\u011fildir. Bu kitapta s\u00fcper g\u0131dalar, mucize k\u00fcrler gibi \u015feyler aramay\u0131nBu kitapta hastal\u0131klar i\u00e7in de \u00f6zel form\u00fcller, sihirli re\u00e7eteler de yok. Bu kitap okuyucuya insanlar\u0131n binlerce senedir nas\u0131l beslendiklerini hat\u0131rlatmaktad\u0131r. <\/p>\n","protected":false},"excerpt":{"rendered":"<p>Herkes i\u00e7in ge\u00e7erli, kafa kar\u0131\u015ft\u0131rmayan, ucuz, basit, geleneksel ve bilim d\u0131\u015f\u0131! Sa\u011fl\u0131\u011f\u0131n\u0131z yerinde ise l\u00fctfen t\u0131ptan uzak durun ama ger\u00e7ekten hasta iseniz ba\u015fvuraca\u011f\u0131n\u0131z tek yer de<span class=\"excerpt-hellip\"> [\u2026]<\/span><\/p>\n","protected":false},"featured_media":0,"template":"","meta":{"_monsterinsights_skip_tracking":false,"_monsterinsights_sitenote_active":false,"_monsterinsights_sitenote_note":"","_monsterinsights_sitenote_category":0},"product_brand":[],"product_cat":[13402,13365],"product_tag":[],"class_list":{"0":"post-717745","1":"product","2":"type-product","3":"status-publish","5":"product_cat-beslenme-ve-diyet","6":"product_cat-saglik","7":"pa_cilt-ciltsiz","8":"pa_tur-kitap","9":"pa_yayinevi-hayykitap","10":"pa_yazar-ahmet-rasim-kucukusta","12":"first","13":"instock","14":"sale","15":"shipping-taxable","16":"purchasable","17":"product-type-simple"},"_links":{"self":[{"href":"https:\/\/roveyayinevi.com.tr\/index.php\/wp-json\/wp\/v2\/product\/717745","targetHints":{"allow":["GET"]}}],"collection":[{"href":"https:\/\/roveyayinevi.com.tr\/index.php\/wp-json\/wp\/v2\/product"}],"about":[{"href":"https:\/\/roveyayinevi.com.tr\/index.php\/wp-json\/wp\/v2\/types\/product"}],"wp:attachment":[{"href":"https:\/\/roveyayinevi.com.tr\/index.php\/wp-json\/wp\/v2\/media?parent=717745"}],"wp:term":[{"taxonomy":"product_brand","embeddable":true,"href":"https:\/\/roveyayinevi.com.tr\/index.php\/wp-json\/wp\/v2\/product_brand?post=717745"},{"taxonomy":"product_cat","embeddable":true,"href":"https:\/\/roveyayinevi.com.tr\/index.php\/wp-json\/wp\/v2\/product_cat?post=717745"},{"taxonomy":"product_tag","embeddable":true,"href":"https:\/\/roveyayinevi.com.tr\/index.php\/wp-json\/wp\/v2\/product_tag?post=717745"}],"curies":[{"name":"wp","href":"https:\/\/api.w.org\/{rel}","templated":true}]}}