{"id":717744,"date":"2025-08-27T17:59:33","date_gmt":"2025-08-27T14:59:33","guid":{"rendered":"https:\/\/roveyayinevi.com.tr\/index.php\/urun\/mumtaz-turhan-butun-eserleri\/"},"modified":"2026-04-16T02:25:52","modified_gmt":"2026-04-15T23:25:52","slug":"mumtaz-turhan-butun-eserleri","status":"publish","type":"product","link":"https:\/\/roveyayinevi.com.tr\/index.php\/urun\/mumtaz-turhan-butun-eserleri\/","title":{"rendered":"M\u00fcmtaz Turhan B\u00fct\u00fcn Eserleri"},"content":{"rendered":"<p>Toprak Reformu ve K\u00f6y Kalk\u0131nmas\u0131 Maarifimizin Ana Davalar\u0131 ve Baz\u0131 Hal \u00c7areleri \u00dcniversite Problemi Atat\u00fcrk \u0130lkeleri ve Kalk\u0131nma G\u00f6r\u00fcl\u00fcyor ki, T\u00fcrkiye, ideoloji bak\u0131mdan bir \u00e7\u0131kmaza girmi\u015ftir. Kurtulu\u015f \u00e7arelerini, kalk\u0131nma, ilerleme vas\u0131talar\u0131n\u0131 \u00e7ok iyi se\u00e7mi\u015f olmas\u0131na ra\u011fmen, m\u00fcnevverinin sosyal idr\u00e2k k\u0131tl\u0131\u011f\u0131, isabetsiz davran\u0131\u015flar\u0131, yanl\u0131\u015f tefsirleri y\u00fcz\u00fcnden tatbikatta g\u00fc\u00e7l\u00fckle kar\u015f\u0131la\u015f\u0131lm\u0131\u015f, beklenilen neticeler elde edilememi\u015ftir. L\u00fczumsuz ve m\u00e2n\u00e2s\u0131z yere halkla ihtil\u00e2fa d\u00fc\u015f\u00fclm\u00fc\u015f, haks\u0131z olarak halka bask\u0131 yap\u0131lm\u0131\u015f, bu y\u00fczden onun, kurtar\u0131c\u0131 i\u015fbirli\u011finden mahrum kal\u0131nm\u0131\u015ft\u0131r. Yine bu y\u00fczden, seneler kaybedilmi\u015ftir. T\u00fcrkiye\u2019nin art\u0131k kaybedecek zaman\u0131 kalmad\u0131\u011f\u0131na g\u00f6re bir an evvel bu vaziyetten kurtulup hamleler yapmas\u0131 gerekmektedir. Bu itibarla m\u00fcnevverlerin davran\u0131\u015f ve anlay\u0131\u015flar\u0131nda cezri baz\u0131 de\u011fi\u015fiklikler yapmalar\u0131 icap ediyor. \u00c7o\u011fu istisnas\u0131z bir \u015fekilde herkesin arzulad\u0131\u011f\u0131, \u00f6zledi\u011fi, eri\u015filmesini temenni etti\u011fi t\u00e2li bir hedef olan Atat\u00fcrk ilkeleri, millet olma ve mill\u00ee bir k\u00fclt\u00fcre kavu\u015fma gibi daha umum\u00ee ve \u015f\u00fcmull\u00fc gayelerin birer vas\u0131tas\u0131 yap\u0131lmak suretiyle halk\u0131n i\u015fbirli\u011fi temin edilmeli ve mill\u00ee birlik kurulmal\u0131d\u0131r. M\u00fcmtaz Turhan Ocak 1965 al_original.jpg&#8221; alt=&#8221;Tan\u0131t\u0131m Metni&#8221; height=&#8221;15&#8243; width=&#8221;15&#8243; &gt;<span>Tan\u0131t\u0131m Metni<\/span><\/img><\/p>\n","protected":false},"excerpt":{"rendered":"<p>Toprak Reformu ve K\u00f6y Kalk\u0131nmas\u0131 Maarifimizin Ana Davalar\u0131 ve Baz\u0131 Hal \u00c7areleri \u00dcniversite Problemi Atat\u00fcrk \u0130lkeleri ve Kalk\u0131nma G\u00f6r\u00fcl\u00fcyor ki, T\u00fcrkiye, ideoloji bak\u0131mdan bir \u00e7\u0131kmaza girmi\u015ftir.<span class=\"excerpt-hellip\"> [\u2026]<\/span><\/p>\n","protected":false},"featured_media":0,"template":"","meta":{"_monsterinsights_skip_tracking":false,"_monsterinsights_sitenote_active":false,"_monsterinsights_sitenote_note":"","_monsterinsights_sitenote_category":0},"product_brand":[],"product_cat":[12325,12324],"product_tag":[],"class_list":{"0":"post-717744","1":"product","2":"type-product","3":"status-publish","5":"product_cat-diger-sosyoloji","6":"product_cat-sosyoloji","7":"pa_cilt-ciltsiz","8":"pa_tur-kitap","9":"pa_yayinevi-altinordu-yayinlari","10":"pa_yazar-mumtaz-turhan","12":"first","13":"instock","14":"sale","15":"shipping-taxable","16":"purchasable","17":"product-type-simple"},"_links":{"self":[{"href":"https:\/\/roveyayinevi.com.tr\/index.php\/wp-json\/wp\/v2\/product\/717744","targetHints":{"allow":["GET"]}}],"collection":[{"href":"https:\/\/roveyayinevi.com.tr\/index.php\/wp-json\/wp\/v2\/product"}],"about":[{"href":"https:\/\/roveyayinevi.com.tr\/index.php\/wp-json\/wp\/v2\/types\/product"}],"wp:attachment":[{"href":"https:\/\/roveyayinevi.com.tr\/index.php\/wp-json\/wp\/v2\/media?parent=717744"}],"wp:term":[{"taxonomy":"product_brand","embeddable":true,"href":"https:\/\/roveyayinevi.com.tr\/index.php\/wp-json\/wp\/v2\/product_brand?post=717744"},{"taxonomy":"product_cat","embeddable":true,"href":"https:\/\/roveyayinevi.com.tr\/index.php\/wp-json\/wp\/v2\/product_cat?post=717744"},{"taxonomy":"product_tag","embeddable":true,"href":"https:\/\/roveyayinevi.com.tr\/index.php\/wp-json\/wp\/v2\/product_tag?post=717744"}],"curies":[{"name":"wp","href":"https:\/\/api.w.org\/{rel}","templated":true}]}}