{"id":717743,"date":"2025-08-27T17:59:32","date_gmt":"2025-08-27T14:59:32","guid":{"rendered":"https:\/\/roveyayinevi.com.tr\/index.php\/urun\/huseyin-nihal-atsiz\/"},"modified":"2026-04-16T02:25:52","modified_gmt":"2026-04-15T23:25:52","slug":"huseyin-nihal-atsiz","status":"publish","type":"product","link":"https:\/\/roveyayinevi.com.tr\/index.php\/urun\/huseyin-nihal-atsiz\/","title":{"rendered":"H\u00fcseyin Nihal Ats\u0131z"},"content":{"rendered":"<p>H\u00fcseyin Nihal Ats\u0131z, ya\u015fad\u0131\u011f\u0131 f\u0131rt\u0131nal\u0131 hayat ser\u00fcveni, siyas\u00ee d\u00fc\u015f\u00fcnceleri ve edeb\u00ee eserleriyle, Cumhuriyet d\u00f6nemi T\u00fcrk ayd\u0131nlar\u0131 aras\u0131nda kendine \u00f6zg\u00fc yeri olan bir \u015fahsiyettir. Ats\u0131z, siyas\u00ee yaz\u0131lar\u0131nda oldu\u011fu gibi, edeb\u00ee eserlerinde de belirli bir tez verme amac\u0131n\u0131 g\u00fctm\u00fc\u015ft\u00fcr. Onun metafizik unsurlarla besleyip zenginle\u015ftirerek \u00e2deta ideolojiler \u00fcst\u00fc bir boyuta y\u00fckseltti\u011fi ve \u201cdin gibi derin, tasavvuf gibi mistik\u201d bir sistem olarak tan\u0131mlay\u0131p takdim etti\u011fi T\u00fcrk\u00e7\u00fcl\u00fck d\u00fcnya g\u00f6r\u00fc\u015f\u00fc, b\u00fct\u00fcn hayat\u0131na, siyas\u00ee ve edebi eserlerine y\u00f6n vermi\u015ftir. Bu \u00e7al\u0131\u015fman\u0131n Ats\u0131z&#8217;\u0131n hayat\u0131n\u0131 kapsayan ilk b\u00f6l\u00fcm\u00fcnde onun olduk\u00e7a hareketli hayat\u0131 anlat\u0131lmaya, mizac\u0131 ve ki\u015fili\u011fi tan\u0131t\u0131lmaya \u00e7al\u0131\u015f\u0131lm\u0131\u015f; sonraki b\u00f6l\u00fcmlerde ise a\u011f\u0131rl\u0131kl\u0131 olarak Ats\u0131z&#8217;\u0131n fikirleri ve romanlar\u0131 \u00fczerinde durulmu\u015ftur. Asl\u0131nda Ats\u0131z hakk\u0131nda yaz\u0131lm\u0131\u015f bir doktora tezi olan bu kitap, onun zihin ve muhayyilesinde, romanlar\u0131n\u0131n fiktif d\u00fcnyas\u0131nda dola\u015fmak isteyen okuyucular i\u00e7in bir yol haritas\u0131 olmas\u0131 niyetiyle yaz\u0131lm\u0131\u015ft\u0131r. al_original.jpg&#8221; alt=&#8221;Tan\u0131t\u0131m Metni&#8221; height=&#8221;15&#8243; width=&#8221;15&#8243; &gt;<span>Tan\u0131t\u0131m Metni<\/span><\/img><\/p>\n","protected":false},"excerpt":{"rendered":"<p>H\u00fcseyin Nihal Ats\u0131z, ya\u015fad\u0131\u011f\u0131 f\u0131rt\u0131nal\u0131 hayat ser\u00fcveni, siyas\u00ee d\u00fc\u015f\u00fcnceleri ve edeb\u00ee eserleriyle, Cumhuriyet d\u00f6nemi T\u00fcrk ayd\u0131nlar\u0131 aras\u0131nda kendine \u00f6zg\u00fc yeri olan bir \u015fahsiyettir. Ats\u0131z, siyas\u00ee yaz\u0131lar\u0131nda<span class=\"excerpt-hellip\"> [\u2026]<\/span><\/p>\n","protected":false},"featured_media":0,"template":"","meta":{"_monsterinsights_skip_tracking":false,"_monsterinsights_sitenote_active":false,"_monsterinsights_sitenote_note":"","_monsterinsights_sitenote_category":0},"product_brand":[],"product_cat":[14009,12291],"product_tag":[],"class_list":{"0":"post-717743","1":"product","2":"type-product","3":"status-publish","5":"product_cat-biyografi-otobiyografi-edebiyat","6":"product_cat-edebiyat","7":"pa_cilt-ciltsiz","8":"pa_tur-kitap","9":"pa_yayinevi-altinordu-yayinlari","10":"pa_yazar-cihan-ozdemir","12":"first","13":"instock","14":"sale","15":"shipping-taxable","16":"purchasable","17":"product-type-simple"},"_links":{"self":[{"href":"https:\/\/roveyayinevi.com.tr\/index.php\/wp-json\/wp\/v2\/product\/717743","targetHints":{"allow":["GET"]}}],"collection":[{"href":"https:\/\/roveyayinevi.com.tr\/index.php\/wp-json\/wp\/v2\/product"}],"about":[{"href":"https:\/\/roveyayinevi.com.tr\/index.php\/wp-json\/wp\/v2\/types\/product"}],"wp:attachment":[{"href":"https:\/\/roveyayinevi.com.tr\/index.php\/wp-json\/wp\/v2\/media?parent=717743"}],"wp:term":[{"taxonomy":"product_brand","embeddable":true,"href":"https:\/\/roveyayinevi.com.tr\/index.php\/wp-json\/wp\/v2\/product_brand?post=717743"},{"taxonomy":"product_cat","embeddable":true,"href":"https:\/\/roveyayinevi.com.tr\/index.php\/wp-json\/wp\/v2\/product_cat?post=717743"},{"taxonomy":"product_tag","embeddable":true,"href":"https:\/\/roveyayinevi.com.tr\/index.php\/wp-json\/wp\/v2\/product_tag?post=717743"}],"curies":[{"name":"wp","href":"https:\/\/api.w.org\/{rel}","templated":true}]}}