{"id":717742,"date":"2025-08-27T17:59:31","date_gmt":"2025-08-27T14:59:31","guid":{"rendered":"https:\/\/roveyayinevi.com.tr\/index.php\/urun\/kimi-ucar-kimi-kosar-ciltli\/"},"modified":"2026-04-16T02:25:52","modified_gmt":"2026-04-15T23:25:52","slug":"kimi-ucar-kimi-kosar-ciltli","status":"publish","type":"product","link":"https:\/\/roveyayinevi.com.tr\/index.php\/urun\/kimi-ucar-kimi-kosar-ciltli\/","title":{"rendered":"Kimi U\u00e7ar Kimi Ko\u015far (Ciltli)"},"content":{"rendered":"<p>Asla pes etme!G\u00f6rsel sanatlardaki ustal\u0131\u011f\u0131n\u0131 yarat\u0131c\u0131 kalemiyle bulu\u015fturarak masals\u0131 bir edebiyat anlay\u0131\u015f\u0131n\u0131 benimseyen Can G\u00f6knil\u2019den, farkl\u0131l\u0131klar \u00fczerine ya\u015fs\u0131z bir sessiz kitap.Kendilerini ve yeteneklerini ke\u015ffetme \u00e7abas\u0131ndaki iki farkl\u0131 ku\u015fu do\u011fal \u00e7evrelerinde resmeden Kimi U\u00e7ar Kimi Ko\u015far, azimden beslenen, esin verici bir b\u00fcy\u00fcme hik\u00e2yesi anlat\u0131yor.\u0130ster k\u00fc\u00e7\u00fck ister b\u00fcy\u00fck, do\u011fadaki t\u00fcm canl\u0131lar\u0131n ortak bir ya\u015fam d\u00f6ng\u00fcs\u00fcn\u00fc payla\u015ft\u0131klar\u0131n\u0131 hat\u0131rlatan bu naif kitap, biraz \u00f6zg\u00fcven, cesaret ve kararl\u0131l\u0131kla her t\u00fcrl\u00fc zorlu\u011fun \u00fcstesinden gelinebilece\u011fini g\u00f6steriyor.K\u00fc\u00e7\u00fck ku\u015f yumurtadan \u00e7\u0131kt\u0131\u011f\u0131nda, hen\u00fcz kendi varl\u0131k sebebinin dahi fark\u0131nda de\u011fildi. Annesi gibi havada s\u00fcz\u00fcl\u00fcp \u00f6zg\u00fcrl\u00fc\u011f\u00fcn tad\u0131n\u0131 \u00e7\u0131karabilmesi i\u00e7in \u00f6ncelikle kanatlar\u0131na s\u00f6z ge\u00e7irmeyi \u00f6\u011frenmeliydi. Pek \u00e7ok kez denedi, s\u0131n\u0131rlar\u0131n\u0131 zorlad\u0131 ama bir t\u00fcrl\u00fc ba\u015faramad\u0131. Ta ki kendisinin on kat\u0131 b\u00fcy\u00fckl\u00fc\u011f\u00fcndeki bir ba\u015fka ku\u015fun yumurtas\u0131yla kar\u015f\u0131la\u015fana ve do\u011fru zaman gelene kadar\u2026Ki\u015fisel farkl\u0131l\u0131klar\u0131n hayat\u0131m\u0131za katt\u0131\u011f\u0131 art\u0131 de\u011ferleri g\u00f6rmemizi sa\u011flayan Kimi U\u00e7ar Kimi Ko\u015far, her okunu\u015funda ba\u015fka duygular ve tatlar sunarak kitapseverleri \u015fa\u015f\u0131rtmay\u0131 ba\u015far\u0131yor. Etkileyici resimleri, ciltli \u00f6zel bask\u0131s\u0131 ve sinematografik anlat\u0131m\u0131yla keyifli bir g\u00f6rsel okuma deneyimi vadediyor.al_original.jpg&#8221; alt=&#8221;Tan\u0131t\u0131m Metni&#8221; height=&#8221;15&#8243; width=&#8221;15&#8243; &gt;<span>Tan\u0131t\u0131m Metni<\/span><\/img><\/p>\n","protected":false},"excerpt":{"rendered":"<p>Asla pes etme!G\u00f6rsel sanatlardaki ustal\u0131\u011f\u0131n\u0131 yarat\u0131c\u0131 kalemiyle bulu\u015fturarak masals\u0131 bir edebiyat anlay\u0131\u015f\u0131n\u0131 benimseyen Can G\u00f6knil\u2019den, farkl\u0131l\u0131klar \u00fczerine ya\u015fs\u0131z bir sessiz kitap.Kendilerini ve yeteneklerini ke\u015ffetme \u00e7abas\u0131ndaki iki<span class=\"excerpt-hellip\"> [\u2026]<\/span><\/p>\n","protected":false},"featured_media":0,"template":"","meta":{"_monsterinsights_skip_tracking":false,"_monsterinsights_sitenote_active":false,"_monsterinsights_sitenote_note":"","_monsterinsights_sitenote_category":0},"product_brand":[],"product_cat":[12291,12711],"product_tag":[],"class_list":{"0":"post-717742","1":"product","2":"type-product","3":"status-publish","5":"product_cat-edebiyat","6":"product_cat-roman-oyku","7":"pa_cilt-ciltli","8":"pa_tur-kitap","9":"pa_yayinevi-desen-yayinlari","10":"pa_yazar-can-goknil","12":"first","13":"instock","14":"sale","15":"shipping-taxable","16":"purchasable","17":"product-type-simple"},"_links":{"self":[{"href":"https:\/\/roveyayinevi.com.tr\/index.php\/wp-json\/wp\/v2\/product\/717742","targetHints":{"allow":["GET"]}}],"collection":[{"href":"https:\/\/roveyayinevi.com.tr\/index.php\/wp-json\/wp\/v2\/product"}],"about":[{"href":"https:\/\/roveyayinevi.com.tr\/index.php\/wp-json\/wp\/v2\/types\/product"}],"wp:attachment":[{"href":"https:\/\/roveyayinevi.com.tr\/index.php\/wp-json\/wp\/v2\/media?parent=717742"}],"wp:term":[{"taxonomy":"product_brand","embeddable":true,"href":"https:\/\/roveyayinevi.com.tr\/index.php\/wp-json\/wp\/v2\/product_brand?post=717742"},{"taxonomy":"product_cat","embeddable":true,"href":"https:\/\/roveyayinevi.com.tr\/index.php\/wp-json\/wp\/v2\/product_cat?post=717742"},{"taxonomy":"product_tag","embeddable":true,"href":"https:\/\/roveyayinevi.com.tr\/index.php\/wp-json\/wp\/v2\/product_tag?post=717742"}],"curies":[{"name":"wp","href":"https:\/\/api.w.org\/{rel}","templated":true}]}}