{"id":717739,"date":"2025-08-27T17:59:29","date_gmt":"2025-08-27T14:59:29","guid":{"rendered":"https:\/\/roveyayinevi.com.tr\/index.php\/urun\/anayurttan-anadoluya\/"},"modified":"2026-04-16T02:25:52","modified_gmt":"2026-04-15T23:25:52","slug":"anayurttan-anadoluya","status":"publish","type":"product","link":"https:\/\/roveyayinevi.com.tr\/index.php\/urun\/anayurttan-anadoluya\/","title":{"rendered":"Anayurttan Anadolu\u2019ya"},"content":{"rendered":"<p>\u00c7al\u0131\u015fmalar\u0131 ve hayat\u0131 hakk\u0131nda Marmara \u00dcniversitesinde y\u00fcksek lisans tezi haz\u0131rlanan Halife Altay hayat\u0131n\u0131 \u0130slami ve mill\u00ee k\u00fclt\u00fcr faaliyetlerine adam\u0131\u015f m\u00fcmtaz bir \u015fahsiyettir. 1917\u2019de Do\u011fu T\u00fcrkistan\u2019da Altay Da\u011flar\u0131n\u0131n eteklerinde do\u011fdu\u011fu i\u00e7in T\u00fcrkiye\u2019ye geldi\u011finde Altay soyad\u0131n\u0131 alan Halife Altay Kur\u2019an-\u0131 Kerim\u2019in ilk Kazak\u00e7a mealini yay\u0131nlayarak tarihte iz b\u0131rakm\u0131\u015ft\u0131r. Din\u00ee eserlerinin yan\u0131 s\u0131ra T\u00fcrk\u00e7e ve Kazak\u00e7a yay\u0131nlanm\u0131\u015f \u00e7ok say\u0131da Kazak tarihi ve k\u00fclt\u00fcr\u00fcne ait kitap ve makaleleri mevcuttur. Onun \u00e7al\u0131\u015fmalar\u0131 aras\u0131nda ba\u015f eser say\u0131lan Anayurttan Anadolu\u2019ya isimli \u00e7al\u0131\u015fmas\u0131 hem tarih\u00ee hem de etnografik bir eserdir. \u0130ki b\u00f6l\u00fcmden olu\u015fan kitab\u0131n ilk b\u00f6l\u00fcm\u00fc Kazak T\u00fcrklerinin efsaneleri, \u00f6rf-\u00e2detleri, sanat ve musikileri gibi k\u00fclt\u00fcrel \u00f6zelliklerini anlat\u0131r. \u0130kinci b\u00f6l\u00fcm Do\u011fu T\u00fcrkistan\u2019\u0131n Altay b\u00f6lgesinden Himalaya Da\u011flar\u0131n\u0131 a\u015farak, Taklamakan \u00c7\u00f6l\u00fc\u2019n\u00fc ge\u00e7erek Hindistan ve Pakistan \u00fczerinden Anadolu\u2019ya ula\u015fan Kazak T\u00fcrklerinin destans\u0131 g\u00f6\u00e7 hik\u00e2yesine ayr\u0131lm\u0131\u015ft\u0131r. Bu g\u00f6\u00e7\u00fcn i\u00e7inde bizzat ya\u015fam\u0131\u015f ve olaylar\u0131n tan\u0131\u011f\u0131 olarak yazar bu tarihi etkili bir dille ortaya koymaktad\u0131r. Ve yine bu b\u00f6l\u00fcmde, Kazaklar\u0131n alt\u0131n efsanesi olarak bilinen Do\u011fu T\u00fcrkistan\u2019\u0131n b\u00fcy\u00fck kahraman\u0131 Osman Bat\u0131r\u2019\u0131n hayat\u0131 ve m\u00fccadelesi onu g\u00f6ren ve tan\u0131yanlar\u0131n \u015fahitlikleriyle ifade edilmektedir. Kazak tarihi ve k\u00fclt\u00fcr\u00fcn\u00fc yak\u0131ndan tan\u0131mak ve anlamak isteyenler i\u00e7in ba\u015fucu kitab\u0131 niteli\u011findeki eser bir\u00e7ok yerli ve yabanc\u0131 bilim adam\u0131n\u0131n \u00e7al\u0131\u015fmalar\u0131na da kaynakl\u0131k etmi\u015ftir. <\/p>\n","protected":false},"excerpt":{"rendered":"<p>\u00c7al\u0131\u015fmalar\u0131 ve hayat\u0131 hakk\u0131nda Marmara \u00dcniversitesinde y\u00fcksek lisans tezi haz\u0131rlanan Halife Altay hayat\u0131n\u0131 \u0130slami ve mill\u00ee k\u00fclt\u00fcr faaliyetlerine adam\u0131\u015f m\u00fcmtaz bir \u015fahsiyettir. 1917\u2019de Do\u011fu T\u00fcrkistan\u2019da Altay<span class=\"excerpt-hellip\"> [\u2026]<\/span><\/p>\n","protected":false},"featured_media":0,"template":"","meta":{"_monsterinsights_skip_tracking":false,"_monsterinsights_sitenote_active":false,"_monsterinsights_sitenote_note":"","_monsterinsights_sitenote_category":0},"product_brand":[],"product_cat":[13072,12291],"product_tag":[],"class_list":{"0":"post-717739","1":"product","2":"type-product","3":"status-publish","5":"product_cat-arastirma-inceleme-referans","6":"product_cat-edebiyat","7":"pa_cilt-ciltsiz","8":"pa_tur-kitap","9":"pa_yayinevi-bilge-kultur-sanat","10":"pa_yazar-halife-altay","12":"first","13":"instock","14":"sale","15":"shipping-taxable","16":"purchasable","17":"product-type-simple"},"_links":{"self":[{"href":"https:\/\/roveyayinevi.com.tr\/index.php\/wp-json\/wp\/v2\/product\/717739","targetHints":{"allow":["GET"]}}],"collection":[{"href":"https:\/\/roveyayinevi.com.tr\/index.php\/wp-json\/wp\/v2\/product"}],"about":[{"href":"https:\/\/roveyayinevi.com.tr\/index.php\/wp-json\/wp\/v2\/types\/product"}],"wp:attachment":[{"href":"https:\/\/roveyayinevi.com.tr\/index.php\/wp-json\/wp\/v2\/media?parent=717739"}],"wp:term":[{"taxonomy":"product_brand","embeddable":true,"href":"https:\/\/roveyayinevi.com.tr\/index.php\/wp-json\/wp\/v2\/product_brand?post=717739"},{"taxonomy":"product_cat","embeddable":true,"href":"https:\/\/roveyayinevi.com.tr\/index.php\/wp-json\/wp\/v2\/product_cat?post=717739"},{"taxonomy":"product_tag","embeddable":true,"href":"https:\/\/roveyayinevi.com.tr\/index.php\/wp-json\/wp\/v2\/product_tag?post=717739"}],"curies":[{"name":"wp","href":"https:\/\/api.w.org\/{rel}","templated":true}]}}