{"id":717737,"date":"2025-08-27T17:59:28","date_gmt":"2025-08-27T14:59:28","guid":{"rendered":"https:\/\/roveyayinevi.com.tr\/index.php\/urun\/halka-dunya-tahti\/"},"modified":"2026-04-16T02:25:52","modified_gmt":"2026-04-15T23:25:52","slug":"halka-dunya-tahti","status":"publish","type":"product","link":"https:\/\/roveyayinevi.com.tr\/index.php\/urun\/halka-dunya-tahti\/","title":{"rendered":"Halka D\u00fcnya Taht\u0131"},"content":{"rendered":"<p>Gelmi\u015f ge\u00e7mi\u015f en \u015fa\u015f\u0131rt\u0131c\u0131 m\u00fchendislik dehas\u0131na, Halka D\u00fcnya\u2019ya d\u00f6n\u00fc\u015f\u2026  S\u00f6zc\u00fcklere s\u0131\u011fmayan teknolojik harikalar\u0131n, \u00e7ok say\u0131da insans\u0131 \u0131rk\u0131n ve \u015fimdiye dek yaz\u0131lm\u0131\u015f, en sevilen bilimkurgu \u00f6yk\u00fcs\u00fcn\u00fcn d\u00fcnyas\u0131na! \u0130nsan Louis Wu, En Arkadaki olarak bilinen puppeteer, Chmeee adl\u0131 kzinin o\u011flu Acolyte\u2026 Bu efsanevi karakterler bu defa Halka D\u00fcnya\u2019y\u0131 savunmak i\u00e7in bir araya geliyor. Koruyucularla ilgili ilgin\u00e7 \u015feyler d\u00f6nmektedir. Halka D\u00fcnya\u2019ya d\u0131\u015far\u0131dan gelen uzay ara\u00e7lar\u0131, daha gezegene inemeden yok edilmektedir. Vampirler her yerdedir. Ve Hortlaklar\u0131n da kendi planlar\u0131 vard\u0131r; onlara yakla\u015fmaya cesaret eden herkes er ya da ge\u00e7 \u00f6\u011frenecektir. Halka D\u00fcnya\u2019daki her \u0131rk, daima kendi Koruyucu\u2019suna sahip olmu\u015ftur. \u015eimdi, bizzat Halka D\u00fcnya\u2019n\u0131n da bir Koruyucu\u2019ya ihtiyac\u0131 var gibi g\u00f6r\u00fcnmektedir. Peki, Halka D\u00fcnya Taht\u0131\u2019na kim oturacakt\u0131r? <\/p>\n","protected":false},"excerpt":{"rendered":"<p>Gelmi\u015f ge\u00e7mi\u015f en \u015fa\u015f\u0131rt\u0131c\u0131 m\u00fchendislik dehas\u0131na, Halka D\u00fcnya\u2019ya d\u00f6n\u00fc\u015f\u2026 S\u00f6zc\u00fcklere s\u0131\u011fmayan teknolojik harikalar\u0131n, \u00e7ok say\u0131da insans\u0131 \u0131rk\u0131n ve \u015fimdiye dek yaz\u0131lm\u0131\u015f, en sevilen bilimkurgu \u00f6yk\u00fcs\u00fcn\u00fcn d\u00fcnyas\u0131na!<span class=\"excerpt-hellip\"> [\u2026]<\/span><\/p>\n","protected":false},"featured_media":0,"template":"","meta":{"_monsterinsights_skip_tracking":false,"_monsterinsights_sitenote_active":false,"_monsterinsights_sitenote_note":"","_monsterinsights_sitenote_category":0},"product_brand":[],"product_cat":[12540,12291],"product_tag":[],"class_list":{"0":"post-717737","1":"product","2":"type-product","3":"status-publish","5":"product_cat-bilim-kurgu","6":"product_cat-edebiyat","7":"pa_cilt-ciltsiz","8":"pa_tur-kitap","9":"pa_yayinevi-panama-yayincilik","10":"pa_yazar-larry-niven","12":"first","13":"instock","14":"sale","15":"shipping-taxable","16":"purchasable","17":"product-type-simple"},"_links":{"self":[{"href":"https:\/\/roveyayinevi.com.tr\/index.php\/wp-json\/wp\/v2\/product\/717737","targetHints":{"allow":["GET"]}}],"collection":[{"href":"https:\/\/roveyayinevi.com.tr\/index.php\/wp-json\/wp\/v2\/product"}],"about":[{"href":"https:\/\/roveyayinevi.com.tr\/index.php\/wp-json\/wp\/v2\/types\/product"}],"wp:attachment":[{"href":"https:\/\/roveyayinevi.com.tr\/index.php\/wp-json\/wp\/v2\/media?parent=717737"}],"wp:term":[{"taxonomy":"product_brand","embeddable":true,"href":"https:\/\/roveyayinevi.com.tr\/index.php\/wp-json\/wp\/v2\/product_brand?post=717737"},{"taxonomy":"product_cat","embeddable":true,"href":"https:\/\/roveyayinevi.com.tr\/index.php\/wp-json\/wp\/v2\/product_cat?post=717737"},{"taxonomy":"product_tag","embeddable":true,"href":"https:\/\/roveyayinevi.com.tr\/index.php\/wp-json\/wp\/v2\/product_tag?post=717737"}],"curies":[{"name":"wp","href":"https:\/\/api.w.org\/{rel}","templated":true}]}}