{"id":717736,"date":"2025-08-27T17:59:27","date_gmt":"2025-08-27T14:59:27","guid":{"rendered":"https:\/\/roveyayinevi.com.tr\/index.php\/urun\/dijital-beceriler\/"},"modified":"2026-04-16T02:25:52","modified_gmt":"2026-04-15T23:25:52","slug":"dijital-beceriler","status":"publish","type":"product","link":"https:\/\/roveyayinevi.com.tr\/index.php\/urun\/dijital-beceriler\/","title":{"rendered":"Dijital Beceriler"},"content":{"rendered":"<p>Temel Kodlama E\u011fitimi Serisi kitaplar\u0131ndan biri olan Dijital Beceriler, \u00e7ocuklarda dijital okuryazarl\u0131k becerisini geli\u015ftirmeye yard\u0131mc\u0131 olacak \u015fekilde haz\u0131rland\u0131. \u00d6\u011frenmeyi te\u015fvik eden basit a\u00e7\u0131klamalar ve e\u011flenceli YAZ-S\u0130L ALI\u015eTIRMALARI ile \u00e7ocu\u011fun hemen dikkatini \u00e7eken Dijital Beceriler kitab\u0131, bilgisayar ve par\u00e7alar\u0131, g\u00fcvenli internet kullan\u0131m\u0131, ekran ba\u015f\u0131nda ne kadar s\u00fcre ge\u00e7irilmesini gerekti\u011fi gibi ba\u015fl\u0131klar ile bilgisayar kullan\u0131m\u0131na ait temel bir bilgi sunuyor.<\/p>\n","protected":false},"excerpt":{"rendered":"<p>Temel Kodlama E\u011fitimi Serisi kitaplar\u0131ndan biri olan Dijital Beceriler, \u00e7ocuklarda dijital okuryazarl\u0131k becerisini geli\u015ftirmeye yard\u0131mc\u0131 olacak \u015fekilde haz\u0131rland\u0131. \u00d6\u011frenmeyi te\u015fvik eden basit a\u00e7\u0131klamalar ve e\u011flenceli YAZ-S\u0130L<span class=\"excerpt-hellip\"> [\u2026]<\/span><\/p>\n","protected":false},"featured_media":0,"template":"","meta":{"_monsterinsights_skip_tracking":false,"_monsterinsights_sitenote_active":false,"_monsterinsights_sitenote_note":"","_monsterinsights_sitenote_category":0},"product_brand":[],"product_cat":[12274,15842],"product_tag":[],"class_list":{"0":"post-717736","1":"product","2":"type-product","3":"status-publish","5":"product_cat-cocuk-ve-genclik-kitaplari","6":"product_cat-egitici-kitaplar","7":"pa_cilt-ciltsiz","8":"pa_tur-kitap","9":"pa_yayinevi-ideal-kultur-yayincilik","10":"pa_yazar-tracy-gardner-elbrie-de-rock","12":"first","13":"instock","14":"sale","15":"shipping-taxable","16":"purchasable","17":"product-type-simple"},"_links":{"self":[{"href":"https:\/\/roveyayinevi.com.tr\/index.php\/wp-json\/wp\/v2\/product\/717736","targetHints":{"allow":["GET"]}}],"collection":[{"href":"https:\/\/roveyayinevi.com.tr\/index.php\/wp-json\/wp\/v2\/product"}],"about":[{"href":"https:\/\/roveyayinevi.com.tr\/index.php\/wp-json\/wp\/v2\/types\/product"}],"wp:attachment":[{"href":"https:\/\/roveyayinevi.com.tr\/index.php\/wp-json\/wp\/v2\/media?parent=717736"}],"wp:term":[{"taxonomy":"product_brand","embeddable":true,"href":"https:\/\/roveyayinevi.com.tr\/index.php\/wp-json\/wp\/v2\/product_brand?post=717736"},{"taxonomy":"product_cat","embeddable":true,"href":"https:\/\/roveyayinevi.com.tr\/index.php\/wp-json\/wp\/v2\/product_cat?post=717736"},{"taxonomy":"product_tag","embeddable":true,"href":"https:\/\/roveyayinevi.com.tr\/index.php\/wp-json\/wp\/v2\/product_tag?post=717736"}],"curies":[{"name":"wp","href":"https:\/\/api.w.org\/{rel}","templated":true}]}}