{"id":717729,"date":"2025-08-27T17:59:22","date_gmt":"2025-08-27T14:59:22","guid":{"rendered":"https:\/\/roveyayinevi.com.tr\/index.php\/urun\/dis-hekimi-filiz\/"},"modified":"2026-04-16T02:25:52","modified_gmt":"2026-04-15T23:25:52","slug":"dis-hekimi-filiz","status":"publish","type":"product","link":"https:\/\/roveyayinevi.com.tr\/index.php\/urun\/dis-hekimi-filiz\/","title":{"rendered":"Di\u015f Hekimi Filiz"},"content":{"rendered":"<p>Hi\u00e7 di\u015fin a\u011fr\u0131d\u0131 m\u0131? Ya da di\u015flerini temizlettin mi? Dr. Filiz sana yard\u0131mc\u0131 olabilir! O bir di\u015f hekimi ve bug\u00fcn muayenehanesi merakl\u0131 ziyaret\u00e7ilerle dolu. Dr. Filiz\u2019in di\u015f hekimi koltu\u011funa oturuyor ve di\u015flerinin r\u00f6ntgen g\u00f6r\u00fcnt\u00fclerine bak\u0131yorlar. Hastalar\u0131n\u0131n, di\u015flerinin temizli\u011fini ve sa\u011fl\u0131\u011f\u0131n\u0131 korumas\u0131na nas\u0131l yard\u0131m etti\u011fini de \u00f6\u011freniyorlar. Di\u015f hekimleriyle tan\u0131\u015fmak \u00e7ok heyecan verici!Meslekler serisinin bu kitab\u0131nda, di\u015f hekimlerinin kulland\u0131klar\u0131 aletleri yak\u0131ndan tan\u0131yabilir, \u00e7\u00fcr\u00fckleri nas\u0131l tedavi ettiklerini, di\u015f tellerinin neden tak\u0131ld\u0131\u011f\u0131n\u0131 \u00f6\u011frenebilirsin. Di\u015f Hekimi Filiz, di\u015f hekimlerinin toplumumuza yapt\u0131klar\u0131 yard\u0131m\u0131, \u00e7ocuklar\u0131n keyifle okuyaca\u011f\u0131 bir metin ve birbirinden e\u011flenceli \u00e7izimlerle sunuyor. \u00dcstelik hik\u00e2yenin sonunda yer alan y\u00f6nergeleri takip ederek di\u015flerine lay\u0131k, hatta di\u015flerine \u00e7ok benzeyen, sa\u011fl\u0131kl\u0131 ve e\u011flenceli bir at\u0131\u015ft\u0131rmal\u0131k haz\u0131rlayabilirsin.<\/p>\n","protected":false},"excerpt":{"rendered":"<p>Hi\u00e7 di\u015fin a\u011fr\u0131d\u0131 m\u0131? Ya da di\u015flerini temizlettin mi? Dr. Filiz sana yard\u0131mc\u0131 olabilir! O bir di\u015f hekimi ve bug\u00fcn muayenehanesi merakl\u0131 ziyaret\u00e7ilerle dolu. Dr. Filiz\u2019in<span class=\"excerpt-hellip\"> [\u2026]<\/span><\/p>\n","protected":false},"featured_media":0,"template":"","meta":{"_monsterinsights_skip_tracking":false,"_monsterinsights_sitenote_active":false,"_monsterinsights_sitenote_note":"","_monsterinsights_sitenote_category":0},"product_brand":[],"product_cat":[12274,12284],"product_tag":[],"class_list":{"0":"post-717729","1":"product","2":"type-product","3":"status-publish","5":"product_cat-cocuk-ve-genclik-kitaplari","6":"product_cat-hikayeler","7":"pa_cilt-ciltsiz","8":"pa_tur-kitap","9":"pa_yayinevi-beta-kids","10":"pa_yazar-bridget-heos","12":"first","13":"instock","14":"sale","15":"shipping-taxable","16":"purchasable","17":"product-type-simple"},"_links":{"self":[{"href":"https:\/\/roveyayinevi.com.tr\/index.php\/wp-json\/wp\/v2\/product\/717729","targetHints":{"allow":["GET"]}}],"collection":[{"href":"https:\/\/roveyayinevi.com.tr\/index.php\/wp-json\/wp\/v2\/product"}],"about":[{"href":"https:\/\/roveyayinevi.com.tr\/index.php\/wp-json\/wp\/v2\/types\/product"}],"wp:attachment":[{"href":"https:\/\/roveyayinevi.com.tr\/index.php\/wp-json\/wp\/v2\/media?parent=717729"}],"wp:term":[{"taxonomy":"product_brand","embeddable":true,"href":"https:\/\/roveyayinevi.com.tr\/index.php\/wp-json\/wp\/v2\/product_brand?post=717729"},{"taxonomy":"product_cat","embeddable":true,"href":"https:\/\/roveyayinevi.com.tr\/index.php\/wp-json\/wp\/v2\/product_cat?post=717729"},{"taxonomy":"product_tag","embeddable":true,"href":"https:\/\/roveyayinevi.com.tr\/index.php\/wp-json\/wp\/v2\/product_tag?post=717729"}],"curies":[{"name":"wp","href":"https:\/\/api.w.org\/{rel}","templated":true}]}}