{"id":717727,"date":"2025-08-27T17:59:21","date_gmt":"2025-08-27T14:59:21","guid":{"rendered":"https:\/\/roveyayinevi.com.tr\/index.php\/urun\/resimleriyle-cocuk-ergen-degerlendirmede-vaka-ornekleri\/"},"modified":"2026-04-16T02:25:52","modified_gmt":"2026-04-15T23:25:52","slug":"resimleriyle-cocuk-ergen-degerlendirmede-vaka-ornekleri","status":"publish","type":"product","link":"https:\/\/roveyayinevi.com.tr\/index.php\/urun\/resimleriyle-cocuk-ergen-degerlendirmede-vaka-ornekleri\/","title":{"rendered":"Resimleriyle  \u00e7ocuk\/ergen de\u011ferlendirmede vaka \u00f6rnekleri"},"content":{"rendered":"<p>\u00d6zellikle \u00e7ocuk ve ergenlerin duygu ve d\u00fc\u015f\u00fcncelerini, kendilerini ve d\u00fcnyay\u0131 nas\u0131l alg\u0131lad\u0131klar\u0131n\u0131 \u00e7izmi\u015f olduklar\u0131 resimler yolu ile anlatt\u0131klar\u0131 bilinmektedir. Psikoloji alan\u0131nda uzun y\u0131llard\u0131r kullan\u0131lan projektif resim testleri, bireyi psiko-pedagojik a\u00e7\u0131dan tan\u0131maya yarayan bir \u00f6l\u00e7\u00fct oldu\u011fu gibi; ayn\u0131 zamanda ki\u015finin karma\u015f\u0131k i\u00e7 d\u00fcnyas\u0131n\u0131n yan\u0131 s\u0131ra zeka, ki\u015filik ve yak\u0131n \u00e7evre \u00f6zelliklerini de yans\u0131tmaya yarayan \u00f6nemli bir ifade arac\u0131 olarak kabul g\u00f6rm\u00fc\u015ft\u00fcr.Uzun meslek ya\u015fam\u0131m da \u00e7ocuk ve ergen dan\u0131\u015fanlarla \u00e7al\u0131\u015f\u0131rken \u00e7e\u015fitli psikolojik testlerle birlikte resim testlerinden de s\u0131k\u00e7a yararland\u0131m. Olu\u015fan geni\u015f vaka ar\u015fivim i\u00e7inden se\u00e7ilen toplam 287 \u00f6rnek vakay\u0131; t\u0131bbi tan\u0131lar\u0131 ile  e\u011fitsel ve psikolojik de\u011ferlendirme  sonu\u00e7lar\u0131na g\u00f6re  8 ana gruba ay\u0131rd\u0131m. Se\u00e7ilen  her \u00f6rnek  vakay\u0131  da  a\u015fa\u011f\u0131daki d\u00fczen i\u00e7inde okuyucu ile payla\u015ft\u0131m:K\u0131saca vakan\u0131n  \u00f6yk\u00fcs\u00fc,Ba\u015fvuru &#8211; incelenme gerek\u00e7eleri,\u00c7izdi\u011fi projektif  resimler,Yap\u0131lan  e\u011fitsel ve psikolojik tan\u0131lama \u00e7al\u0131\u015fmalar\u0131,Sonu\u00e7  ve \u00f6neriler.Bunlar\u0131 yaparken de ba\u015farabildi\u011fim oranda mesleki etik kurallara uyma konusunda azami \u00f6zeni g\u00f6sterdi\u011fimin bilinmesini isterim.Uzun bir eme\u011fin sonucu olarak ortaya \u00e7\u0131kan bu eserden \u00f6ncelikle; Psikoloji, PDR, \u00c7ocuk Geli\u015fimi, T\u0131p, \u00d6zel E\u011fitim, Sosyal Hizmetler vb. b\u00f6l\u00fcmlerde e\u011fitim g\u00f6ren \u00fcniversite \u00f6\u011frencileri ile alanda \u00e7al\u0131\u015fan uzmanlar\u0131n,  ikinci  olarak da  ilgili anne-babalar\u0131n  yararlanmalar\u0131n\u0131  ama\u00e7lad\u0131m.Alan\u0131nda bir ilk olaca\u011f\u0131na inand\u0131\u011f\u0131m bu eserin, gelece\u011fimiz olan  \u00fcniversiteli  gen\u00e7lerimize \u00f6nemli  katk\u0131 sa\u011flayaca\u011f\u0131na inan\u0131yorum.<\/p>\n","protected":false},"excerpt":{"rendered":"<p>\u00d6zellikle \u00e7ocuk ve ergenlerin duygu ve d\u00fc\u015f\u00fcncelerini, kendilerini ve d\u00fcnyay\u0131 nas\u0131l alg\u0131lad\u0131klar\u0131n\u0131 \u00e7izmi\u015f olduklar\u0131 resimler yolu ile anlatt\u0131klar\u0131 bilinmektedir. Psikoloji alan\u0131nda uzun y\u0131llard\u0131r kullan\u0131lan projektif resim<span class=\"excerpt-hellip\"> [\u2026]<\/span><\/p>\n","protected":false},"featured_media":0,"template":"","meta":{"_monsterinsights_skip_tracking":false,"_monsterinsights_sitenote_active":false,"_monsterinsights_sitenote_note":"","_monsterinsights_sitenote_category":0},"product_brand":[],"product_cat":[20502,12357],"product_tag":[],"class_list":{"0":"post-717727","1":"product","2":"type-product","3":"status-publish","5":"product_cat-basvuru-kitaplari-psikoloji","6":"product_cat-psikoloji","7":"pa_cilt-ciltsiz","8":"pa_tur-kitap","9":"pa_yayinevi-akademik-kitaplar","10":"pa_yazar-huseyin-sahin","12":"first","13":"instock","14":"sale","15":"shipping-taxable","16":"purchasable","17":"product-type-simple"},"_links":{"self":[{"href":"https:\/\/roveyayinevi.com.tr\/index.php\/wp-json\/wp\/v2\/product\/717727","targetHints":{"allow":["GET"]}}],"collection":[{"href":"https:\/\/roveyayinevi.com.tr\/index.php\/wp-json\/wp\/v2\/product"}],"about":[{"href":"https:\/\/roveyayinevi.com.tr\/index.php\/wp-json\/wp\/v2\/types\/product"}],"wp:attachment":[{"href":"https:\/\/roveyayinevi.com.tr\/index.php\/wp-json\/wp\/v2\/media?parent=717727"}],"wp:term":[{"taxonomy":"product_brand","embeddable":true,"href":"https:\/\/roveyayinevi.com.tr\/index.php\/wp-json\/wp\/v2\/product_brand?post=717727"},{"taxonomy":"product_cat","embeddable":true,"href":"https:\/\/roveyayinevi.com.tr\/index.php\/wp-json\/wp\/v2\/product_cat?post=717727"},{"taxonomy":"product_tag","embeddable":true,"href":"https:\/\/roveyayinevi.com.tr\/index.php\/wp-json\/wp\/v2\/product_tag?post=717727"}],"curies":[{"name":"wp","href":"https:\/\/api.w.org\/{rel}","templated":true}]}}