{"id":717726,"date":"2025-08-27T17:59:20","date_gmt":"2025-08-27T14:59:20","guid":{"rendered":"https:\/\/roveyayinevi.com.tr\/index.php\/urun\/neseli-matematik-egitici-ogretici\/"},"modified":"2026-03-01T02:46:24","modified_gmt":"2026-02-28T23:46:24","slug":"neseli-matematik-egitici-ogretici","status":"publish","type":"product","link":"https:\/\/roveyayinevi.com.tr\/index.php\/urun\/neseli-matematik-egitici-ogretici\/","title":{"rendered":"Ne\u015feli Matematik &#8211; E\u011fitici \u00d6\u011fretici"},"content":{"rendered":"<p>Yeni Okul \u00d6ncesi Program\u0131na uygun haz\u0131rlad\u0131\u011f\u0131m\u0131z \u201cE\u011fitici-\u00d6\u011fretici Ne\u015feli Matematik\u201d kitaplar\u0131m\u0131z\u0131 0-4 ya\u015f aras\u0131 \u00e7ocuklar\u0131m\u0131z \u00e7ok sevecek. Kalem kullanmaya yeni ba\u015flayan \u00e7ocuklar; \u00e7izerek, silerek ve yap\u0131\u015ft\u0131rarak bu sayfalarla e\u011flenerek \u00f6\u011frenecekler. Kalem kullanmay\u0131 en do\u011fru \u015fekilde \u00f6\u011frenen \u00e7ocuklar ilkokul i\u00e7in gereken temel becerilerin en \u00f6nemlisini kazanacaklar. Okulda ve evde keyifli vakitler ge\u00e7irecek \u00e7ocuklar, hayata \u00f6nde ba\u015flam\u0131\u015f olacaklar. \u201cE\u011fitici-\u00d6\u011fretici Ne\u015feli Matematik\u201d kitab\u0131m\u0131z, kendilerini tan\u0131yan, fark\u0131ndal\u0131\u011f\u0131 olu\u015fmu\u015f, ho\u015fg\u00f6r\u00fc sahibi, gelece\u011fimizi emanet etti\u011fimiz \u00e7ocuklar\u0131m\u0131z\u0131n geli\u015fimlerine b\u00fcy\u00fck katk\u0131 sa\u011flayacak. \u00c7ocuklar\u0131m\u0131z, geometrik \u015fekiller, say\u0131lar\u0131 tan\u0131ma, toplama, \u00e7\u0131karma, gruplama, \u00f6r\u00fcnt\u00fc, labirent gibi etkinlikleri keyifle yapacaklar.<\/p>\n","protected":false},"excerpt":{"rendered":"<p>Yeni Okul \u00d6ncesi Program\u0131na uygun haz\u0131rlad\u0131\u011f\u0131m\u0131z \u201cE\u011fitici-\u00d6\u011fretici Ne\u015feli Matematik\u201d kitaplar\u0131m\u0131z\u0131 0-4 ya\u015f aras\u0131 \u00e7ocuklar\u0131m\u0131z \u00e7ok sevecek. Kalem kullanmaya yeni ba\u015flayan \u00e7ocuklar; \u00e7izerek, silerek ve yap\u0131\u015ft\u0131rarak bu<span class=\"excerpt-hellip\"> [\u2026]<\/span><\/p>\n","protected":false},"featured_media":0,"template":"","meta":{"_monsterinsights_skip_tracking":false,"_monsterinsights_sitenote_active":false,"_monsterinsights_sitenote_note":"","_monsterinsights_sitenote_category":0},"product_brand":[],"product_cat":[12274,12518],"product_tag":[],"class_list":{"0":"post-717726","1":"product","2":"type-product","3":"status-publish","5":"product_cat-cocuk-ve-genclik-kitaplari","6":"product_cat-okul-oncesi-kitaplar","7":"pa_cilt-ciltsiz","8":"pa_tur-kitap","9":"pa_yayinevi-beyaz-balina-yayinlari","10":"pa_yazar-kolektif","12":"first","13":"instock","14":"sale","15":"shipping-taxable","16":"purchasable","17":"product-type-simple"},"_links":{"self":[{"href":"https:\/\/roveyayinevi.com.tr\/index.php\/wp-json\/wp\/v2\/product\/717726","targetHints":{"allow":["GET"]}}],"collection":[{"href":"https:\/\/roveyayinevi.com.tr\/index.php\/wp-json\/wp\/v2\/product"}],"about":[{"href":"https:\/\/roveyayinevi.com.tr\/index.php\/wp-json\/wp\/v2\/types\/product"}],"wp:attachment":[{"href":"https:\/\/roveyayinevi.com.tr\/index.php\/wp-json\/wp\/v2\/media?parent=717726"}],"wp:term":[{"taxonomy":"product_brand","embeddable":true,"href":"https:\/\/roveyayinevi.com.tr\/index.php\/wp-json\/wp\/v2\/product_brand?post=717726"},{"taxonomy":"product_cat","embeddable":true,"href":"https:\/\/roveyayinevi.com.tr\/index.php\/wp-json\/wp\/v2\/product_cat?post=717726"},{"taxonomy":"product_tag","embeddable":true,"href":"https:\/\/roveyayinevi.com.tr\/index.php\/wp-json\/wp\/v2\/product_tag?post=717726"}],"curies":[{"name":"wp","href":"https:\/\/api.w.org\/{rel}","templated":true}]}}