{"id":717723,"date":"2025-08-27T17:59:18","date_gmt":"2025-08-27T14:59:18","guid":{"rendered":"https:\/\/roveyayinevi.com.tr\/index.php\/urun\/kalp\/"},"modified":"2026-04-03T02:32:18","modified_gmt":"2026-04-02T23:32:18","slug":"kalp","status":"publish","type":"product","link":"https:\/\/roveyayinevi.com.tr\/index.php\/urun\/kalp\/","title":{"rendered":"Kalp"},"content":{"rendered":"<p>Yaz\u0131 yoktu ama o vard\u0131.Tekerlek icat edilmemi\u015fti ama o yerli yerindeydi.D\u00fcnya yarat\u0131lmam\u0131\u015ft\u0131 ama o kas\u0131l\u0131p gev\u015fiyordu.\u0130nsan hen\u00fcz cennetteyken onunlayd\u0131 ve i\u00e7indeki her \u015fey de sevgi, a\u015fk, vefa, iyilik, \u015f\u00fck\u00fcr, hamd, dostluk gibi erdemler \u00fczerineydi\u2026Adem ata onun sesini dinleyip arzusunu giderme gayretine d\u00fc\u015fmeseydi belki de yolu yery\u00fcz\u00fcnde t\u00f6vbelere, pi\u015fmanl\u0131klara ve umutlara hi\u00e7 evrilmeyecek; \u00e7evresi daralmalar ve geni\u015flemeler, ar\u0131nmalar ve kirlenmeler, yang\u0131nlar ve donmalarla hi\u00e7 ku\u015fat\u0131lmayacakt\u0131.\u015eimdi?A\u015fk ve nefret, iyilik ve k\u00f6t\u00fcl\u00fck, saadet ve keder, iman ve ink\u00e2r&#8230; \u0130nsana insan oldu\u011funu art\u0131k bunlarla hissettiriyor. Bazen ayd\u0131nl\u0131k, bazen karanl\u0131k; g\u00f6ren g\u00f6z veya i\u015fiten kulak bazen\u2026 G\u00f6\u011f\u00fcs kafesinde ahenkle her b\u00fcz\u00fcl\u00fcp geni\u015flemesi bizi i\u00e7ten i\u00e7e s\u00fcratle de\u011fi\u015ftiriyor ve h\u00e2lden h\u00e2le d\u00f6nd\u00fcr\u00fcyor.Bud-dub&#8230; bud-dub\u2026 bud-dub\u2026Sesindeki ters-y\u00fcz olu\u015f bile ad\u0131yla \u00f6rt\u00fc\u015f\u00fck: \u201cBir \u015feyi bir y\u00f6nden \u00f6teki y\u00f6ne \u00e7evirmek; renkten renge giri\u015f, karars\u0131zl\u0131k, durmadan d\u00f6n\u00fc\u015f\u00fcm ve de\u011fi\u015fim = KALP.\u201dKalbe dair ne varsa\u2026\u0130skender Pala\u2019n\u0131n her zamanki yetkin kaleminden\u2026<\/p>\n","protected":false},"excerpt":{"rendered":"<p>Yaz\u0131 yoktu ama o vard\u0131.Tekerlek icat edilmemi\u015fti ama o yerli yerindeydi.D\u00fcnya yarat\u0131lmam\u0131\u015ft\u0131 ama o kas\u0131l\u0131p gev\u015fiyordu.\u0130nsan hen\u00fcz cennetteyken onunlayd\u0131 ve i\u00e7indeki her \u015fey de sevgi, a\u015fk,<span class=\"excerpt-hellip\"> [\u2026]<\/span><\/p>\n","protected":false},"featured_media":0,"template":"","meta":{"_monsterinsights_skip_tracking":false,"_monsterinsights_sitenote_active":false,"_monsterinsights_sitenote_note":"","_monsterinsights_sitenote_category":0},"product_brand":[],"product_cat":[12291,12711],"product_tag":[],"class_list":{"0":"post-717723","1":"product","2":"type-product","3":"status-publish","5":"product_cat-edebiyat","6":"product_cat-roman-oyku","7":"pa_cilt-ciltsiz","8":"pa_tur-kitap","9":"pa_yayinevi-turkuvaz-kitap","10":"pa_yazar-iskender-pala","12":"first","13":"instock","14":"sale","15":"shipping-taxable","16":"purchasable","17":"product-type-simple"},"_links":{"self":[{"href":"https:\/\/roveyayinevi.com.tr\/index.php\/wp-json\/wp\/v2\/product\/717723","targetHints":{"allow":["GET"]}}],"collection":[{"href":"https:\/\/roveyayinevi.com.tr\/index.php\/wp-json\/wp\/v2\/product"}],"about":[{"href":"https:\/\/roveyayinevi.com.tr\/index.php\/wp-json\/wp\/v2\/types\/product"}],"wp:attachment":[{"href":"https:\/\/roveyayinevi.com.tr\/index.php\/wp-json\/wp\/v2\/media?parent=717723"}],"wp:term":[{"taxonomy":"product_brand","embeddable":true,"href":"https:\/\/roveyayinevi.com.tr\/index.php\/wp-json\/wp\/v2\/product_brand?post=717723"},{"taxonomy":"product_cat","embeddable":true,"href":"https:\/\/roveyayinevi.com.tr\/index.php\/wp-json\/wp\/v2\/product_cat?post=717723"},{"taxonomy":"product_tag","embeddable":true,"href":"https:\/\/roveyayinevi.com.tr\/index.php\/wp-json\/wp\/v2\/product_tag?post=717723"}],"curies":[{"name":"wp","href":"https:\/\/api.w.org\/{rel}","templated":true}]}}