{"id":717722,"date":"2025-08-27T17:59:17","date_gmt":"2025-08-27T14:59:17","guid":{"rendered":"https:\/\/roveyayinevi.com.tr\/index.php\/urun\/gobeller\/"},"modified":"2026-04-16T02:25:52","modified_gmt":"2026-04-15T23:25:52","slug":"gobeller","status":"publish","type":"product","link":"https:\/\/roveyayinevi.com.tr\/index.php\/urun\/gobeller\/","title":{"rendered":"G\u00f6beller"},"content":{"rendered":"<p>Gazeteci-yazar Fehmi \u00c7almuk\u2019un yay\u0131mlanm\u0131\u015f 19\u2019uncu eseri olan G\u00f6beller, bir \u00c7orum roman\u0131. \u00c7almuk, ba\u011fr\u0131ndan \u201cG\u00f6beller\u201d \u00e7\u0131karan bu b\u00f6lgenin kahraman evlatlar\u0131n\u0131, \u201c\u00c7orumlular mahcup Anadolu \u00e7ocuklar\u0131d\u0131r. Muhannete muhta\u00e7 olmadan, sebat etmeyi ertelemeden, \u00f6fkesini isyana d\u00f6n\u00fc\u015ft\u00fcrmeden ya\u015far, giderler. Ben onlar\u0131 vatana, topra\u011fa, sevdiklerine olan sadakatlerinden vazge\u00e7meyen insanlar olarak tan\u0131d\u0131m. Onlar i\u00e7in \u2018devlet\u2019 dedi mi akan sular, \u2018millet\u2019 dedi mi esen r\u00fczg\u00e2r durur. \u2018Dayan Allah\u2019a, g\u00fcven Allah\u2019a\u201d d\u00fcsturu ile hareket ederler\u201d diyerek anlat\u0131yor. Romanlar\u0131n al\u0131\u015f\u0131lm\u0131\u015f kal\u0131plar\u0131n\u0131n d\u0131\u015f\u0131na \u00e7\u0131k\u0131larak G\u00f6beller roman\u0131nda \u201cyerel s\u00f6zl\u00fck\u201d de yer al\u0131yor. \u00c7orum\u2019un y\u00f6resel a\u011fz\u0131n\u0131 kullanan Dilber Kad\u0131n ve \u00d6p\u00e7e Osman \u015fimdiye kadar kamuoyu taraf\u0131ndan bilinmeyen, duyulmam\u0131\u015f s\u00f6zc\u00fckler, deyimlerle romana ayr\u0131 bir renk kat\u0131l\u0131yor. G\u00f6beller; Milli M\u00fccadele y\u0131llar\u0131nda \u00c7orum\u2019un Veli Pa\u015fa Kona\u011f\u0131\u2019nda ya\u015fanan dudak \u0131s\u0131rtan entrikalar\u0131 okuyucu ile bulu\u015fturuyor. Veli Pa\u015fa ve e\u015fi S\u0131d\u0131ka Han\u0131m\u2019\u0131n birbirlerinden habersiz olarak Te\u015fkilat-\u0131 Mahsusa i\u00e7in \u00e7al\u0131\u015fmalar\u0131 G\u00f6beller \u2019de polisiye romanlar\u0131 aratmayacak \u015fekilde i\u015fleniyor. G\u00f6beller; iki farkl\u0131 zaman diliminde, sihirli bir y\u00fcz\u00fck etraf\u0131nda ya\u015fanan olaylar\u0131 okuyucu ile bulu\u015fturuyor. Gayrim\u00fcslim bir usta taraf\u0131ndan asl\u0131nda bir define kap\u0131s\u0131n\u0131n anahtar\u0131 olarak yap\u0131lan y\u00fcz\u00fck, sihir ve b\u00fcy\u00fc gibi esrarengiz d\u00fcnyan\u0131n kap\u0131lar\u0131n\u0131 bizlere a\u00e7arken ruhani varl\u0131klar\u0131n bilinmeyen d\u00fcnyas\u0131na da ilgin\u00e7 bir yolculuk yapmam\u0131z\u0131 sa\u011fl\u0131yor.   Roman\u0131n kahramanlar\u0131 aras\u0131nda Enver Bey komutas\u0131ndaki; \u00d6p\u00e7e Osman, Molla Sad\u0131k, Koca Bekir, H\u00fcsn\u00fc ve Fehmi Dervi\u015f gibi askerler yer al\u0131yor. G\u00f6beller parolas\u0131n\u0131 kullanan askerlerin Rum \u00e7eteciler ile aksiyon dolu m\u00fccadelesi de okuyucu ile bulu\u015fturuluyor. Samsun\u2019a \u00e7\u0131k\u0131\u015f\u0131n\u0131n 100\u2019\u00fcnc\u00fc y\u0131l\u0131nda Milli M\u00fccadele\u2019de Ankara\u2019ya gelerek B\u00fcy\u00fck Millet Meclisi a\u00e7\u0131l\u0131\u015f \u00e7al\u0131\u015fmalar\u0131na ba\u015flamak isteyen Mustafa Kemal Pa\u015fa\u2019da  \u201cNuh Pa\u015fa\u201d kod ismiyle romanda yer al\u0131yor. Romandaki kurguya g\u00f6re G\u00f6beller, Mustafa Kemal\u2019i Rum \u00e7etecilerin sald\u0131r\u0131s\u0131na kar\u015f\u0131 koruyarak Ankara\u2019ya ula\u015fmas\u0131n\u0131 sa\u011fl\u0131yor. Topra\u011f\u0131n kokusunun, bu\u011fday\u0131n sar\u0131s\u0131n\u0131n, bir zikir halkas\u0131nda yer alan dervi\u015fin zorlu imtihan\u0131n\u0131n anlat\u0131ld\u0131\u011f\u0131 romanda, cinler, sihir ve cin yakma seremonisi de detayl\u0131 bir \u015fekilde anlat\u0131l\u0131yor. \u201cKitab\u0131n kapa\u011f\u0131 a\u00e7\u0131ld\u0131\u011f\u0131nda Enver Bey \u015fa\u015fk\u0131nl\u0131ktan dilini yutacakt\u0131. Sayfalar oyulmu\u015f, evrak saklanabilecek bir kutuya d\u00f6n\u00fc\u015ft\u00fcr\u00fclm\u00fc\u015ft\u00fc kitap.<\/p>\n","protected":false},"excerpt":{"rendered":"<p>Gazeteci-yazar Fehmi \u00c7almuk\u2019un yay\u0131mlanm\u0131\u015f 19\u2019uncu eseri olan G\u00f6beller, bir \u00c7orum roman\u0131. \u00c7almuk, ba\u011fr\u0131ndan \u201cG\u00f6beller\u201d \u00e7\u0131karan bu b\u00f6lgenin kahraman evlatlar\u0131n\u0131, \u201c\u00c7orumlular mahcup Anadolu \u00e7ocuklar\u0131d\u0131r. Muhannete muhta\u00e7 olmadan,<span class=\"excerpt-hellip\"> [\u2026]<\/span><\/p>\n","protected":false},"featured_media":0,"template":"","meta":{"_monsterinsights_skip_tracking":false,"_monsterinsights_sitenote_active":false,"_monsterinsights_sitenote_note":"","_monsterinsights_sitenote_category":0},"product_brand":[],"product_cat":[12291,12711],"product_tag":[],"class_list":{"0":"post-717722","1":"product","2":"type-product","3":"status-publish","5":"product_cat-edebiyat","6":"product_cat-roman-oyku","7":"pa_cilt-ciltsiz","8":"pa_tur-kitap","9":"pa_yayinevi-hoton-yayinlari","10":"pa_yazar-fehmi-calmuk","12":"first","13":"instock","14":"sale","15":"shipping-taxable","16":"purchasable","17":"product-type-simple"},"_links":{"self":[{"href":"https:\/\/roveyayinevi.com.tr\/index.php\/wp-json\/wp\/v2\/product\/717722","targetHints":{"allow":["GET"]}}],"collection":[{"href":"https:\/\/roveyayinevi.com.tr\/index.php\/wp-json\/wp\/v2\/product"}],"about":[{"href":"https:\/\/roveyayinevi.com.tr\/index.php\/wp-json\/wp\/v2\/types\/product"}],"wp:attachment":[{"href":"https:\/\/roveyayinevi.com.tr\/index.php\/wp-json\/wp\/v2\/media?parent=717722"}],"wp:term":[{"taxonomy":"product_brand","embeddable":true,"href":"https:\/\/roveyayinevi.com.tr\/index.php\/wp-json\/wp\/v2\/product_brand?post=717722"},{"taxonomy":"product_cat","embeddable":true,"href":"https:\/\/roveyayinevi.com.tr\/index.php\/wp-json\/wp\/v2\/product_cat?post=717722"},{"taxonomy":"product_tag","embeddable":true,"href":"https:\/\/roveyayinevi.com.tr\/index.php\/wp-json\/wp\/v2\/product_tag?post=717722"}],"curies":[{"name":"wp","href":"https:\/\/api.w.org\/{rel}","templated":true}]}}