{"id":717720,"date":"2025-08-27T17:59:16","date_gmt":"2025-08-27T14:59:16","guid":{"rendered":"https:\/\/roveyayinevi.com.tr\/index.php\/urun\/erkekler-neden-gider-neden-kalir\/"},"modified":"2026-04-16T02:25:52","modified_gmt":"2026-04-15T23:25:52","slug":"erkekler-neden-gider-neden-kalir","status":"publish","type":"product","link":"https:\/\/roveyayinevi.com.tr\/index.php\/urun\/erkekler-neden-gider-neden-kalir\/","title":{"rendered":"Erkekler Neden Gider Neden Kal\u0131r"},"content":{"rendered":"<p>\u201cErkekler Neden Ba\u011flan\u0131r adl\u0131 kitab\u0131m\u0131n tan\u0131t\u0131m\u0131 s\u0131ras\u0131ndayd\u0131m. TV \u00e7ekimi yeni bitmi\u015fti ki bir beyefendi yan\u0131ma geldi. \u2018Kad\u0131nlara erkekleri elde etmenin yolunu anlat\u0131yorsunuz, ama birileri de onlara erkekleri ellerinde tutman\u0131n yolunu g\u00f6stermeli,\u2019 dedi. \u00d6nerisi kafamda m\u00fckemmel bir fikir olu\u015fturdu, b\u00f6ylece ilk kitab\u0131n devam\u0131 niteli\u011finde Erkekler Neden Gider Neden Kal\u0131r do\u011fdu. \u201cElinizdeki kitap, size i\u015f hayat\u0131n\u0131zdaki taktikleri \u00f6zel ya\u015fam\u0131n\u0131za nas\u0131l uygulayaca\u011f\u0131n\u0131z, do\u011frulu\u011fu deneylenmi\u015f entelekt\u00fcel bir yakla\u015f\u0131m\u0131 nas\u0131l kazanaca\u011f\u0131n\u0131z, nas\u0131l strateji geli\u015ftirip se\u00e7ti\u011finiz ili\u015fkinin i\u00e7inde bunu nas\u0131l y\u00fcr\u00fctece\u011finiz ve sevdi\u011finiz adamla devam eden, kar\u015f\u0131l\u0131k bulan bir ba\u011f\u0131ml\u0131l\u0131\u011f\u0131 nas\u0131l yarataca\u011f\u0131n\u0131z konusunda yol g\u00f6sterecektir.\u201d Susan CurtinKelley<\/p>\n","protected":false},"excerpt":{"rendered":"<p>\u201cErkekler Neden Ba\u011flan\u0131r adl\u0131 kitab\u0131m\u0131n tan\u0131t\u0131m\u0131 s\u0131ras\u0131ndayd\u0131m. TV \u00e7ekimi yeni bitmi\u015fti ki bir beyefendi yan\u0131ma geldi. \u2018Kad\u0131nlara erkekleri elde etmenin yolunu anlat\u0131yorsunuz, ama birileri de onlara<span class=\"excerpt-hellip\"> [\u2026]<\/span><\/p>\n","protected":false},"featured_media":0,"template":"","meta":{"_monsterinsights_skip_tracking":false,"_monsterinsights_sitenote_active":false,"_monsterinsights_sitenote_note":"","_monsterinsights_sitenote_category":0},"product_brand":[],"product_cat":[12777,12291],"product_tag":[],"class_list":{"0":"post-717720","1":"product","2":"type-product","3":"status-publish","5":"product_cat-deneme","6":"product_cat-edebiyat","7":"pa_cilt-ciltsiz","8":"pa_tur-kitap","9":"pa_yayinevi-totem-yayinlari","10":"pa_yazar-susan-curtin-kelley","12":"first","13":"instock","14":"sale","15":"shipping-taxable","16":"purchasable","17":"product-type-simple"},"_links":{"self":[{"href":"https:\/\/roveyayinevi.com.tr\/index.php\/wp-json\/wp\/v2\/product\/717720","targetHints":{"allow":["GET"]}}],"collection":[{"href":"https:\/\/roveyayinevi.com.tr\/index.php\/wp-json\/wp\/v2\/product"}],"about":[{"href":"https:\/\/roveyayinevi.com.tr\/index.php\/wp-json\/wp\/v2\/types\/product"}],"wp:attachment":[{"href":"https:\/\/roveyayinevi.com.tr\/index.php\/wp-json\/wp\/v2\/media?parent=717720"}],"wp:term":[{"taxonomy":"product_brand","embeddable":true,"href":"https:\/\/roveyayinevi.com.tr\/index.php\/wp-json\/wp\/v2\/product_brand?post=717720"},{"taxonomy":"product_cat","embeddable":true,"href":"https:\/\/roveyayinevi.com.tr\/index.php\/wp-json\/wp\/v2\/product_cat?post=717720"},{"taxonomy":"product_tag","embeddable":true,"href":"https:\/\/roveyayinevi.com.tr\/index.php\/wp-json\/wp\/v2\/product_tag?post=717720"}],"curies":[{"name":"wp","href":"https:\/\/api.w.org\/{rel}","templated":true}]}}