{"id":717718,"date":"2025-08-27T17:59:14","date_gmt":"2025-08-27T14:59:14","guid":{"rendered":"https:\/\/roveyayinevi.com.tr\/index.php\/urun\/kelogiri\/"},"modified":"2026-04-16T02:25:52","modified_gmt":"2026-04-15T23:25:52","slug":"kelogiri","status":"publish","type":"product","link":"https:\/\/roveyayinevi.com.tr\/index.php\/urun\/kelogiri\/","title":{"rendered":"Kelog\u0131ri"},"content":{"rendered":"<p>\u201cHevokan watey\u00ean xwe n\u00eenin,wateyan hevok\u00ean xwe hene. Ji ber ku her wateyek\u00ea hevokeke xwe n\u00eene j\u00ee, \u00e7\u00eerok hene&#8230;\u201d Pirt\u00fbkeke n\u00fb \u00fb duyem ji Murat \u00d6zya\u015far\u00ea ku bi pirt\u00fbka xwe ya bi nav\u00ea B\u00eer Xelata \u00c7\u00eerokan a Haldun Taner \u00fb Xelata \u00c7\u00eerokan a Yunus Nadi wergirtib\u00fb: Kelogir\u00ee. \u00d6zya\u015far\u00ea ku di B\u00eer\u00ea de dib\u00eaje \u201cH\u00ea\u015fta gotin heb\u00fb, t\u00eak de veg\u00earrana neyekser b\u00fb\u201d, di Kelogir\u00eey\u00ea de, veg\u00earrana neyekser a di gotin\u00ea de radike \u00fb \u00e7\u00eeroka di nava gotin\u00ea de ka\u015f\u00ee berev watey\u00ea dike. Ev \u00e7\u00eerok\u00ean ku ne p\u00eakan e b\u00eane veg\u00earran, bes p\u00eakan e b\u00eane niv\u00ees\u00een, ji bo famkirin\u00ea ji xw\u00eeneran h\u00eav\u00eeya his\u00eeyat\u00ea dikin, ne ku k\u00eaferateke giran&#8230; Kelogir\u00ee bi \u00e7\u00eerok\u00ean bendewar\u00ee nas kir\u00ee ve awat\u00ea dike ku bigih\u00eeje xw\u00eener\u00ean xwe \u00fb di xw\u00eener\u00ean xwe bigere. \u201cHer kes li d\u00fb mir\u00eey\u00ea xwe dike t\u00eeqet\u00eeq; ev e, tu neb\u00ea nav\u00ea v\u00ea kr\u00eez\u00ea, nav\u00ea v\u00ea t\u00eeqet\u00eeq\u00ea ye ken\u00ea b\u00eaxw\u00ea.\u201d <\/p>\n","protected":false},"excerpt":{"rendered":"<p>\u201cHevokan watey\u00ean xwe n\u00eenin,wateyan hevok\u00ean xwe hene. Ji ber ku her wateyek\u00ea hevokeke xwe n\u00eene j\u00ee, \u00e7\u00eerok hene&#8230;\u201d Pirt\u00fbkeke n\u00fb \u00fb duyem ji Murat \u00d6zya\u015far\u00ea ku<span class=\"excerpt-hellip\"> [\u2026]<\/span><\/p>\n","protected":false},"featured_media":0,"template":"","meta":{"_monsterinsights_skip_tracking":false,"_monsterinsights_sitenote_active":false,"_monsterinsights_sitenote_note":"","_monsterinsights_sitenote_category":0},"product_brand":[],"product_cat":[12291,12711],"product_tag":[],"class_list":{"0":"post-717718","1":"product","2":"type-product","3":"status-publish","5":"product_cat-edebiyat","6":"product_cat-roman-oyku","7":"pa_cilt-ciltsiz","8":"pa_tur-kitap","9":"pa_yayinevi-dogan-kitap","10":"pa_yazar-murat-ozyasar","12":"first","13":"instock","14":"sale","15":"shipping-taxable","16":"purchasable","17":"product-type-simple"},"_links":{"self":[{"href":"https:\/\/roveyayinevi.com.tr\/index.php\/wp-json\/wp\/v2\/product\/717718","targetHints":{"allow":["GET"]}}],"collection":[{"href":"https:\/\/roveyayinevi.com.tr\/index.php\/wp-json\/wp\/v2\/product"}],"about":[{"href":"https:\/\/roveyayinevi.com.tr\/index.php\/wp-json\/wp\/v2\/types\/product"}],"wp:attachment":[{"href":"https:\/\/roveyayinevi.com.tr\/index.php\/wp-json\/wp\/v2\/media?parent=717718"}],"wp:term":[{"taxonomy":"product_brand","embeddable":true,"href":"https:\/\/roveyayinevi.com.tr\/index.php\/wp-json\/wp\/v2\/product_brand?post=717718"},{"taxonomy":"product_cat","embeddable":true,"href":"https:\/\/roveyayinevi.com.tr\/index.php\/wp-json\/wp\/v2\/product_cat?post=717718"},{"taxonomy":"product_tag","embeddable":true,"href":"https:\/\/roveyayinevi.com.tr\/index.php\/wp-json\/wp\/v2\/product_tag?post=717718"}],"curies":[{"name":"wp","href":"https:\/\/api.w.org\/{rel}","templated":true}]}}