{"id":717717,"date":"2025-08-27T17:59:13","date_gmt":"2025-08-27T14:59:13","guid":{"rendered":"https:\/\/roveyayinevi.com.tr\/index.php\/urun\/devlerin-omuzlarinda\/"},"modified":"2026-04-07T02:33:17","modified_gmt":"2026-04-06T23:33:17","slug":"devlerin-omuzlarinda","status":"publish","type":"product","link":"https:\/\/roveyayinevi.com.tr\/index.php\/urun\/devlerin-omuzlarinda\/","title":{"rendered":"Devlerin Omuzlar\u0131nda"},"content":{"rendered":"<p>Ge\u00e7mi\u015fte ya\u015fayanlar bize oranla devdiler, ama bizler c\u00fcce olsak da omuzlar\u0131na oturarak, yani onlar\u0131n bilgeli\u011finden yararlanarak onlardan daha iyi g\u00f6rebiliyorduk. Devlerin Omuzlar\u0131nda, 2016 y\u0131l\u0131nda aram\u0131zdan ayr\u0131lan Umberto Eco\u2019nun, Milano\u2019da yap\u0131lan sanat ve k\u00fclt\u00fcr festivali Milanesiana i\u00e7in haz\u0131rlad\u0131\u011f\u0131 dersleri bir araya getiren son kitab\u0131. Medeniyetin k\u00f6kenleri, g\u00fczellik, \u00e7irkinlik, paradokslar, aforizmalar, yalanc\u0131lar, sahtek\u00e2rlar, kusurlu sanat yap\u0131tlar\u0131, edebi metinler, roman kahramanlar\u0131, s\u0131rlar, komplolar, mitler ve kutsall\u0131k temsilleri gibi, Eco okurlar\u0131n\u0131n tutkunu oldu\u011fu pek \u00e7ok konu ve kavram, yazar\u0131n e\u015fsiz heyecan\u0131yla kitapta bir kez daha g\u00f6zler \u00f6n\u00fcne seriliyor. Bir devin omzunda y\u00fckselerek ufku daha iyi g\u00f6rebilmek isteyenler i\u00e7in, Umberto Eco\u2019nun anlam evreninden on iki ders. <\/p>\n","protected":false},"excerpt":{"rendered":"<p>Ge\u00e7mi\u015fte ya\u015fayanlar bize oranla devdiler, ama bizler c\u00fcce olsak da omuzlar\u0131na oturarak, yani onlar\u0131n bilgeli\u011finden yararlanarak onlardan daha iyi g\u00f6rebiliyorduk. Devlerin Omuzlar\u0131nda, 2016 y\u0131l\u0131nda aram\u0131zdan ayr\u0131lan<span class=\"excerpt-hellip\"> [\u2026]<\/span><\/p>\n","protected":false},"featured_media":0,"template":"","meta":{"_monsterinsights_skip_tracking":false,"_monsterinsights_sitenote_active":false,"_monsterinsights_sitenote_note":"","_monsterinsights_sitenote_category":0},"product_brand":[],"product_cat":[13072,12291],"product_tag":[],"class_list":{"0":"post-717717","1":"product","2":"type-product","3":"status-publish","5":"product_cat-arastirma-inceleme-referans","6":"product_cat-edebiyat","7":"pa_cilt-ciltsiz","8":"pa_tur-kitap","9":"pa_yayinevi-dogan-kitap","10":"pa_yazar-umberto-eco","12":"first","13":"instock","14":"sale","15":"shipping-taxable","16":"purchasable","17":"product-type-simple"},"_links":{"self":[{"href":"https:\/\/roveyayinevi.com.tr\/index.php\/wp-json\/wp\/v2\/product\/717717","targetHints":{"allow":["GET"]}}],"collection":[{"href":"https:\/\/roveyayinevi.com.tr\/index.php\/wp-json\/wp\/v2\/product"}],"about":[{"href":"https:\/\/roveyayinevi.com.tr\/index.php\/wp-json\/wp\/v2\/types\/product"}],"wp:attachment":[{"href":"https:\/\/roveyayinevi.com.tr\/index.php\/wp-json\/wp\/v2\/media?parent=717717"}],"wp:term":[{"taxonomy":"product_brand","embeddable":true,"href":"https:\/\/roveyayinevi.com.tr\/index.php\/wp-json\/wp\/v2\/product_brand?post=717717"},{"taxonomy":"product_cat","embeddable":true,"href":"https:\/\/roveyayinevi.com.tr\/index.php\/wp-json\/wp\/v2\/product_cat?post=717717"},{"taxonomy":"product_tag","embeddable":true,"href":"https:\/\/roveyayinevi.com.tr\/index.php\/wp-json\/wp\/v2\/product_tag?post=717717"}],"curies":[{"name":"wp","href":"https:\/\/api.w.org\/{rel}","templated":true}]}}