{"id":717715,"date":"2025-08-27T17:59:12","date_gmt":"2025-08-27T14:59:12","guid":{"rendered":"https:\/\/roveyayinevi.com.tr\/index.php\/urun\/amerikaperestler\/"},"modified":"2025-11-21T05:16:17","modified_gmt":"2025-11-21T02:16:17","slug":"amerikaperestler","status":"publish","type":"product","link":"https:\/\/roveyayinevi.com.tr\/index.php\/urun\/amerikaperestler\/","title":{"rendered":"Amerikaperestler"},"content":{"rendered":"<p>\u201cKanl\u0131 Pazar\u201d \u015f\u00f6yle ger\u00e7ekle\u015ftirilmi\u015fti. Solcular Amerikan 6. Filo askerlerini Dolmabah\u00e7e r\u0131ht\u0131m\u0131ndan denize atm\u0131\u015flard\u0131. Zaman\u0131n Ba\u015fbakan\u0131 S\u00fcleyman Demirel\u2019di. Demirel Eylemlere mani olun talimat\u0131 vermi\u015fti.   Komite, \u201cBeyaz\u0131t Kulesi\u2019ne Rus bayra\u011f\u0131 as\u0131lmas\u0131n\u0131 protesto\u201d i\u00e7in \u2018T\u00fcrk Bayra\u011f\u0131na Sayg\u0131 Mitingi\u2019 karar\u0131 alm\u0131\u015ft\u0131.   Karak\u00f6y\u2019den Dolmabah\u00e7e r\u0131ht\u0131m\u0131na kadar ki alanda bine yak\u0131n militan toplam\u0131\u015ft\u0131. Mahmut Hoca Cemaati tam kadro oradayd\u0131 ve Dolmabah\u00e7e Camii\u2019nde 20 bine yak\u0131n sopa depolanm\u0131\u015ft\u0131, sopalar buradan da\u011f\u0131t\u0131lm\u0131\u015ft\u0131.   Miting, Dolmabah\u00e7e Stadyumu\u2019nda (Be\u015fikta\u015f stad\u0131) Be\u015fikta\u015f-Fenerbah\u00e7e futbol ma\u00e7\u0131 da\u011f\u0131l\u0131m\u0131na denk d\u00fc\u015f\u00fcr\u00fclm\u00fc\u015ft\u00fc. Miting d\u00fczenleyicileri \u2018ya ya ya \u015fa\u015fa \u015fa Be\u015fikta\u015f ve Fenerbah\u00e7e \u00e7ok ya\u015fa\u2019 sloganlar\u0131 atarak her iki tak\u0131m taraftarlar\u0131n\u0131 kendi y\u0131\u011f\u0131nlar\u0131na katt\u0131lar ve kalabal\u0131\u011f\u0131 \u0130T\u00dc\u2019nin \u00f6n\u00fcnden ge\u00e7irerek Taksim Meydan\u0131na y\u0131\u011fd\u0131lar. Taksim Meydan\u0131na toplanm\u0131\u015f solcular\u0131n \u00fczerine sopalar, ta\u015flar ve kur\u015funlarla sald\u0131r\u0131ya ge\u00e7tiler.<\/p>\n","protected":false},"excerpt":{"rendered":"<p>\u201cKanl\u0131 Pazar\u201d \u015f\u00f6yle ger\u00e7ekle\u015ftirilmi\u015fti. Solcular Amerikan 6. Filo askerlerini Dolmabah\u00e7e r\u0131ht\u0131m\u0131ndan denize atm\u0131\u015flard\u0131. Zaman\u0131n Ba\u015fbakan\u0131 S\u00fcleyman Demirel\u2019di. Demirel Eylemlere mani olun talimat\u0131 vermi\u015fti. Komite, \u201cBeyaz\u0131t Kulesi\u2019ne<span class=\"excerpt-hellip\"> [\u2026]<\/span><\/p>\n","protected":false},"featured_media":0,"template":"","meta":{"_monsterinsights_skip_tracking":false,"_monsterinsights_sitenote_active":false,"_monsterinsights_sitenote_note":"","_monsterinsights_sitenote_category":0},"product_brand":[],"product_cat":[13590,12337],"product_tag":[],"class_list":{"0":"post-717715","1":"product","2":"type-product","3":"status-publish","5":"product_cat-arastirma-inceleme-politika-siyaset","6":"product_cat-politika-siyaset","7":"pa_cilt-ciltsiz","8":"pa_tur-kitap","9":"pa_yayinevi-nergiz-yayinlari","10":"pa_yazar-erol-bilbilik","12":"first","13":"instock","14":"sale","15":"shipping-taxable","16":"purchasable","17":"product-type-simple"},"_links":{"self":[{"href":"https:\/\/roveyayinevi.com.tr\/index.php\/wp-json\/wp\/v2\/product\/717715","targetHints":{"allow":["GET"]}}],"collection":[{"href":"https:\/\/roveyayinevi.com.tr\/index.php\/wp-json\/wp\/v2\/product"}],"about":[{"href":"https:\/\/roveyayinevi.com.tr\/index.php\/wp-json\/wp\/v2\/types\/product"}],"wp:attachment":[{"href":"https:\/\/roveyayinevi.com.tr\/index.php\/wp-json\/wp\/v2\/media?parent=717715"}],"wp:term":[{"taxonomy":"product_brand","embeddable":true,"href":"https:\/\/roveyayinevi.com.tr\/index.php\/wp-json\/wp\/v2\/product_brand?post=717715"},{"taxonomy":"product_cat","embeddable":true,"href":"https:\/\/roveyayinevi.com.tr\/index.php\/wp-json\/wp\/v2\/product_cat?post=717715"},{"taxonomy":"product_tag","embeddable":true,"href":"https:\/\/roveyayinevi.com.tr\/index.php\/wp-json\/wp\/v2\/product_tag?post=717715"}],"curies":[{"name":"wp","href":"https:\/\/api.w.org\/{rel}","templated":true}]}}