{"id":717714,"date":"2025-08-27T17:59:11","date_gmt":"2025-08-27T14:59:11","guid":{"rendered":"https:\/\/roveyayinevi.com.tr\/index.php\/urun\/kemalist-turkculuk\/"},"modified":"2026-04-16T02:25:52","modified_gmt":"2026-04-15T23:25:52","slug":"kemalist-turkculuk","status":"publish","type":"product","link":"https:\/\/roveyayinevi.com.tr\/index.php\/urun\/kemalist-turkculuk\/","title":{"rendered":"Kemalist T\u00fcrk\u00e7\u00fcl\u00fck"},"content":{"rendered":"<p>Kemalizm ve T\u00fcrk\u00e7\u00fcl\u00fck\u2026 Bu \u00fclkede \u00e7ok tart\u0131\u015f\u0131lan ama \u00e7ok az anla\u015f\u0131lan iki kavram\u2026 Kemalizm ve T\u00fcrk\u00e7\u00fcl\u00fck birlikte de\u011ferlendirilip, derinli\u011fine bir \u00e7\u00fcz\u00fcmleme de yap\u0131lmama\u015ft\u0131r bug\u00fcne dek. Cazim G\u00fcrb\u00fcz bu \u00f6nemli ve de\u011ferli g\u00f6revi yerine getiriyor bu kitapta\u2026 Bu \u00e7a- l\u0131\u015fman\u0131n i\u00e7eri\u011finden ilgin\u00e7 ve \u00e7arp\u0131c\u0131 ayr\u0131nt\u0131lar al\u0131yoruz a\u015fa\u011f\u0131ya. Umuyoruz ki merak\u0131n\u0131z\u0131 \u00e7ekece\u011fiz ; bu kitab\u0131 severek , ilgiyle, be\u011fenerek okuyacaks\u0131n\u0131z ve bilgileneceksiniz. Kemalizme g\u00f6re T\u00fcrk\u00e7\u00fcl\u00fck\u2026 Irk\u00e7\u0131 de\u011fil k\u00f6k\u00e7\u00fc ; ak\u0131ll\u0131 ve tedbirli\u2026 Ad\u0131n\u0131 ve san\u0131n\u0131, yani G\u00e2zi ile Mustafa Kemal\u2019i diyorlar da, s\u0131ra Atat\u00fcrk\u2019e geldi mi neden zorlan\u0131yorlar Neo-Osmanl\u0131c\u0131larla dinciler ? Soyu sopu kar\u0131\u015f\u0131k, annesi \u0130ngiliz Henriet (G\u00fcl\u00fcst\u00fc Hatun) olan Vahdettin\u2019e g\u00f6re Atat\u00fcrk T\u00fcrk de\u011fil S\u0131rp \u2026 Vahdettin\u2019\u0130n \u0130ngilizlere bu derece yak\u0131nl\u0131\u011f\u0131, sonunda onlara s\u0131\u011f\u0131nmas\u0131, anas\u0131ndan dolay\u0131 m\u0131d\u0131r acaba ? Z\u00fcbeyde Han\u0131m\u2019\u0131n bebesi Mustafa\u2019ya sesleni\u015fi : \u2018 Hadi uyu benim Bozkurtum ! \u2018 Atat\u00fcrk, o fesli tarih\u00e7inin dedi\u011fi gibi Azerbaycan\u2019\u0131 Ruslara m\u0131 satt\u0131 ? Nedir bu i\u015fin asl\u0131 ? Kafkas Seddi nedir, neden y\u0131k\u0131lmal\u0131yd\u0131 ? Boraltan K\u00f6pr\u00fcs\u00fc\u2026 Milli \u015eef \u0130smet \u0130n\u00f6n\u00fc, Stalin\u2019e ho\u015f g\u00f6r\u00fcnmek i\u00e7in, T\u00fcrkiye\u2019ye s\u0131\u011f\u0131nan 147 Azerbaycan T\u00fcrk\u2019\u00fcn\u00fc, Sovyet Sosyalist Cumhuriyetler Birli\u011fine bu k\u00f6pr\u00fcden mi teslim ettirdi ? Sovyet yetkililer bu k\u00f6pr\u00fcden teslim al\u0131p soyda\u015flar\u0131m\u0131z\u0131, s\u0131n\u0131r\u0131n kar\u015f\u0131 taraf\u0131nda tanklarla m\u0131 ezdiler ? Yazar\u0131m\u0131z a\u00e7\u0131kl\u0131yor : \u2018Boraltan k\u00f6pr\u00fcs\u00fc diye bir k\u00f6pr\u00fc yoktur, ama \u00f6yle bir teslimat vard\u0131r.\u2019 Peki nereden, nas\u0131l ? Bu kitapta bulacaks\u0131n\u0131z bu i\u015fin do\u011frusunu. \u2018 Atat\u00fcrk Bat\u0131 Trakya\u2019y\u0131 Yunan\u2019a satt\u0131\u2019 iddalar\u0131 ve ger\u00e7ekler. Atat\u00fcrk ve Do\u011fu T\u00fcrkistan\u2026 T\u00fcrkistan\u2019dan g\u00f6nderilen \u00fc\u00e7 k\u0131l\u0131\u00e7\u2026 Atat\u00fcrk ve Gagavuzlar\u2026 Atar\u00fck, kay\u0131p k\u0131ta Mu ve T\u00fcrkl\u00fck\u2026 Atat\u00fcrk ve S\u00fcmerler\u2026 Kurtulu\u015f Sava\u015f\u0131 s\u0131ras\u0131nda Musul-Kerk\u00fck Harek\u00e2t\u0131\u2026 Atat\u00fcrk, Bulgar\u0131stan\u2019daki T\u00fcrk katliam\u0131n\u0131 nas\u0131l \u00f6nledi ? T\u00fcrkiyat Enstit\u00fcs\u00fc\u2019ne Atat\u00fcrk\u2019ten 20 bin alt\u0131n T\u00fcrk olmak, T\u00fcrk kazanmak, T\u00fcrkle\u015ftirme\u2026 T\u00fcrk\u00e7\u00fcl\u00fc\u011f\u00fc tarikat Ats\u0131z\u2019\u0131 \u015feyh eden \u2018t\u00fcrk\u00e7\u00fcler\u2019 ve nefreti makam\u0131nda T\u00fcrk\u00e7\u00fcl\u00fck. T\u00fcrk\u00e7\u00fcl\u00fck ba\u011flam\u0131nda bir\u00e7ok ezberi y\u00fcreklice bozuyor yaz\u0131r\u0131m\u0131z.<\/p>\n","protected":false},"excerpt":{"rendered":"<p>Kemalizm ve T\u00fcrk\u00e7\u00fcl\u00fck\u2026 Bu \u00fclkede \u00e7ok tart\u0131\u015f\u0131lan ama \u00e7ok az anla\u015f\u0131lan iki kavram\u2026 Kemalizm ve T\u00fcrk\u00e7\u00fcl\u00fck birlikte de\u011ferlendirilip, derinli\u011fine bir \u00e7\u00fcz\u00fcmleme de yap\u0131lmama\u015ft\u0131r bug\u00fcne dek. Cazim<span class=\"excerpt-hellip\"> [\u2026]<\/span><\/p>\n","protected":false},"featured_media":0,"template":"","meta":{"_monsterinsights_skip_tracking":false,"_monsterinsights_sitenote_active":false,"_monsterinsights_sitenote_note":"","_monsterinsights_sitenote_category":0},"product_brand":[],"product_cat":[13590,12337],"product_tag":[],"class_list":{"0":"post-717714","1":"product","2":"type-product","3":"status-publish","5":"product_cat-arastirma-inceleme-politika-siyaset","6":"product_cat-politika-siyaset","7":"pa_cilt-ciltsiz","8":"pa_tur-kitap","9":"pa_yayinevi-nergiz-yayinlari","10":"pa_yazar-cazim-gurbuz","12":"first","13":"instock","14":"sale","15":"shipping-taxable","16":"purchasable","17":"product-type-simple"},"_links":{"self":[{"href":"https:\/\/roveyayinevi.com.tr\/index.php\/wp-json\/wp\/v2\/product\/717714","targetHints":{"allow":["GET"]}}],"collection":[{"href":"https:\/\/roveyayinevi.com.tr\/index.php\/wp-json\/wp\/v2\/product"}],"about":[{"href":"https:\/\/roveyayinevi.com.tr\/index.php\/wp-json\/wp\/v2\/types\/product"}],"wp:attachment":[{"href":"https:\/\/roveyayinevi.com.tr\/index.php\/wp-json\/wp\/v2\/media?parent=717714"}],"wp:term":[{"taxonomy":"product_brand","embeddable":true,"href":"https:\/\/roveyayinevi.com.tr\/index.php\/wp-json\/wp\/v2\/product_brand?post=717714"},{"taxonomy":"product_cat","embeddable":true,"href":"https:\/\/roveyayinevi.com.tr\/index.php\/wp-json\/wp\/v2\/product_cat?post=717714"},{"taxonomy":"product_tag","embeddable":true,"href":"https:\/\/roveyayinevi.com.tr\/index.php\/wp-json\/wp\/v2\/product_tag?post=717714"}],"curies":[{"name":"wp","href":"https:\/\/api.w.org\/{rel}","templated":true}]}}