{"id":717713,"date":"2025-08-27T17:59:11","date_gmt":"2025-08-27T14:59:11","guid":{"rendered":"https:\/\/roveyayinevi.com.tr\/index.php\/urun\/rockefellerin-kuresel-celladi-brzezinski\/"},"modified":"2026-04-16T02:25:52","modified_gmt":"2026-04-15T23:25:52","slug":"rockefellerin-kuresel-celladi-brzezinski","status":"publish","type":"product","link":"https:\/\/roveyayinevi.com.tr\/index.php\/urun\/rockefellerin-kuresel-celladi-brzezinski\/","title":{"rendered":"Rockefellerin K\u00fcresel Cellad\u0131 Brzezinski"},"content":{"rendered":"<p>\u201cT\u00fcrkiye\u2019nin b\u00f6lgesel rol\u00fc, k\u00f6k\u00fcn\u00fc kendi i\u00e7 problemlerinden alan iki temel dengeleyici hususla s\u0131n\u0131rla- n\u0131yor. Birincisi, atat\u00fcrk\u2019\u00fcn miras\u0131n\u0131n h\u00e2l\u00e2 belirsiz durumuyla ilgili: T\u00fcrkiye, n\u00fcfusunun \u00f6nemli bir k\u0131sm\u0131 M\u00fcsl\u00fcman olmas\u0131na ra\u011fmen kendisini laik bir Avrupa devletine d\u00f6n\u00fc\u015ft\u00fcrmede ba\u015far\u0131l\u0131 olacak m\u0131? Bu, Atat\u00fcrk\u2019\u00fcn reformlar\u0131 uygulamaya koydu\u011fu 1920\u2019lerin ba\u015f\u0131ndan beri T\u00fcrkiye\u2019nin amac\u0131d\u0131r. T\u00fcrkiye, o g\u00fcnden beri \u00f6nemli geli\u015fmeler kaydetti ama bug\u00fcne kadar gelecekteki AB\u2019ye \u00fcyeli\u011fi (aktif olarak ar\u0131yor) muamma. E\u011fer AB kap\u0131lar\u0131n\u0131 T\u00fcrkiye\u2019ye kapatmak zorunda kal\u0131rsa,  \u0130sl\u00e2mi bir siyasi\/ dini dirilmeyi ve sonu\u00e7 olarak T\u00fcrkiye\u2019nin kendisine yeniden dramatik (ve b\u00fcy\u00fck ihtimalle kar\u0131\u015f\u0131k) bir uluslar aras\u0131 \u00e7evre aramas\u0131 ihtimalini k\u00fc\u00e7\u00fcmsememek gerekir.,<\/p>\n","protected":false},"excerpt":{"rendered":"<p>\u201cT\u00fcrkiye\u2019nin b\u00f6lgesel rol\u00fc, k\u00f6k\u00fcn\u00fc kendi i\u00e7 problemlerinden alan iki temel dengeleyici hususla s\u0131n\u0131rla- n\u0131yor. Birincisi, atat\u00fcrk\u2019\u00fcn miras\u0131n\u0131n h\u00e2l\u00e2 belirsiz durumuyla ilgili: T\u00fcrkiye, n\u00fcfusunun \u00f6nemli bir k\u0131sm\u0131<span class=\"excerpt-hellip\"> [\u2026]<\/span><\/p>\n","protected":false},"featured_media":0,"template":"","meta":{"_monsterinsights_skip_tracking":false,"_monsterinsights_sitenote_active":false,"_monsterinsights_sitenote_note":"","_monsterinsights_sitenote_category":0},"product_brand":[],"product_cat":[13590,12337],"product_tag":[],"class_list":{"0":"post-717713","1":"product","2":"type-product","3":"status-publish","5":"product_cat-arastirma-inceleme-politika-siyaset","6":"product_cat-politika-siyaset","7":"pa_cilt-ciltsiz","8":"pa_tur-kitap","9":"pa_yayinevi-nergiz-yayinlari","10":"pa_yazar-erol-bilbilik","12":"first","13":"instock","14":"sale","15":"shipping-taxable","16":"purchasable","17":"product-type-simple"},"_links":{"self":[{"href":"https:\/\/roveyayinevi.com.tr\/index.php\/wp-json\/wp\/v2\/product\/717713","targetHints":{"allow":["GET"]}}],"collection":[{"href":"https:\/\/roveyayinevi.com.tr\/index.php\/wp-json\/wp\/v2\/product"}],"about":[{"href":"https:\/\/roveyayinevi.com.tr\/index.php\/wp-json\/wp\/v2\/types\/product"}],"wp:attachment":[{"href":"https:\/\/roveyayinevi.com.tr\/index.php\/wp-json\/wp\/v2\/media?parent=717713"}],"wp:term":[{"taxonomy":"product_brand","embeddable":true,"href":"https:\/\/roveyayinevi.com.tr\/index.php\/wp-json\/wp\/v2\/product_brand?post=717713"},{"taxonomy":"product_cat","embeddable":true,"href":"https:\/\/roveyayinevi.com.tr\/index.php\/wp-json\/wp\/v2\/product_cat?post=717713"},{"taxonomy":"product_tag","embeddable":true,"href":"https:\/\/roveyayinevi.com.tr\/index.php\/wp-json\/wp\/v2\/product_tag?post=717713"}],"curies":[{"name":"wp","href":"https:\/\/api.w.org\/{rel}","templated":true}]}}