{"id":717712,"date":"2025-08-27T17:59:10","date_gmt":"2025-08-27T14:59:10","guid":{"rendered":"https:\/\/roveyayinevi.com.tr\/index.php\/urun\/ataturk-islam-ve-laiklik-halifeligin-kaldirilmasi-cumhuriyet-donemi-din-ogretimi-ve-egitimi\/"},"modified":"2026-04-16T02:25:52","modified_gmt":"2026-04-15T23:25:52","slug":"ataturk-islam-ve-laiklik-halifeligin-kaldirilmasi-cumhuriyet-donemi-din-ogretimi-ve-egitimi","status":"publish","type":"product","link":"https:\/\/roveyayinevi.com.tr\/index.php\/urun\/ataturk-islam-ve-laiklik-halifeligin-kaldirilmasi-cumhuriyet-donemi-din-ogretimi-ve-egitimi\/","title":{"rendered":"Atat\u00fcrk \u0130slam ve Laiklik Halifeli\u011fin Kald\u0131r\u0131lmas\u0131 Cumhuriyet D\u00f6nemi Din \u00d6\u011fretimi ve E\u011fitimi"},"content":{"rendered":"<p>Milletimiz din ve dil gibi kuvvetli iki fazilete maliktir.   Bu faziletleri hi\u00e7bir kuvvet, milletimizin kalp ve vicdan\u0131ndan \u00e7ekip alamam\u0131\u015ft\u0131r ve alamaz. \u201c ATAT\u00dcRK.ATAT\u00dcRK\u2019e g\u00f6re, insan akl\u0131 ve zek\u00e2s\u0131 da, allan insanlara verdi\u011fi \u00e7ok \u00f6nemli bir l\u00fct\u00fcft\u00fcr. 17 \u015eubuta 1923\u2019te \u0130zmir iktisat Kongresi\u2019ni a\u00e7arken yapt\u0131\u011f\u0131 konu\u015fmada, bu konuda, \u015funlar\u0131 s\u00f6ylemi\u015fti:\u201cBiliriz ki Allan d\u00fcnya \u00fczerinde yaratt\u0131\u011f\u0131 bu kadar nimetleri, bu kadar g\u00fczellikleri insan istifade etsin, nimet sahibi olsun diye yaratm\u0131\u015ft\u0131r ve azami derecede yararlanabilmek i\u00e7in de, b\u00fct\u00fcn kain\u00e2ttan esirgendi\u011fi zek\u00e2y\u0131, akl\u0131 insanlara vermi\u015ftir.\u201d7 \u015eubat 1923\u2019te, Bal\u0131kesir Za\u011fnos Pa\u015fa Camii\u2019nde, \u00f6\u011flen namaz\u0131n\u0131n k\u0131l\u0131nmas\u0131n\u0131n ard\u0131ndan, \u015eehitlerin ruhlar\u0131na g\u00f6nderilmek \u00fczere okunan mevl\u00fctten sonra ATAT\u00dcRK \u015f\u00f6yle demi\u015ftir:\u201cBizim dinimiz, akla en uygun ve en do\u011fal bir dindir.\u201d Ve bu nedenledir ki son din olmu\u015ftur. Bir dinin do\u011fal olmas\u0131 i\u00e7in akla, tekni\u011fe, bilime ve mant\u0131\u011fa uymas\u0131 gereklidir. Bizim dinimiz bunlara tamamen uygundur. M\u00fcsl\u00fcm\u00fcnlar\u0131n toplumsal ya\u015famlar\u0131nda, hi\u00e7 kimsenin \u00f6zel bir s\u0131n\u0131f halinde varl\u011f\u0131n\u0131 korumaya hakk\u0131 yoktur. Kendilerinde b\u00f6yle bir hak g\u00f6renler, dini buyruklara uygun harekette bulunmu\u015f olmazlar. Bizde ruhbanl\u0131k yoktur, hepimiz e\u015fitiz ve dinimizin kurallar\u0131na e\u015fit olarak \u00f6\u011frenmek zorunday\u0131z. Her birey dinini, din duygusunu, iman\u0131n\u0131 \u00f6\u011frenmek i\u00e7in bir yere muhta\u00e7t\u0131r; oras\u0131 da okuldur.Bu kitapta, Ger\u00e7ek \u0130slam\u2019\u0131 Kur\u2019an\u2019dan en do\u011fru \u015fekilde ATAT\u00dcRK\u2019\u00dcN, Cumhuriyet d\u00f6nemindeki din \u00f6\u011fretimi uygulamalar\u0131 \u015fu veciz ifadesi \u00e7er\u00e7evesinde ger\u00e7ekle\u015ftirdi\u011fi anlat\u0131lmaktad\u0131r.:GER\u00c7EK \u0130SLAM\u0130YET\u2019TEN UZAKLA\u015eANLAR, KEND\u0130LER\u0130N D\u00dc\u015eMANLARININ AYAKLARINI ALTINDA BULURLAR\u201d<\/p>\n","protected":false},"excerpt":{"rendered":"<p>Milletimiz din ve dil gibi kuvvetli iki fazilete maliktir. Bu faziletleri hi\u00e7bir kuvvet, milletimizin kalp ve vicdan\u0131ndan \u00e7ekip alamam\u0131\u015ft\u0131r ve alamaz. \u201c ATAT\u00dcRK.ATAT\u00dcRK\u2019e g\u00f6re, insan akl\u0131<span class=\"excerpt-hellip\"> [\u2026]<\/span><\/p>\n","protected":false},"featured_media":0,"template":"","meta":{"_monsterinsights_skip_tracking":false,"_monsterinsights_sitenote_active":false,"_monsterinsights_sitenote_note":"","_monsterinsights_sitenote_category":0},"product_brand":[],"product_cat":[13590,12337],"product_tag":[],"class_list":{"0":"post-717712","1":"product","2":"type-product","3":"status-publish","5":"product_cat-arastirma-inceleme-politika-siyaset","6":"product_cat-politika-siyaset","7":"pa_cilt-ciltsiz","8":"pa_tur-kitap","9":"pa_yayinevi-nergiz-yayinlari","10":"pa_yazar-sedat-senermen","12":"first","13":"instock","14":"sale","15":"shipping-taxable","16":"purchasable","17":"product-type-simple"},"_links":{"self":[{"href":"https:\/\/roveyayinevi.com.tr\/index.php\/wp-json\/wp\/v2\/product\/717712","targetHints":{"allow":["GET"]}}],"collection":[{"href":"https:\/\/roveyayinevi.com.tr\/index.php\/wp-json\/wp\/v2\/product"}],"about":[{"href":"https:\/\/roveyayinevi.com.tr\/index.php\/wp-json\/wp\/v2\/types\/product"}],"wp:attachment":[{"href":"https:\/\/roveyayinevi.com.tr\/index.php\/wp-json\/wp\/v2\/media?parent=717712"}],"wp:term":[{"taxonomy":"product_brand","embeddable":true,"href":"https:\/\/roveyayinevi.com.tr\/index.php\/wp-json\/wp\/v2\/product_brand?post=717712"},{"taxonomy":"product_cat","embeddable":true,"href":"https:\/\/roveyayinevi.com.tr\/index.php\/wp-json\/wp\/v2\/product_cat?post=717712"},{"taxonomy":"product_tag","embeddable":true,"href":"https:\/\/roveyayinevi.com.tr\/index.php\/wp-json\/wp\/v2\/product_tag?post=717712"}],"curies":[{"name":"wp","href":"https:\/\/api.w.org\/{rel}","templated":true}]}}