{"id":717711,"date":"2025-08-27T17:59:09","date_gmt":"2025-08-27T14:59:09","guid":{"rendered":"https:\/\/roveyayinevi.com.tr\/index.php\/urun\/koordinat\/"},"modified":"2026-04-16T02:25:52","modified_gmt":"2026-04-15T23:25:52","slug":"koordinat","status":"publish","type":"product","link":"https:\/\/roveyayinevi.com.tr\/index.php\/urun\/koordinat\/","title":{"rendered":"Koordinat"},"content":{"rendered":"<p>Siyasette, maksat devlete ve millete hizmettir. Bu i\u015fe soyunanlar, \u00f6nce toplumun eksiklerini ve ihtiya\u00e7lar\u0131n\u0131 belirlerler. Ard\u0131ndasa bunlar\u0131n giderilmesi ve kar\u015f\u0131lanmas\u0131n\u0131 sa\u011flayacak projeler yapmak ve uygulamak gelir.Bu anlamda T\u00fcrkiye\u2019nin eksikleri konusunda hemen hemen t\u00fcm siyasi partiler hemfikirdir. E\u011fitim konusunda d\u00fcnya \u00f6l\u00e7\u00fclerine g\u00f6re gerilerdeyiz.. Adalete olan g\u00fcven ve eskidende \u00e7ok iyi de\u011fildi; Ancak \u015fimdi dibe vurmu\u015f halde. \u00dcretimde giderek gerilemekteyiz. \u201cKendine Yeten \u00fclke\u201d uzak bir masal \u015fimdilerde.\u201cTerazi\u201d dengesi \u015fa\u015fmamas\u0131 laz\u0131mki \u00f6l\u00e7\u00fcler dengede durabilsin.<\/p>\n","protected":false},"excerpt":{"rendered":"<p>Siyasette, maksat devlete ve millete hizmettir. Bu i\u015fe soyunanlar, \u00f6nce toplumun eksiklerini ve ihtiya\u00e7lar\u0131n\u0131 belirlerler. Ard\u0131ndasa bunlar\u0131n giderilmesi ve kar\u015f\u0131lanmas\u0131n\u0131 sa\u011flayacak projeler yapmak ve uygulamak gelir.Bu<span class=\"excerpt-hellip\"> [\u2026]<\/span><\/p>\n","protected":false},"featured_media":0,"template":"","meta":{"_monsterinsights_skip_tracking":false,"_monsterinsights_sitenote_active":false,"_monsterinsights_sitenote_note":"","_monsterinsights_sitenote_category":0},"product_brand":[],"product_cat":[13590,12337],"product_tag":[],"class_list":{"0":"post-717711","1":"product","2":"type-product","3":"status-publish","5":"product_cat-arastirma-inceleme-politika-siyaset","6":"product_cat-politika-siyaset","7":"pa_cilt-ciltsiz","8":"pa_tur-kitap","9":"pa_yayinevi-nergiz-yayinlari","10":"pa_yazar-tevfik-diker","12":"first","13":"instock","14":"sale","15":"shipping-taxable","16":"purchasable","17":"product-type-simple"},"_links":{"self":[{"href":"https:\/\/roveyayinevi.com.tr\/index.php\/wp-json\/wp\/v2\/product\/717711","targetHints":{"allow":["GET"]}}],"collection":[{"href":"https:\/\/roveyayinevi.com.tr\/index.php\/wp-json\/wp\/v2\/product"}],"about":[{"href":"https:\/\/roveyayinevi.com.tr\/index.php\/wp-json\/wp\/v2\/types\/product"}],"wp:attachment":[{"href":"https:\/\/roveyayinevi.com.tr\/index.php\/wp-json\/wp\/v2\/media?parent=717711"}],"wp:term":[{"taxonomy":"product_brand","embeddable":true,"href":"https:\/\/roveyayinevi.com.tr\/index.php\/wp-json\/wp\/v2\/product_brand?post=717711"},{"taxonomy":"product_cat","embeddable":true,"href":"https:\/\/roveyayinevi.com.tr\/index.php\/wp-json\/wp\/v2\/product_cat?post=717711"},{"taxonomy":"product_tag","embeddable":true,"href":"https:\/\/roveyayinevi.com.tr\/index.php\/wp-json\/wp\/v2\/product_tag?post=717711"}],"curies":[{"name":"wp","href":"https:\/\/api.w.org\/{rel}","templated":true}]}}