{"id":717710,"date":"2025-08-27T17:59:09","date_gmt":"2025-08-27T14:59:09","guid":{"rendered":"https:\/\/roveyayinevi.com.tr\/index.php\/urun\/abd-izrael-global-devlet-teroru\/"},"modified":"2026-04-16T02:25:52","modified_gmt":"2026-04-15T23:25:52","slug":"abd-izrael-global-devlet-teroru","status":"publish","type":"product","link":"https:\/\/roveyayinevi.com.tr\/index.php\/urun\/abd-izrael-global-devlet-teroru\/","title":{"rendered":"ABD-\u0130zrael Global Devlet Ter\u00f6r\u00fc"},"content":{"rendered":"<p>Elinizdeki bu kitap sadece bir\u00e7ok kitab\u0131n analizini yapan s\u0131radan bir ara\u015ft\u0131rma kitab\u0131 de\u011fildir. 25 y\u0131ll\u0131k bir ara\u015ft\u0131rma ve irdelemenin \u00f6zg\u00fcn bir \u00fcr\u00fcn\u00fcd\u00fcr. Global hegemonya sahibi Amerika ve onun k\u00fcresel yegane stratejik orta\u011f\u0131 \u0130zrael\u2019in yerk\u00fcreyi hangi y\u00f6ntemlerle ve nas\u0131l kana bulad\u0131klar\u0131n\u0131 kan\u0131tlara dayand\u0131rma \u00e7abas\u0131n\u0131n belgesidir. A\u00e7\u0131\u011fa vurdu\u011fumuz \u0130zrael devleti kaynakl\u0131 JONATHAN INSTUTUTE sadece So\u011fuk Sava\u015f\u2019\u0131n de\u011fil, g\u00fcn\u00fcm\u00fcze sarkan &#8220;global devlet t\u00f6r\u00fcr\u00fc&#8221; s\u00fcrecinin gizli ba\u015f akt\u00f6rlerinden biri oldu\u011fu y\u0131llarca emperyalist \u00fclkeler istihbarat servisleri i\u00e7indeki &#8220;\u0131sl\u0131k\u00e7\u0131&#8221;lar taraf\u0131ndan dikkat \u00e7ekilmi\u015f bir \u00f6rg\u00fctt\u00fcr. Bu \u00e7al\u0131\u015fma bu \u00f6rg\u00fct\u00fcn de\u015fifre edilmesi a\u00e7\u0131s\u0131ndan d\u00fcnyadaki &#8220;ilk kitap&#8221;t\u0131r. Bu \u00f6rg\u00fct\u00fcn karde\u015f \u00f6rg\u00fctleri olan TERRORISM RESEARCH CENTER ve INTERNATIONAL INTELLIGENCE SUMMIT\u2019de yeni nesil devlet t\u00f6r\u00fcr\u00fc sisteminin a\u00e7\u0131n\u0131m\u0131 olarak incelenmi\u015ftir. Tabii bilin\u00e7li olarak ortaya s\u00fcr\u00fclen &#8220;uzman&#8221; kisvesi alt\u0131ndaki &#8220;t\u00f6r\u00fcr&#8221; simyac\u0131lar\u0131n\u0131n &#8220;\u015eiddet ve T\u00f6r\u00f6r&#8221; olgusunu nas\u0131l &#8220;Kibernetik&#8221; ve Bilim olarak &#8220;Kaos&#8221; ile harmanlad\u0131klar\u0131n\u0131 da bilimsel bilgi olarak irdeliyoruz. Yeni nesil devlet t\u00f6r\u00fcr\u00fc sisteminin kurucusu olan \u0130zrael ve kurumu MOSSAD\u2019\u0131n yeni nesil think-tank\u0131 olan JONATHAN INSTITUTE\u2019\u0131n di\u011fer \u00fclkelerdeki &#8220;doly&#8221;lerinin kaynak DNA\u2019s\u0131d\u0131r. Biz bu sisteme PAP-DAD (Psikolojik-Asimetrik-Paradoxal \u2013 Dezenformasyon \u2013 Apolitizasyon \u2013 Destabilizasyon) ad\u0131 veriyoruz ve di\u011fer kitaplar\u0131m\u0131zda a\u00e7\u0131klamalar\u0131m\u0131z\u0131 bilgi bilimsel a\u00e7\u0131n\u0131mdan a\u00e7\u0131klamaya devam edece\u011fiz. Bizi mutlaka okumaya devam edin\u2026<\/p>\n","protected":false},"excerpt":{"rendered":"<p>Elinizdeki bu kitap sadece bir\u00e7ok kitab\u0131n analizini yapan s\u0131radan bir ara\u015ft\u0131rma kitab\u0131 de\u011fildir. 25 y\u0131ll\u0131k bir ara\u015ft\u0131rma ve irdelemenin \u00f6zg\u00fcn bir \u00fcr\u00fcn\u00fcd\u00fcr. Global hegemonya sahibi Amerika<span class=\"excerpt-hellip\"> [\u2026]<\/span><\/p>\n","protected":false},"featured_media":0,"template":"","meta":{"_monsterinsights_skip_tracking":false,"_monsterinsights_sitenote_active":false,"_monsterinsights_sitenote_note":"","_monsterinsights_sitenote_category":0},"product_brand":[],"product_cat":[13590,12337],"product_tag":[],"class_list":{"0":"post-717710","1":"product","2":"type-product","3":"status-publish","5":"product_cat-arastirma-inceleme-politika-siyaset","6":"product_cat-politika-siyaset","7":"pa_cilt-ciltsiz","8":"pa_tur-kitap","9":"pa_yayinevi-nergiz-yayinlari","10":"pa_yazar-halid-ozkul","12":"first","13":"instock","14":"sale","15":"shipping-taxable","16":"purchasable","17":"product-type-simple"},"_links":{"self":[{"href":"https:\/\/roveyayinevi.com.tr\/index.php\/wp-json\/wp\/v2\/product\/717710","targetHints":{"allow":["GET"]}}],"collection":[{"href":"https:\/\/roveyayinevi.com.tr\/index.php\/wp-json\/wp\/v2\/product"}],"about":[{"href":"https:\/\/roveyayinevi.com.tr\/index.php\/wp-json\/wp\/v2\/types\/product"}],"wp:attachment":[{"href":"https:\/\/roveyayinevi.com.tr\/index.php\/wp-json\/wp\/v2\/media?parent=717710"}],"wp:term":[{"taxonomy":"product_brand","embeddable":true,"href":"https:\/\/roveyayinevi.com.tr\/index.php\/wp-json\/wp\/v2\/product_brand?post=717710"},{"taxonomy":"product_cat","embeddable":true,"href":"https:\/\/roveyayinevi.com.tr\/index.php\/wp-json\/wp\/v2\/product_cat?post=717710"},{"taxonomy":"product_tag","embeddable":true,"href":"https:\/\/roveyayinevi.com.tr\/index.php\/wp-json\/wp\/v2\/product_tag?post=717710"}],"curies":[{"name":"wp","href":"https:\/\/api.w.org\/{rel}","templated":true}]}}