{"id":717709,"date":"2025-08-27T17:59:08","date_gmt":"2025-08-27T14:59:08","guid":{"rendered":"https:\/\/roveyayinevi.com.tr\/index.php\/urun\/globalist-karsi-devrim\/"},"modified":"2026-04-16T02:25:52","modified_gmt":"2026-04-15T23:25:52","slug":"globalist-karsi-devrim","status":"publish","type":"product","link":"https:\/\/roveyayinevi.com.tr\/index.php\/urun\/globalist-karsi-devrim\/","title":{"rendered":"Globalist Kar\u015f\u0131 &#8211; Devrim"},"content":{"rendered":"<p>Kimileri bizim yazd\u0131klar\u0131m\u0131za \u201ckomplo teorisi\u201d diyor. Halbuki ortada teori falan yok, de fakto eylem var. Daha bunun bile fark\u0131nda de\u011filler. Operasyon var yani, bir politika\/siyaset her ne kadar anlamlar\u0131 farkl\u0131 olsada-uygulamas\u0131 var. \u0130\u015fte elinizde okumaya ba\u015flayaca\u011f\u0131n\u0131z bu kitap, \u00e7o\u011funuzun nedense u\u011fra\u015fmay\u0131 hi\u00e7 g\u00f6ze alamad\u0131\u011f\u0131n\u0131z istihbarat sava\u015flar\u0131n\u0131n s\u0131n\u0131fsal k\u00f6kenlerinden, ekonomik kaynaklar\u0131ndan ba\u015flayarak; ezilen, s\u00f6m\u00fcr\u00fclen ve y\u00f6netilen i\u015f\u00e7i ve emek\u00e7i kitleye kar\u015f\u0131 hangi bi\u00e7imler alt\u0131nda ve nas\u0131l kullan\u0131ldu\u011f\u0131n\u0131 bilimsel olarak anlatmaya, kavratmaya; yani belle\u011fe yerle\u015ftirmeye \u00e7al\u0131\u015fan bir u\u011fra\u015f\u0131n \u00fcr\u00fcn\u00fcd\u00fcr.   Tarihin ispatlad\u0131\u011f\u0131 gibi geni\u015f kitlelere h\u00fckmedenler daima bilin\u00e7li az\u0131nl\u0131klar <\/p>\n","protected":false},"excerpt":{"rendered":"<p>Kimileri bizim yazd\u0131klar\u0131m\u0131za \u201ckomplo teorisi\u201d diyor. Halbuki ortada teori falan yok, de fakto eylem var. Daha bunun bile fark\u0131nda de\u011filler. Operasyon var yani, bir politika\/siyaset her<span class=\"excerpt-hellip\"> [\u2026]<\/span><\/p>\n","protected":false},"featured_media":0,"template":"","meta":{"_monsterinsights_skip_tracking":false,"_monsterinsights_sitenote_active":false,"_monsterinsights_sitenote_note":"","_monsterinsights_sitenote_category":0},"product_brand":[],"product_cat":[13590,12337],"product_tag":[],"class_list":{"0":"post-717709","1":"product","2":"type-product","3":"status-publish","5":"product_cat-arastirma-inceleme-politika-siyaset","6":"product_cat-politika-siyaset","7":"pa_cilt-ciltsiz","8":"pa_tur-kitap","9":"pa_yayinevi-nergiz-yayinlari","10":"pa_yazar-halid-ozkul","12":"first","13":"instock","14":"sale","15":"shipping-taxable","16":"purchasable","17":"product-type-simple"},"_links":{"self":[{"href":"https:\/\/roveyayinevi.com.tr\/index.php\/wp-json\/wp\/v2\/product\/717709","targetHints":{"allow":["GET"]}}],"collection":[{"href":"https:\/\/roveyayinevi.com.tr\/index.php\/wp-json\/wp\/v2\/product"}],"about":[{"href":"https:\/\/roveyayinevi.com.tr\/index.php\/wp-json\/wp\/v2\/types\/product"}],"wp:attachment":[{"href":"https:\/\/roveyayinevi.com.tr\/index.php\/wp-json\/wp\/v2\/media?parent=717709"}],"wp:term":[{"taxonomy":"product_brand","embeddable":true,"href":"https:\/\/roveyayinevi.com.tr\/index.php\/wp-json\/wp\/v2\/product_brand?post=717709"},{"taxonomy":"product_cat","embeddable":true,"href":"https:\/\/roveyayinevi.com.tr\/index.php\/wp-json\/wp\/v2\/product_cat?post=717709"},{"taxonomy":"product_tag","embeddable":true,"href":"https:\/\/roveyayinevi.com.tr\/index.php\/wp-json\/wp\/v2\/product_tag?post=717709"}],"curies":[{"name":"wp","href":"https:\/\/api.w.org\/{rel}","templated":true}]}}