{"id":717705,"date":"2025-08-27T17:59:06","date_gmt":"2025-08-27T14:59:06","guid":{"rendered":"https:\/\/roveyayinevi.com.tr\/index.php\/urun\/13-numarali-sinifin-inanilmaz-ve-korkunc-sohretleri\/"},"modified":"2026-04-16T02:25:52","modified_gmt":"2026-04-15T23:25:52","slug":"13-numarali-sinifin-inanilmaz-ve-korkunc-sohretleri","status":"publish","type":"product","link":"https:\/\/roveyayinevi.com.tr\/index.php\/urun\/13-numarali-sinifin-inanilmaz-ve-korkunc-sohretleri\/","title":{"rendered":"13 Numaral\u0131 S\u0131n\u0131f\u2019\u0131n \u0130nan\u0131lmaz ve Korkun\u00e7 \u015e\u00f6hretleri"},"content":{"rendered":"<p>\u00dcnl\u00fc temsilci Lucy LaRoux s\u0131n\u0131fa u\u011fray\u0131p kimsenin reddedemeyece\u011fi bir teklifte bulundu: \u00d6\u011frencilerin hepsini \u00dcNL\u00dc yapmak istiyordu. Bunun \u00e7ok tatl\u0131 oldu\u011funu d\u00fc\u015f\u00fcnebilirsin, ama de\u011fildi. Bu son derece bencilce bir \u00f6neriydi! (Lucy onlar\u0131n paras\u0131n\u0131 yiyecekti!) T\u00fcm o \u015f\u00f6hret, berbat bir sahne korkusuna, k\u0131r\u0131k kemiklere, rezil televizyon programlar\u0131na ve ba\u015fka feci kazalara neden olacakt\u0131. 13 NUMARALI SINIF\u2019takilerin de \u00f6\u011frenece\u011fi gibi, \u015f\u00f6hreti (ya da k\u00f6t\u00fc \u015f\u00f6hreti) yakalamak her zaman e\u011flenceli de\u011fildir.<\/p>\n","protected":false},"excerpt":{"rendered":"<p>\u00dcnl\u00fc temsilci Lucy LaRoux s\u0131n\u0131fa u\u011fray\u0131p kimsenin reddedemeyece\u011fi bir teklifte bulundu: \u00d6\u011frencilerin hepsini \u00dcNL\u00dc yapmak istiyordu. Bunun \u00e7ok tatl\u0131 oldu\u011funu d\u00fc\u015f\u00fcnebilirsin, ama de\u011fildi. Bu son derece<span class=\"excerpt-hellip\"> [\u2026]<\/span><\/p>\n","protected":false},"featured_media":0,"template":"","meta":{"_monsterinsights_skip_tracking":false,"_monsterinsights_sitenote_active":false,"_monsterinsights_sitenote_note":"","_monsterinsights_sitenote_category":0},"product_brand":[],"product_cat":[12274,12284],"product_tag":[],"class_list":{"0":"post-717705","1":"product","2":"type-product","3":"status-publish","5":"product_cat-cocuk-ve-genclik-kitaplari","6":"product_cat-hikayeler","7":"pa_cilt-ciltsiz","8":"pa_tur-kitap","9":"pa_yayinevi-beta-kids","10":"pa_yazar-honest-lee-matthew-j-gilbert","12":"first","13":"instock","14":"sale","15":"shipping-taxable","16":"purchasable","17":"product-type-simple"},"_links":{"self":[{"href":"https:\/\/roveyayinevi.com.tr\/index.php\/wp-json\/wp\/v2\/product\/717705","targetHints":{"allow":["GET"]}}],"collection":[{"href":"https:\/\/roveyayinevi.com.tr\/index.php\/wp-json\/wp\/v2\/product"}],"about":[{"href":"https:\/\/roveyayinevi.com.tr\/index.php\/wp-json\/wp\/v2\/types\/product"}],"wp:attachment":[{"href":"https:\/\/roveyayinevi.com.tr\/index.php\/wp-json\/wp\/v2\/media?parent=717705"}],"wp:term":[{"taxonomy":"product_brand","embeddable":true,"href":"https:\/\/roveyayinevi.com.tr\/index.php\/wp-json\/wp\/v2\/product_brand?post=717705"},{"taxonomy":"product_cat","embeddable":true,"href":"https:\/\/roveyayinevi.com.tr\/index.php\/wp-json\/wp\/v2\/product_cat?post=717705"},{"taxonomy":"product_tag","embeddable":true,"href":"https:\/\/roveyayinevi.com.tr\/index.php\/wp-json\/wp\/v2\/product_tag?post=717705"}],"curies":[{"name":"wp","href":"https:\/\/api.w.org\/{rel}","templated":true}]}}