{"id":717703,"date":"2025-08-27T17:59:04","date_gmt":"2025-08-27T14:59:04","guid":{"rendered":"https:\/\/roveyayinevi.com.tr\/index.php\/urun\/havana\/"},"modified":"2026-04-16T02:25:52","modified_gmt":"2026-04-15T23:25:52","slug":"havana","status":"publish","type":"product","link":"https:\/\/roveyayinevi.com.tr\/index.php\/urun\/havana\/","title":{"rendered":"Havana"},"content":{"rendered":"<p>\u201cNeden ille de K\u00fcba?\u201d\u201c\u00c7\u00fcnk\u00fc \u015fu s\u0131ralar \u00e7ok merak uyand\u0131ran bir \u00fclke,\u201d diye cevap verdim beni devrim romantizmiyle ya da ki\u00e7 bir K\u00fcba saplant\u0131s\u0131yla su\u00e7layan arkada\u015flar\u0131m\u0131n sorular\u0131na. \u201c\u00c7\u00fcnk\u00fc Fidel Castro aktif siyasetten \u00e7ekildi ve sosyalizmin son kalelerinden birinde, Kuzey Amerika\u2018n\u0131n b\u00f6\u011fr\u00fcndeki bu m\u0131zrak ucunda, bir de\u011fi\u015fim ya\u015fanmaya ba\u015flad\u0131.\u201d Ayr\u0131ca, K\u00fcba ad\u0131n\u0131n benim i\u00e7in hep \u00e7ekici bir taraf\u0131 vard\u0131. Macera. Uzaklara \u00f6zlem. \u015eans oyunlar\u0131. \u00c7\u00f6k\u00fc\u015f. Reinhard Kleist, K\u00fcba deneyimini ve izlenimlerini spontan \u00e7izgiler, yo\u011fun resimler ve canl\u0131 portrelerle anlat\u0131yor. Son derece ki\u015fisel, e\u015fsiz bir gezi g\u00fcnl\u00fc\u011f\u00fc.<\/p>\n","protected":false},"excerpt":{"rendered":"<p>\u201cNeden ille de K\u00fcba?\u201d\u201c\u00c7\u00fcnk\u00fc \u015fu s\u0131ralar \u00e7ok merak uyand\u0131ran bir \u00fclke,\u201d diye cevap verdim beni devrim romantizmiyle ya da ki\u00e7 bir K\u00fcba saplant\u0131s\u0131yla su\u00e7layan arkada\u015flar\u0131m\u0131n sorular\u0131na.<span class=\"excerpt-hellip\"> [\u2026]<\/span><\/p>\n","protected":false},"featured_media":0,"template":"","meta":{"_monsterinsights_skip_tracking":false,"_monsterinsights_sitenote_active":false,"_monsterinsights_sitenote_note":"","_monsterinsights_sitenote_category":0},"product_brand":[],"product_cat":[12416,12291],"product_tag":[],"class_list":{"0":"post-717703","1":"product","2":"type-product","3":"status-publish","5":"product_cat-cizgi-roman","6":"product_cat-edebiyat","7":"pa_cilt-ciltsiz","8":"pa_tur-kitap","9":"pa_yayinevi-alfa-yayinlari","10":"pa_yazar-reinhard-kleist","12":"first","13":"instock","14":"sale","15":"shipping-taxable","16":"purchasable","17":"product-type-simple"},"_links":{"self":[{"href":"https:\/\/roveyayinevi.com.tr\/index.php\/wp-json\/wp\/v2\/product\/717703","targetHints":{"allow":["GET"]}}],"collection":[{"href":"https:\/\/roveyayinevi.com.tr\/index.php\/wp-json\/wp\/v2\/product"}],"about":[{"href":"https:\/\/roveyayinevi.com.tr\/index.php\/wp-json\/wp\/v2\/types\/product"}],"wp:attachment":[{"href":"https:\/\/roveyayinevi.com.tr\/index.php\/wp-json\/wp\/v2\/media?parent=717703"}],"wp:term":[{"taxonomy":"product_brand","embeddable":true,"href":"https:\/\/roveyayinevi.com.tr\/index.php\/wp-json\/wp\/v2\/product_brand?post=717703"},{"taxonomy":"product_cat","embeddable":true,"href":"https:\/\/roveyayinevi.com.tr\/index.php\/wp-json\/wp\/v2\/product_cat?post=717703"},{"taxonomy":"product_tag","embeddable":true,"href":"https:\/\/roveyayinevi.com.tr\/index.php\/wp-json\/wp\/v2\/product_tag?post=717703"}],"curies":[{"name":"wp","href":"https:\/\/api.w.org\/{rel}","templated":true}]}}