{"id":717696,"date":"2025-08-27T17:58:59","date_gmt":"2025-08-27T14:58:59","guid":{"rendered":"https:\/\/roveyayinevi.com.tr\/index.php\/urun\/kose-bucak-istanbul\/"},"modified":"2026-04-16T02:25:51","modified_gmt":"2026-04-15T23:25:51","slug":"kose-bucak-istanbul","status":"publish","type":"product","link":"https:\/\/roveyayinevi.com.tr\/index.php\/urun\/kose-bucak-istanbul\/","title":{"rendered":"K\u00f6\u015fe Bucak \u0130stanbul"},"content":{"rendered":"<p>\u201cOsman Cemal, \u0130stanbul\u2019un her k\u00f6\u015fesini bilirdi. Her s\u0131n\u0131f halk\u0131 tan\u0131rd\u0131. Baz\u0131 insanlar maziye saplan\u0131p kal\u0131rlar. Osman Cemal eskileri tan\u0131d\u0131\u011f\u0131 kadar yenileri de tan\u0131mak i\u00e7in g\u00f6z\u00fcn\u00fc ve kulaklar\u0131n\u0131 a\u00e7ard\u0131.\u201dMahmut Yesari\u201c\u0130stanbul yazar\u0131\u201d denince akla gelen ilk isimlerden biri olan Osman Cemal Kayg\u0131l\u0131\u2019n\u0131n \u00e7o\u011fu Yenig\u00fcn gazetesinde yay\u0131mlanan \u015fehir yaz\u0131lar\u0131 bu kitapta bir araya geliyor. \u0130stanbul\u2019un me\u015fhur semtleri de var bu yaz\u0131larda, sadece ismi bilinen, gazete haberlerinde ge\u00e7meyen semtler de  hatta daha \u00e7ok onlar. Kad\u0131k\u00f6y\u2019\u00fcn Kad\u0131k\u00f6y\u00fc, Yakac\u0131k\u2019\u0131n \u00fcz\u00fcm ba\u011f\u0131, Mecidiyek\u00f6y\u2019\u00fcn mesire yeri oldu\u011fu zamanlardan kalma bir a\u011f\u0131z tad\u0131 yolculu\u011fu bu yaz\u0131lar ayn\u0131 zamanda. Semtlerin yan\u0131nda, \u015fehrin renkli sakinlerinin de k\u00f6\u015fe buca\u011f\u0131 tuttu\u011fu bir kitap. Bir zamanlar\u0131n \u0130stanbul\u2019unun me\u015fhur simalar\u0131 ilgin\u00e7 \u00f6zellikleriyle Osman Cemal Kayg\u0131l\u0131\u2019n\u0131n e\u011flenceli kaleminde bug\u00fcn, bir kez daha hayat buluyor. D\u00f6neminin \u0130stanbul\u2019unun k\u0131y\u0131s\u0131nda k\u00f6\u015fesinde ne varsa, insan\u0131n\u0131, yeme\u011fini, i\u00e7me sular\u0131n\u0131, toplu ta\u015f\u0131ma ara\u00e7lar\u0131n\u0131, her \u015feyini, \u201cAman, unutulmas\u0131n!\u201d korkusuyla birer birer not d\u00fc\u015f\u00fcyor Osman Cemal Kayg\u0131l\u0131. Bize de bir zamanlar\u0131n geni\u015f, \u00e7ok k\u00fclt\u00fcrl\u00fc, \u00e7ok dilli \u0130stanbul\u2019u i\u00e7in bir kez daha i\u00e7 \u00e7ekmek kal\u0131yor.<\/p>\n","protected":false},"excerpt":{"rendered":"<p>\u201cOsman Cemal, \u0130stanbul\u2019un her k\u00f6\u015fesini bilirdi. Her s\u0131n\u0131f halk\u0131 tan\u0131rd\u0131. Baz\u0131 insanlar maziye saplan\u0131p kal\u0131rlar. Osman Cemal eskileri tan\u0131d\u0131\u011f\u0131 kadar yenileri de tan\u0131mak i\u00e7in g\u00f6z\u00fcn\u00fc ve<span class=\"excerpt-hellip\"> [\u2026]<\/span><\/p>\n","protected":false},"featured_media":0,"template":"","meta":{"_monsterinsights_skip_tracking":false,"_monsterinsights_sitenote_active":false,"_monsterinsights_sitenote_note":"","_monsterinsights_sitenote_category":0},"product_brand":[],"product_cat":[18545,12291],"product_tag":[],"class_list":{"0":"post-717696","1":"product","2":"type-product","3":"status-publish","5":"product_cat-anlati","6":"product_cat-edebiyat","7":"pa_cilt-ciltsiz","8":"pa_tur-kitap","9":"pa_yayinevi-can-yayinlari","10":"pa_yazar-osman-cemal-kaygili","12":"first","13":"instock","14":"sale","15":"shipping-taxable","16":"purchasable","17":"product-type-simple"},"_links":{"self":[{"href":"https:\/\/roveyayinevi.com.tr\/index.php\/wp-json\/wp\/v2\/product\/717696","targetHints":{"allow":["GET"]}}],"collection":[{"href":"https:\/\/roveyayinevi.com.tr\/index.php\/wp-json\/wp\/v2\/product"}],"about":[{"href":"https:\/\/roveyayinevi.com.tr\/index.php\/wp-json\/wp\/v2\/types\/product"}],"wp:attachment":[{"href":"https:\/\/roveyayinevi.com.tr\/index.php\/wp-json\/wp\/v2\/media?parent=717696"}],"wp:term":[{"taxonomy":"product_brand","embeddable":true,"href":"https:\/\/roveyayinevi.com.tr\/index.php\/wp-json\/wp\/v2\/product_brand?post=717696"},{"taxonomy":"product_cat","embeddable":true,"href":"https:\/\/roveyayinevi.com.tr\/index.php\/wp-json\/wp\/v2\/product_cat?post=717696"},{"taxonomy":"product_tag","embeddable":true,"href":"https:\/\/roveyayinevi.com.tr\/index.php\/wp-json\/wp\/v2\/product_tag?post=717696"}],"curies":[{"name":"wp","href":"https:\/\/api.w.org\/{rel}","templated":true}]}}