{"id":717691,"date":"2025-08-27T17:58:56","date_gmt":"2025-08-27T14:58:56","guid":{"rendered":"https:\/\/roveyayinevi.com.tr\/index.php\/urun\/degisim-zamani\/"},"modified":"2026-04-08T02:32:58","modified_gmt":"2026-04-07T23:32:58","slug":"degisim-zamani","status":"publish","type":"product","link":"https:\/\/roveyayinevi.com.tr\/index.php\/urun\/degisim-zamani\/","title":{"rendered":"De\u011fi\u015fim Zaman\u0131"},"content":{"rendered":"<p>\u201c\u2026yola \u00e7\u0131kt\u0131k. K\u00f6y\u00fcn a\u015fa\u011f\u0131s\u0131na, rampa yollara do\u011fru gidiyorduk. Arkada\u015flar\u0131m araban\u0131n ard\u0131nda ko\u015fuyorlard\u0131. En h\u0131zl\u0131lar\u0131 Kenan\u2019d\u0131. Mihriban gerilerde kalm\u0131\u015ft\u0131. Ama hala ko\u015fuyordu. O ko\u015fuyordu biz h\u0131zla gidiyorduk. Ba\u015f\u0131n\u0131 \u00f6n\u00fcne e\u011fdi\u011finden zorda olsa topuzunu g\u00f6rebiliyordum\u2026\u201d Giderken, arkada b\u0131rak\u0131lanlar\u0131n h\u00fczn\u00fcd\u00fcr y\u00fcre\u011fe oturan. Ayaklar\u0131n geri geri gidi\u015finin, durup durup i\u00e7 \u00e7eki\u015flerin nedeni bu histir. Kalanlar u\u011furlamak zorundad\u0131r hep, gidenler a\u011flamamak\u2026 \u0130smail bu y\u00fczden a\u011flamayacakt\u0131r. Dik duracak, \u00f6yle gidecektir kaderinin pe\u015finden. En az\u0131ndan g\u00f6zden yitene dek g\u00fc\u00e7l\u00fc g\u00f6r\u00fcnecektir. Sonra? Sonra, y\u0131llarca a\u011flayacakt\u0131r zaten, \u00fcz\u00fclecektir\u2026 \u00c7\u00fcnk\u00fc bazen vedalar a\u011flat\u0131r insan\u0131, bazen \u00fczer. Belki ba\u015fka bir \u015fehirde, ba\u015fka bir g\u00f6n\u00fclde yeniden bulu\u015furlar. Kim bilir? <\/p>\n","protected":false},"excerpt":{"rendered":"<p>\u201c\u2026yola \u00e7\u0131kt\u0131k. K\u00f6y\u00fcn a\u015fa\u011f\u0131s\u0131na, rampa yollara do\u011fru gidiyorduk. Arkada\u015flar\u0131m araban\u0131n ard\u0131nda ko\u015fuyorlard\u0131. En h\u0131zl\u0131lar\u0131 Kenan\u2019d\u0131. Mihriban gerilerde kalm\u0131\u015ft\u0131. Ama hala ko\u015fuyordu. O ko\u015fuyordu biz h\u0131zla gidiyorduk.<span class=\"excerpt-hellip\"> [\u2026]<\/span><\/p>\n","protected":false},"featured_media":0,"template":"","meta":{"_monsterinsights_skip_tracking":false,"_monsterinsights_sitenote_active":false,"_monsterinsights_sitenote_note":"","_monsterinsights_sitenote_category":0},"product_brand":[],"product_cat":[12291,12711],"product_tag":[],"class_list":{"0":"post-717691","1":"product","2":"type-product","3":"status-publish","5":"product_cat-edebiyat","6":"product_cat-roman-oyku","7":"pa_cilt-ciltsiz","8":"pa_tur-kitap","9":"pa_yayinevi-cinaralti-yayinlari","10":"pa_yazar-tufan-altintas","12":"first","13":"instock","14":"sale","15":"shipping-taxable","16":"purchasable","17":"product-type-simple"},"_links":{"self":[{"href":"https:\/\/roveyayinevi.com.tr\/index.php\/wp-json\/wp\/v2\/product\/717691","targetHints":{"allow":["GET"]}}],"collection":[{"href":"https:\/\/roveyayinevi.com.tr\/index.php\/wp-json\/wp\/v2\/product"}],"about":[{"href":"https:\/\/roveyayinevi.com.tr\/index.php\/wp-json\/wp\/v2\/types\/product"}],"wp:attachment":[{"href":"https:\/\/roveyayinevi.com.tr\/index.php\/wp-json\/wp\/v2\/media?parent=717691"}],"wp:term":[{"taxonomy":"product_brand","embeddable":true,"href":"https:\/\/roveyayinevi.com.tr\/index.php\/wp-json\/wp\/v2\/product_brand?post=717691"},{"taxonomy":"product_cat","embeddable":true,"href":"https:\/\/roveyayinevi.com.tr\/index.php\/wp-json\/wp\/v2\/product_cat?post=717691"},{"taxonomy":"product_tag","embeddable":true,"href":"https:\/\/roveyayinevi.com.tr\/index.php\/wp-json\/wp\/v2\/product_tag?post=717691"}],"curies":[{"name":"wp","href":"https:\/\/api.w.org\/{rel}","templated":true}]}}