{"id":717690,"date":"2025-08-27T17:58:55","date_gmt":"2025-08-27T14:58:55","guid":{"rendered":"https:\/\/roveyayinevi.com.tr\/index.php\/urun\/koza-2\/"},"modified":"2026-04-16T02:25:51","modified_gmt":"2026-04-15T23:25:51","slug":"koza-2","status":"publish","type":"product","link":"https:\/\/roveyayinevi.com.tr\/index.php\/urun\/koza-2\/","title":{"rendered":"Koza"},"content":{"rendered":"<p>Farkl\u0131 manzaralar\u0131 g\u00f6ren bir evin, bakt\u0131\u011f\u0131m\u0131z penceresine g\u00f6re de\u011fi\u015fir hayat\u0131n yorumu. Hayat\u0131m\u0131za girenler ve \u00e7\u0131kanlar, bizi yaralayanlar ya da mesut edenlerden ziyade, as\u0131l olan bakt\u0131\u011f\u0131m\u0131z pencereden ne g\u00f6rd\u00fc\u011f\u00fcm\u00fczd\u00fcr. S\u0131r, ayna da kendini do\u011fru okumak ve \u00f6ze ula\u015fmakla \u00e7\u00f6z\u00fcl\u00fcr. Macera kendini fark etti\u011fin anda, yeniden ba\u015flar. Koza\u2019y\u0131 okurken kahramanlar\u0131n hik\u00e2yesiyle birlikte, kendi hayat hikayenizi yeniden yorumlay\u0131p; sabr\u0131n, umudun ve sevginin iyile\u015ftirici g\u00fcc\u00fcn\u00fc g\u00f6receksiniz. <\/p>\n","protected":false},"excerpt":{"rendered":"<p>Farkl\u0131 manzaralar\u0131 g\u00f6ren bir evin, bakt\u0131\u011f\u0131m\u0131z penceresine g\u00f6re de\u011fi\u015fir hayat\u0131n yorumu. Hayat\u0131m\u0131za girenler ve \u00e7\u0131kanlar, bizi yaralayanlar ya da mesut edenlerden ziyade, as\u0131l olan bakt\u0131\u011f\u0131m\u0131z pencereden<span class=\"excerpt-hellip\"> [\u2026]<\/span><\/p>\n","protected":false},"featured_media":0,"template":"","meta":{"_monsterinsights_skip_tracking":false,"_monsterinsights_sitenote_active":false,"_monsterinsights_sitenote_note":"","_monsterinsights_sitenote_category":0},"product_brand":[],"product_cat":[12291,12711],"product_tag":[],"class_list":{"0":"post-717690","1":"product","2":"type-product","3":"status-publish","5":"product_cat-edebiyat","6":"product_cat-roman-oyku","7":"pa_cilt-ciltsiz","8":"pa_tur-kitap","9":"pa_yayinevi-meric-yayinlari","10":"pa_yazar-aysun-arifoglu-tekin","12":"first","13":"instock","14":"sale","15":"shipping-taxable","16":"purchasable","17":"product-type-simple"},"_links":{"self":[{"href":"https:\/\/roveyayinevi.com.tr\/index.php\/wp-json\/wp\/v2\/product\/717690","targetHints":{"allow":["GET"]}}],"collection":[{"href":"https:\/\/roveyayinevi.com.tr\/index.php\/wp-json\/wp\/v2\/product"}],"about":[{"href":"https:\/\/roveyayinevi.com.tr\/index.php\/wp-json\/wp\/v2\/types\/product"}],"wp:attachment":[{"href":"https:\/\/roveyayinevi.com.tr\/index.php\/wp-json\/wp\/v2\/media?parent=717690"}],"wp:term":[{"taxonomy":"product_brand","embeddable":true,"href":"https:\/\/roveyayinevi.com.tr\/index.php\/wp-json\/wp\/v2\/product_brand?post=717690"},{"taxonomy":"product_cat","embeddable":true,"href":"https:\/\/roveyayinevi.com.tr\/index.php\/wp-json\/wp\/v2\/product_cat?post=717690"},{"taxonomy":"product_tag","embeddable":true,"href":"https:\/\/roveyayinevi.com.tr\/index.php\/wp-json\/wp\/v2\/product_tag?post=717690"}],"curies":[{"name":"wp","href":"https:\/\/api.w.org\/{rel}","templated":true}]}}